{"id":29793,"date":"2025-07-15T09:28:36","date_gmt":"2025-07-15T07:28:36","guid":{"rendered":"https:\/\/itctoursvoyages.com\/?post_type=product&#038;p=29793"},"modified":"2026-04-06T04:15:44","modified_gmt":"2026-04-06T02:15:44","slug":"full-moon-party-transfert-aller-retour-en-speed-boat-depuis-koh-samui","status":"publish","type":"product","link":"https:\/\/lunayatravel.com\/en\/product\/full-moon-party-transfert-aller-retour-en-speed-boat-depuis-koh-samui\/","title":{"rendered":"Full Moon Party \u2013 Return Transfer from Koh Samui"},"content":{"rendered":"<div class=\"no-scrollbar flex min-h-36 flex-nowrap gap-0.5 overflow-auto sm:gap-1 sm:overflow-hidden xl:min-h-44 mt-1 mb-5 [&amp;:not(:first-child)]:mt-4\">\n<div class=\"border-token-border-default relative w-32 shrink-0 overflow-hidden rounded-xl border-[0.5px] md:shrink max-h-64 sm:w-[calc((100%-0.5rem)\/3)] rounded-s-xl\">\n<div class=\"group\/search-image @container\/search-image relative rounded-[inherit] h-full w-full\">\n<div><\/div>\n<\/div>\n<\/div>\n<div class=\"border-token-border-default relative w-32 shrink-0 overflow-hidden rounded-xl border-[0.5px] md:shrink max-h-64 sm:w-[calc((100%-0.5rem)\/3)]\">\n<div class=\"group\/search-image @container\/search-image relative rounded-[inherit] h-full w-full\">\n<div><img loading=\"lazy\" decoding=\"async\" class=\"bg-token-main-surface-tertiary m-0 h-full w-full object-cover alignnone\" src=\"https:\/\/img.avianexperiences.com\/trek\/e64c29e5-7404-497f-8d97-8e3897f035e4\" alt=\"full moon\" width=\"1400\" height=\"933\" \/><\/div>\n<\/div>\n<\/div>\n<div class=\"border-token-border-default relative w-32 shrink-0 overflow-hidden rounded-xl border-[0.5px] md:shrink max-h-64 sm:w-[calc((100%-0.5rem)\/3)] rounded-e-xl\">\n<div class=\"group\/search-image @container\/search-image relative rounded-[inherit] h-full w-full\">\n<div><img loading=\"lazy\" decoding=\"async\" class=\"bg-token-main-surface-tertiary m-0 h-full w-full object-cover alignnone\" src=\"https:\/\/cdn.getyourguide.com\/img\/tour\/ccda93b2b12a8b54357898671d43b0c32bdc64bfb5bec27ed70473f3fc9da908.jpg\/99.jpg\" alt=\"full moon\" width=\"1585\" height=\"792\" \/><\/div>\n<div class=\"pointer-events-none absolute inset-x-2 bottom-2 z-0 flex max-w-[calc(100%-1rem)] flex-wrap items-end justify-end gap-1.5\">\n<div class=\"shrink-0\">\n<div class=\"flex items-center gap-1 rounded-full px-2 py-1.5 text-white backdrop-blur-md backdrop-brightness-75\"><\/div>\n<\/div>\n<\/div>\n<\/div>\n<\/div>\n<\/div>\n<p data-start=\"245\" data-end=\"393\"><strong data-start=\"245\" data-end=\"391\">Rejoignez la c\u00e9l\u00e8bre Full Moon Party \u00e0 Koh Phangan facilement et en toute s\u00e9curit\u00e9 gr\u00e2ce \u00e0 un transfert rapide en speed boat depuis Koh Samui.<\/strong><\/p>\n<p data-start=\"395\" data-end=\"515\">\u00c9vitez les longues attentes et profitez d\u2019une solution simple, flexible et festive pour vivre cette soir\u00e9e embl\u00e9matique.<\/p>\n<hr data-start=\"517\" data-end=\"520\" \/>\n<h2 data-section-id=\"el2qle\" data-start=\"522\" data-end=\"579\">Pourquoi choisir ce transfert Full Moon Party ?<\/h2>\n<ul data-start=\"581\" data-end=\"788\">\n<li data-section-id=\"hbkkha\" data-start=\"581\" data-end=\"615\">Travers\u00e9e rapide en speed boat<\/li>\n<li data-section-id=\"1ivx5nz\" data-start=\"616\" data-end=\"664\">D\u00e9parts flexibles tout au long de la journ\u00e9e<\/li>\n<li data-section-id=\"ve8yb7\" data-start=\"665\" data-end=\"704\">Retours tardifs adapt\u00e9s \u00e0 la soir\u00e9e<\/li>\n<li data-section-id=\"1azfglz\" data-start=\"705\" data-end=\"753\">Navette incluse depuis la plupart des h\u00f4tels<\/li>\n<li data-section-id=\"1jsykq9\" data-start=\"754\" data-end=\"788\">Solution simple et sans stress<\/li>\n<\/ul>\n<hr data-start=\"790\" data-end=\"793\" \/>\n<h2 data-section-id=\"xzojd5\" data-start=\"795\" data-end=\"832\">Programme et fonctionnement<\/h2>\n<h3 data-section-id=\"10hvbnw\" data-start=\"834\" data-end=\"868\">\u00a0D\u00e9part depuis Koh Samui<\/h3>\n<p data-start=\"912\" data-end=\"991\">Prise en charge depuis votre h\u00f4tel (selon zone), puis transfert vers le port.<\/p>\n<p data-start=\"993\" data-end=\"1066\">Embarquement en speed boat direction<a href=\"https:\/\/lunayatravel.com\/%f0%9f%8c%b4-koh-phangan-bien-plus-que-la-full-moon\/\"> Koh Phangan <\/a>et la plage de Haad Rin.<\/p>\n<p data-start=\"1068\" data-end=\"1110\"><span class=\"hover:entity-accent entity-underline inline cursor-pointer align-baseline\"><span class=\"whitespace-normal\">Haad Rin<\/span><\/span><\/p>\n<hr data-start=\"1112\" data-end=\"1115\" \/>\n<h3 data-section-id=\"18gjv94\" data-start=\"1117\" data-end=\"1146\">\u00a0Horaires flexibles<\/h3>\n<ul data-start=\"1148\" data-end=\"1257\">\n<li data-section-id=\"8o0vi0\" data-start=\"1148\" data-end=\"1203\">D\u00e9parts toutes les heures entre <strong data-start=\"1182\" data-end=\"1201\">12h30 et minuit<\/strong><\/li>\n<li data-section-id=\"1ax6fyi\" data-start=\"1204\" data-end=\"1257\">Retours entre <strong data-start=\"1220\" data-end=\"1255\">00h00 et 07h00 (dernier bateau)<\/strong><\/li>\n<\/ul>\n<p data-start=\"1259\" data-end=\"1311\">\u00a0Vous choisissez votre horaire selon votre rythme.<\/p>\n<hr data-start=\"1313\" data-end=\"1316\" \/>\n<h3 data-section-id=\"1rod4xe\" data-start=\"1318\" data-end=\"1351\">Retour apr\u00e8s la soir\u00e9e<\/h3>\n<div class=\"no-scrollbar flex min-h-36 flex-nowrap gap-0.5 overflow-auto sm:gap-1 sm:overflow-hidden xl:min-h-44 mt-1 mb-5 [&amp;:not(:first-child)]:mt-4\">\n<div class=\"border-token-border-default relative w-32 shrink-0 overflow-hidden rounded-xl border-[0.5px] md:shrink max-h-64 sm:w-[calc((100%-0.5rem)\/3)] rounded-s-xl\">\n<div class=\"group\/search-image @container\/search-image relative rounded-[inherit] h-full w-full\">\n<div><\/div>\n<\/div>\n<\/div>\n<div class=\"border-token-border-default relative w-32 shrink-0 overflow-hidden rounded-xl border-[0.5px] md:shrink max-h-64 sm:w-[calc((100%-0.5rem)\/3)]\">\n<div class=\"group\/search-image @container\/search-image relative rounded-[inherit] h-full w-full\">\n<div><img loading=\"lazy\" decoding=\"async\" class=\"bg-token-main-surface-tertiary m-0 h-full w-full object-cover alignnone\" src=\"https:\/\/d2cazmkfw8kdtj.cloudfront.net\/Tour-Images\/Final\/Koh-Phangan-Full-Moon-Party-by-Speed-Boat-509889\/1768297905452_3_2.jpg\" alt=\"full moon\" width=\"1200\" height=\"800\" \/><\/div>\n<\/div>\n<\/div>\n<div class=\"border-token-border-default relative w-32 shrink-0 overflow-hidden rounded-xl border-[0.5px] md:shrink max-h-64 sm:w-[calc((100%-0.5rem)\/3)] rounded-e-xl\">\n<div class=\"group\/search-image @container\/search-image relative rounded-[inherit] h-full w-full\">\n<div><\/div>\n<div class=\"pointer-events-none absolute inset-x-2 bottom-2 z-0 flex max-w-[calc(100%-1rem)] flex-wrap items-end justify-end gap-1.5\">\n<div class=\"shrink-0\">\n<div class=\"flex items-center gap-1 rounded-full px-2 py-1.5 text-white backdrop-blur-md backdrop-brightness-75\"><\/div>\n<\/div>\n<\/div>\n<\/div>\n<\/div>\n<\/div>\n<p data-start=\"1395\" data-end=\"1488\">Apr\u00e8s la Full Moon Party, retour en speed boat vers Koh Samui selon les horaires disponibles.<\/p>\n<p data-start=\"1490\" data-end=\"1524\">Transfert retour vers votre h\u00f4tel.<\/p>\n<hr data-start=\"1526\" data-end=\"1529\" \/>\n<h2 data-section-id=\"m50aq\" data-start=\"1531\" data-end=\"1558\">\u00a0Ce qui est inclus<\/h2>\n<ul data-start=\"1560\" data-end=\"1740\">\n<li data-section-id=\"1pkfifn\" data-start=\"1560\" data-end=\"1600\">Transfert aller-retour en speed boat<\/li>\n<li data-section-id=\"1d4y923\" data-start=\"1601\" data-end=\"1639\">D\u00e9parts r\u00e9guliers toute la journ\u00e9e<\/li>\n<li data-section-id=\"rw0ux8\" data-start=\"1640\" data-end=\"1671\">Retours adapt\u00e9s \u00e0 la soir\u00e9e<\/li>\n<li data-section-id=\"1v2k7rw\" data-start=\"1672\" data-end=\"1712\">Navette depuis la plupart des h\u00f4tels<\/li>\n<li data-section-id=\"1sh9h2b\" data-start=\"1713\" data-end=\"1740\">Ambiance festive \u00e0 bord<\/li>\n<\/ul>\n<hr data-start=\"1742\" data-end=\"1745\" \/>\n<h2 data-section-id=\"f4yctm\" data-start=\"1747\" data-end=\"1781\">Informations importantes<\/h2>\n<ul data-start=\"1783\" data-end=\"2061\">\n<li data-section-id=\"wutsz6\" data-start=\"1783\" data-end=\"1864\">Le ticket d\u2019entr\u00e9e \u00e0 la Full Moon Party n\u2019est pas inclus (paiement sur place)<\/li>\n<li data-section-id=\"dliajp\" data-start=\"1865\" data-end=\"1921\">Suppl\u00e9ment de 300 THB pour certaines zones \u00e9loign\u00e9es<\/li>\n<li data-section-id=\"yyci6d\" data-start=\"1922\" data-end=\"1975\">Aucun remboursement en cas de retard ou d\u2019absence<\/li>\n<li data-section-id=\"zhd075\" data-start=\"1976\" data-end=\"2061\">Il est recommand\u00e9 de nous contacter avant r\u00e9servation pour confirmer les horaires<\/li>\n<\/ul>\n<hr data-start=\"2063\" data-end=\"2066\" \/>\n<h2 data-section-id=\"tyonvw\" data-start=\"2068\" data-end=\"2110\">\u00a0Conseils pour la Full Moon Party<\/h2>\n<ul data-start=\"2112\" data-end=\"2272\">\n<li data-section-id=\"jss9gb\" data-start=\"2112\" data-end=\"2157\">Pr\u00e9voir de l\u2019argent liquide pour l\u2019entr\u00e9e<\/li>\n<li data-section-id=\"1djl5xq\" data-start=\"2158\" data-end=\"2196\">Porter des chaussures confortables<\/li>\n<li data-section-id=\"1lnay1\" data-start=\"2197\" data-end=\"2239\">\u00c9viter d\u2019emporter des objets de valeur<\/li>\n<li data-section-id=\"1y13c9t\" data-start=\"2240\" data-end=\"2272\">V\u00e9rifier l\u2019horaire de retour<\/li>\n<\/ul>\n","protected":false},"excerpt":{"rendered":"<p>&nbsp;<\/p>\n<p data-start=\"104\" data-end=\"481\"><strong data-start=\"104\" data-end=\"261\">Leave Koh Samui by speed boat and enjoy a safe round trip to the legendary Full Moon Party at Haad Rin, on the island of Koh Phangan.<\/strong><br data-start=\"261\" data-end=\"264\" \/>Several <strong data-start=\"276\" data-end=\"308\">flexible departure times<\/strong> are offered <strong data-start=\"323\" data-end=\"358\">from 17:00 until 02:00<\/strong>, So you can arrive at a time that suits you and take full advantage of the unique party atmosphere.<\/p>\n<p data-start=\"488\" data-end=\"729\">For the return journey <strong data-start=\"508\" data-end=\"611\">speedboat transfers are organised every hour from midnight to 7am<\/strong>, giving you total freedom to leave whenever you like, in complete safety, even in the dead of night.<\/p>\n<p data-start=\"736\" data-end=\"857\">It's the ideal way to enjoy a stress-free Full Moon Party, with no transport worries and maximum flexibility.<\/p>","protected":false},"featured_media":29794,"comment_status":"open","ping_status":"closed","template":"","meta":{"_uag_custom_page_level_css":""},"product_brand":[],"product_cat":[31],"product_tag":[],"class_list":{"0":"post-29793","1":"product","2":"type-product","3":"status-publish","4":"has-post-thumbnail","6":"product_cat-samui","8":"first","9":"instock","10":"virtual","11":"taxable","12":"purchasable","13":"product-type-simple"},"yoast_head":"<!-- This site is optimized with the Yoast SEO plugin v27.1.1 - https:\/\/yoast.com\/product\/yoast-seo-wordpress\/ -->\n<title>Full Moon: Transfert Rapide pour la F\u00eate -<\/title>\n<meta name=\"description\" content=\"Transfert Full Moon Party depuis Koh Samui : speed boat aller-retour, horaires flexibles et navette h\u00f4tel incluse pour rejoindre Haad Rin facilement.\" \/>\n<meta name=\"robots\" content=\"index, follow, max-snippet:-1, max-image-preview:large, max-video-preview:-1\" \/>\n<link rel=\"canonical\" href=\"https:\/\/lunayatravel.com\/en\/product\/full-moon-party-transfert-aller-retour-en-speed-boat-depuis-koh-samui\/\" \/>\n<meta property=\"og:locale\" content=\"en_GB\" \/>\n<meta property=\"og:type\" content=\"article\" \/>\n<meta property=\"og:title\" content=\"Full Moon: Transfert Rapide pour la F\u00eate -\" \/>\n<meta property=\"og:description\" content=\"Transfert Full Moon Party depuis Koh Samui : speed boat aller-retour, horaires flexibles et navette h\u00f4tel incluse pour rejoindre Haad Rin facilement.\" \/>\n<meta property=\"og:url\" content=\"https:\/\/lunayatravel.com\/en\/product\/full-moon-party-transfert-aller-retour-en-speed-boat-depuis-koh-samui\/\" \/>\n<meta property=\"article:publisher\" content=\"https:\/\/www.facebook.com\/lunayaTravel\/\" \/>\n<meta property=\"article:modified_time\" content=\"2026-04-06T02:15:44+00:00\" \/>\n<meta property=\"og:image\" content=\"https:\/\/lunayatravel.com\/wp-content\/uploads\/2025\/07\/OIP-15.jpg\" \/>\n\t<meta property=\"og:image:width\" content=\"1280\" \/>\n\t<meta property=\"og:image:height\" content=\"853\" \/>\n\t<meta property=\"og:image:type\" content=\"image\/jpeg\" \/>\n<meta name=\"twitter:card\" content=\"summary_large_image\" \/>\n<meta name=\"twitter:label1\" content=\"Estimated reading time\" \/>\n\t<meta name=\"twitter:data1\" content=\"3 minutes\" \/>\n<script type=\"application\/ld+json\" class=\"yoast-schema-graph\">{\"@context\":\"https:\/\/schema.org\",\"@graph\":[{\"@type\":\"WebPage\",\"@id\":\"https:\/\/lunayatravel.com\/produit\/full-moon-party-transfert-aller-retour-en-speed-boat-depuis-koh-samui\/\",\"url\":\"https:\/\/lunayatravel.com\/produit\/full-moon-party-transfert-aller-retour-en-speed-boat-depuis-koh-samui\/\",\"name\":\"Full Moon: Transfert Rapide pour la F\u00eate -\",\"isPartOf\":{\"@id\":\"https:\/\/lunayatravel.com\/#website\"},\"primaryImageOfPage\":{\"@id\":\"https:\/\/lunayatravel.com\/produit\/full-moon-party-transfert-aller-retour-en-speed-boat-depuis-koh-samui\/#primaryimage\"},\"image\":{\"@id\":\"https:\/\/lunayatravel.com\/produit\/full-moon-party-transfert-aller-retour-en-speed-boat-depuis-koh-samui\/#primaryimage\"},\"thumbnailUrl\":\"https:\/\/lunayatravel.com\/wp-content\/uploads\/2025\/07\/OIP-15.jpg\",\"datePublished\":\"2025-07-15T07:28:36+00:00\",\"dateModified\":\"2026-04-06T02:15:44+00:00\",\"description\":\"Transfert Full Moon Party depuis Koh Samui : speed boat aller-retour, horaires flexibles et navette h\u00f4tel incluse pour rejoindre Haad Rin facilement.\",\"breadcrumb\":{\"@id\":\"https:\/\/lunayatravel.com\/produit\/full-moon-party-transfert-aller-retour-en-speed-boat-depuis-koh-samui\/#breadcrumb\"},\"inLanguage\":\"en-GB\",\"potentialAction\":[{\"@type\":\"ReadAction\",\"target\":[\"https:\/\/lunayatravel.com\/produit\/full-moon-party-transfert-aller-retour-en-speed-boat-depuis-koh-samui\/\"]}]},{\"@type\":\"ImageObject\",\"inLanguage\":\"en-GB\",\"@id\":\"https:\/\/lunayatravel.com\/produit\/full-moon-party-transfert-aller-retour-en-speed-boat-depuis-koh-samui\/#primaryimage\",\"url\":\"https:\/\/lunayatravel.com\/wp-content\/uploads\/2025\/07\/OIP-15.jpg\",\"contentUrl\":\"https:\/\/lunayatravel.com\/wp-content\/uploads\/2025\/07\/OIP-15.jpg\",\"width\":1280,\"height\":853},{\"@type\":\"BreadcrumbList\",\"@id\":\"https:\/\/lunayatravel.com\/produit\/full-moon-party-transfert-aller-retour-en-speed-boat-depuis-koh-samui\/#breadcrumb\",\"itemListElement\":[{\"@type\":\"ListItem\",\"position\":1,\"name\":\"Accueil\",\"item\":\"https:\/\/lunayatravel.com\/\"},{\"@type\":\"ListItem\",\"position\":2,\"name\":\"Nos activit\u00e9s\",\"item\":\"https:\/\/lunayatravel.com\/nos-activites\/\"},{\"@type\":\"ListItem\",\"position\":3,\"name\":\"Full Moon Party \u2013 Transfert aller-retour depuis Koh Samui\"}]},{\"@type\":\"WebSite\",\"@id\":\"https:\/\/lunayatravel.com\/#website\",\"url\":\"https:\/\/lunayatravel.com\/\",\"name\":\"\",\"description\":\"\",\"publisher\":{\"@id\":\"https:\/\/lunayatravel.com\/#organization\"},\"potentialAction\":[{\"@type\":\"SearchAction\",\"target\":{\"@type\":\"EntryPoint\",\"urlTemplate\":\"https:\/\/lunayatravel.com\/?s={search_term_string}\"},\"query-input\":{\"@type\":\"PropertyValueSpecification\",\"valueRequired\":true,\"valueName\":\"search_term_string\"}}],\"inLanguage\":\"en-GB\"},{\"@type\":\"Organization\",\"@id\":\"https:\/\/lunayatravel.com\/#organization\",\"name\":\"Lunaya travel\",\"alternateName\":\"Lunaya travel\",\"url\":\"https:\/\/lunayatravel.com\/\",\"logo\":{\"@type\":\"ImageObject\",\"inLanguage\":\"en-GB\",\"@id\":\"https:\/\/lunayatravel.com\/#\/schema\/logo\/image\/\",\"url\":\"https:\/\/lunayatravel.com\/wp-content\/uploads\/2026\/03\/cropped-647319118_2379115739204013_337015058165053143_n.jpg\",\"contentUrl\":\"https:\/\/lunayatravel.com\/wp-content\/uploads\/2026\/03\/cropped-647319118_2379115739204013_337015058165053143_n.jpg\",\"width\":1022,\"height\":1023,\"caption\":\"Lunaya travel\"},\"image\":{\"@id\":\"https:\/\/lunayatravel.com\/#\/schema\/logo\/image\/\"},\"sameAs\":[\"https:\/\/www.facebook.com\/lunayaTravel\/\"]}]}<\/script>\n<!-- \/ Yoast SEO plugin. -->","yoast_head_json":{"title":"Full Moon: Transfert Rapide pour la F\u00eate -","description":"Transfert Full Moon Party depuis Koh Samui : speed boat aller-retour, horaires flexibles et navette h\u00f4tel incluse pour rejoindre Haad Rin facilement.","robots":{"index":"index","follow":"follow","max-snippet":"max-snippet:-1","max-image-preview":"max-image-preview:large","max-video-preview":"max-video-preview:-1"},"canonical":"https:\/\/lunayatravel.com\/en\/product\/full-moon-party-transfert-aller-retour-en-speed-boat-depuis-koh-samui\/","og_locale":"en_GB","og_type":"article","og_title":"Full Moon: Transfert Rapide pour la F\u00eate -","og_description":"Transfert Full Moon Party depuis Koh Samui : speed boat aller-retour, horaires flexibles et navette h\u00f4tel incluse pour rejoindre Haad Rin facilement.","og_url":"https:\/\/lunayatravel.com\/en\/product\/full-moon-party-transfert-aller-retour-en-speed-boat-depuis-koh-samui\/","article_publisher":"https:\/\/www.facebook.com\/lunayaTravel\/","article_modified_time":"2026-04-06T02:15:44+00:00","og_image":[{"width":1280,"height":853,"url":"https:\/\/lunayatravel.com\/wp-content\/uploads\/2025\/07\/OIP-15.jpg","type":"image\/jpeg"}],"twitter_card":"summary_large_image","twitter_misc":{"Estimated reading time":"3 minutes"},"schema":{"@context":"https:\/\/schema.org","@graph":[{"@type":"WebPage","@id":"https:\/\/lunayatravel.com\/produit\/full-moon-party-transfert-aller-retour-en-speed-boat-depuis-koh-samui\/","url":"https:\/\/lunayatravel.com\/produit\/full-moon-party-transfert-aller-retour-en-speed-boat-depuis-koh-samui\/","name":"Full Moon: Transfert Rapide pour la F\u00eate -","isPartOf":{"@id":"https:\/\/lunayatravel.com\/#website"},"primaryImageOfPage":{"@id":"https:\/\/lunayatravel.com\/produit\/full-moon-party-transfert-aller-retour-en-speed-boat-depuis-koh-samui\/#primaryimage"},"image":{"@id":"https:\/\/lunayatravel.com\/produit\/full-moon-party-transfert-aller-retour-en-speed-boat-depuis-koh-samui\/#primaryimage"},"thumbnailUrl":"https:\/\/lunayatravel.com\/wp-content\/uploads\/2025\/07\/OIP-15.jpg","datePublished":"2025-07-15T07:28:36+00:00","dateModified":"2026-04-06T02:15:44+00:00","description":"Transfert Full Moon Party depuis Koh Samui : speed boat aller-retour, horaires flexibles et navette h\u00f4tel incluse pour rejoindre Haad Rin facilement.","breadcrumb":{"@id":"https:\/\/lunayatravel.com\/produit\/full-moon-party-transfert-aller-retour-en-speed-boat-depuis-koh-samui\/#breadcrumb"},"inLanguage":"en-GB","potentialAction":[{"@type":"ReadAction","target":["https:\/\/lunayatravel.com\/produit\/full-moon-party-transfert-aller-retour-en-speed-boat-depuis-koh-samui\/"]}]},{"@type":"ImageObject","inLanguage":"en-GB","@id":"https:\/\/lunayatravel.com\/produit\/full-moon-party-transfert-aller-retour-en-speed-boat-depuis-koh-samui\/#primaryimage","url":"https:\/\/lunayatravel.com\/wp-content\/uploads\/2025\/07\/OIP-15.jpg","contentUrl":"https:\/\/lunayatravel.com\/wp-content\/uploads\/2025\/07\/OIP-15.jpg","width":1280,"height":853},{"@type":"BreadcrumbList","@id":"https:\/\/lunayatravel.com\/produit\/full-moon-party-transfert-aller-retour-en-speed-boat-depuis-koh-samui\/#breadcrumb","itemListElement":[{"@type":"ListItem","position":1,"name":"Accueil","item":"https:\/\/lunayatravel.com\/"},{"@type":"ListItem","position":2,"name":"Nos activit\u00e9s","item":"https:\/\/lunayatravel.com\/nos-activites\/"},{"@type":"ListItem","position":3,"name":"Full Moon Party \u2013 Transfert aller-retour depuis Koh Samui"}]},{"@type":"WebSite","@id":"https:\/\/lunayatravel.com\/#website","url":"https:\/\/lunayatravel.com\/","name":"","description":"","publisher":{"@id":"https:\/\/lunayatravel.com\/#organization"},"potentialAction":[{"@type":"SearchAction","target":{"@type":"EntryPoint","urlTemplate":"https:\/\/lunayatravel.com\/?s={search_term_string}"},"query-input":{"@type":"PropertyValueSpecification","valueRequired":true,"valueName":"search_term_string"}}],"inLanguage":"en-GB"},{"@type":"Organization","@id":"https:\/\/lunayatravel.com\/#organization","name":"Lunaya travel","alternateName":"Lunaya travel","url":"https:\/\/lunayatravel.com\/","logo":{"@type":"ImageObject","inLanguage":"en-GB","@id":"https:\/\/lunayatravel.com\/#\/schema\/logo\/image\/","url":"https:\/\/lunayatravel.com\/wp-content\/uploads\/2026\/03\/cropped-647319118_2379115739204013_337015058165053143_n.jpg","contentUrl":"https:\/\/lunayatravel.com\/wp-content\/uploads\/2026\/03\/cropped-647319118_2379115739204013_337015058165053143_n.jpg","width":1022,"height":1023,"caption":"Lunaya travel"},"image":{"@id":"https:\/\/lunayatravel.com\/#\/schema\/logo\/image\/"},"sameAs":["https:\/\/www.facebook.com\/lunayaTravel\/"]}]}},"uagb_featured_image_src":{"full":["https:\/\/lunayatravel.com\/wp-content\/uploads\/2025\/07\/OIP-15.jpg",1280,853,false],"thumbnail":["https:\/\/lunayatravel.com\/wp-content\/uploads\/2025\/07\/OIP-15-150x150.jpg",150,150,true],"medium":["https:\/\/lunayatravel.com\/wp-content\/uploads\/2025\/07\/OIP-15-300x200.jpg",300,200,true],"medium_large":["https:\/\/lunayatravel.com\/wp-content\/uploads\/2025\/07\/OIP-15-768x512.jpg",768,512,true],"large":["https:\/\/lunayatravel.com\/wp-content\/uploads\/2025\/07\/OIP-15-1024x682.jpg",1024,682,true],"1536x1536":["https:\/\/lunayatravel.com\/wp-content\/uploads\/2025\/07\/OIP-15.jpg",1280,853,false],"2048x2048":["https:\/\/lunayatravel.com\/wp-content\/uploads\/2025\/07\/OIP-15.jpg",1280,853,false],"trp-custom-language-flag":["https:\/\/lunayatravel.com\/wp-content\/uploads\/2025\/07\/OIP-15.jpg",18,12,false],"widget-thumbnail":["https:\/\/lunayatravel.com\/wp-content\/uploads\/2025\/07\/OIP-15-75x75.jpg",75,75,true],"mailpoet_newsletter_max":["https:\/\/lunayatravel.com\/wp-content\/uploads\/2025\/07\/OIP-15.jpg",1280,853,false],"woocommerce_thumbnail":["https:\/\/lunayatravel.com\/wp-content\/uploads\/2025\/07\/OIP-15-300x300.jpg",300,300,true],"woocommerce_single":["https:\/\/lunayatravel.com\/wp-content\/uploads\/2025\/07\/OIP-15-600x400.jpg",600,400,true],"woocommerce_gallery_thumbnail":["https:\/\/lunayatravel.com\/wp-content\/uploads\/2025\/07\/OIP-15-100x100.jpg",100,100,true],"sow-carousel-default":["https:\/\/lunayatravel.com\/wp-content\/uploads\/2025\/07\/OIP-15-272x182.jpg",272,182,true]},"uagb_author_info":{"display_name":"haemers stephanie","author_link":"https:\/\/lunayatravel.com\/en\/author\/"},"uagb_comment_info":0,"uagb_excerpt":"&nbsp; Partez de Koh Samui en speed boat et profitez d\u2019un aller-retour s\u00e9curis\u00e9 pour rejoindre la mythique Full Moon Party \u00e0 Haad Rin, sur l\u2019\u00eele de Koh Phangan.Plusieurs horaires de d\u00e9part flexibles sont propos\u00e9s \u00e0 partir de 17h00 jusqu\u2019\u00e0 02h00, afin de vous permettre d\u2019arriver \u00e0 l\u2019heure qui vous convient et de profiter pleinement de&hellip;","jetpack_sharing_enabled":true,"_links":{"self":[{"href":"https:\/\/lunayatravel.com\/en\/wp-json\/wp\/v2\/product\/29793","targetHints":{"allow":["GET"]}}],"collection":[{"href":"https:\/\/lunayatravel.com\/en\/wp-json\/wp\/v2\/product"}],"about":[{"href":"https:\/\/lunayatravel.com\/en\/wp-json\/wp\/v2\/types\/product"}],"replies":[{"embeddable":true,"href":"https:\/\/lunayatravel.com\/en\/wp-json\/wp\/v2\/comments?post=29793"}],"wp:featuredmedia":[{"embeddable":true,"href":"https:\/\/lunayatravel.com\/en\/wp-json\/wp\/v2\/media\/29794"}],"wp:attachment":[{"href":"https:\/\/lunayatravel.com\/en\/wp-json\/wp\/v2\/media?parent=29793"}],"wp:term":[{"taxonomy":"product_brand","embeddable":true,"href":"https:\/\/lunayatravel.com\/en\/wp-json\/wp\/v2\/product_brand?post=29793"},{"taxonomy":"product_cat","embeddable":true,"href":"https:\/\/lunayatravel.com\/en\/wp-json\/wp\/v2\/product_cat?post=29793"},{"taxonomy":"product_tag","embeddable":true,"href":"https:\/\/lunayatravel.com\/en\/wp-json\/wp\/v2\/product_tag?post=29793"}],"curies":[{"name":"wp","href":"https:\/\/api.w.org\/{rel}","templated":true}]}}