{"id":29727,"date":"2025-07-15T05:43:53","date_gmt":"2025-07-15T03:43:53","guid":{"rendered":"https:\/\/itctoursvoyages.com\/?post_type=product&#038;p=29727"},"modified":"2026-04-06T04:22:13","modified_gmt":"2026-04-06T02:22:13","slug":"peche-en-mer-journee-ou-nuit-a-koh-samui","status":"publish","type":"product","link":"https:\/\/lunayatravel.com\/en\/product\/peche-en-mer-journee-ou-nuit-a-koh-samui\/","title":{"rendered":"Sea Fishing \u2013 Day or Night Trip on a Traditional Boat"},"content":{"rendered":"<div class=\"no-scrollbar flex min-h-36 flex-nowrap gap-0.5 overflow-auto sm:gap-1 sm:overflow-hidden xl:min-h-44 mt-1 mb-5 [&amp;:not(:first-child)]:mt-4\">\n<div class=\"border-token-border-default relative w-32 shrink-0 overflow-hidden rounded-xl border-[0.5px] md:shrink max-h-64 sm:w-[calc((100%-0.5rem)\/3)] rounded-s-xl\">\n<div class=\"group\/search-image @container\/search-image relative rounded-[inherit] h-full w-full\">\n<div><\/div>\n<\/div>\n<\/div>\n<div class=\"border-token-border-default relative w-32 shrink-0 overflow-hidden rounded-xl border-[0.5px] md:shrink max-h-64 sm:w-[calc((100%-0.5rem)\/3)]\">\n<div class=\"group\/search-image @container\/search-image relative rounded-[inherit] h-full w-full\">\n<div><\/div>\n<\/div>\n<\/div>\n<div class=\"border-token-border-default relative w-32 shrink-0 overflow-hidden rounded-xl border-[0.5px] md:shrink max-h-64 sm:w-[calc((100%-0.5rem)\/3)] rounded-e-xl\">\n<div class=\"group\/search-image @container\/search-image relative rounded-[inherit] h-full w-full\">\n<div><img loading=\"lazy\" decoding=\"async\" class=\"bg-token-main-surface-tertiary m-0 h-full w-full object-cover alignnone\" src=\"https:\/\/images.openai.com\/static-rsc-1\/LJcJwPzzHsR1_4TbDiz8kOPtpAO_tCnSKmN0vPji408IwIYHr1MzUHNS_CqEonn0WyFx1_TjyrwiuQyYXPnZ_ROcPcwBZBkbLuiclRGFOMGLgcRT_Qn-acBxcnqmuoKpTGHKM9Vq7ppH3tZrTlenug\" alt=\"peche en mer\" width=\"309\" height=\"163\" \/><\/div>\n<div class=\"pointer-events-none absolute inset-x-2 bottom-2 z-0 flex max-w-[calc(100%-1rem)] flex-wrap items-end justify-end gap-1.5\">\n<div class=\"shrink-0\">\n<div class=\"flex items-center gap-1 rounded-full px-2 py-1.5 text-white backdrop-blur-md backdrop-brightness-75\"><\/div>\n<\/div>\n<\/div>\n<\/div>\n<\/div>\n<\/div>\n<p data-start=\"250\" data-end=\"375\"><strong data-start=\"250\" data-end=\"373\">Vivez une exp\u00e9rience authentique de p\u00eache en mer \u00e0 Koh Samui, de jour ou de nuit, \u00e0 bord d\u2019un bateau traditionnel tha\u00ef.<\/strong><\/p>\n<p data-start=\"377\" data-end=\"507\">Entre moments conviviaux, challenge de p\u00eache et repas cuisin\u00e9 \u00e0 bord, cette excursion vous plonge dans une ambiance locale unique.<\/p>\n<hr data-start=\"509\" data-end=\"512\" \/>\n<h2 data-section-id=\"15c8myn\" data-start=\"514\" data-end=\"576\">\u00a0Pourquoi choisir cette excursion p\u00eache \u00e0 Koh Samui ?<\/h2>\n<ul data-start=\"578\" data-end=\"794\">\n<li data-section-id=\"49dysq\" data-start=\"578\" data-end=\"626\">Exp\u00e9rience locale sur un bateau traditionnel<\/li>\n<li data-section-id=\"njz7wl\" data-start=\"627\" data-end=\"666\">P\u00eache accessible \u00e0 tous les niveaux<\/li>\n<li data-section-id=\"1u7s4t\" data-start=\"667\" data-end=\"714\">Possibilit\u00e9 de choisir version jour ou nuit<\/li>\n<li data-section-id=\"ejyo6p\" data-start=\"715\" data-end=\"755\">Repas cuisin\u00e9 \u00e0 bord avec vos prises<\/li>\n<li data-section-id=\"n8xqrm\" data-start=\"756\" data-end=\"794\">Ambiance conviviale et authentique<\/li>\n<\/ul>\n<hr data-start=\"796\" data-end=\"799\" \/>\n<h2 data-section-id=\"1moizn3\" data-start=\"801\" data-end=\"835\">\u00a0Programme de l\u2019excursion<\/h2>\n<h3 data-section-id=\"z8ou8g\" data-start=\"837\" data-end=\"861\">P\u00eache de jour<\/h3>\n<div class=\"no-scrollbar flex min-h-36 flex-nowrap gap-0.5 overflow-auto sm:gap-1 sm:overflow-hidden xl:min-h-44 mt-1 mb-5 [&amp;:not(:first-child)]:mt-4\">\n<div class=\"border-token-border-default relative w-32 shrink-0 overflow-hidden rounded-xl border-[0.5px] md:shrink max-h-64 sm:w-[calc((100%-0.5rem)\/3)] rounded-s-xl\">\n<div class=\"group\/search-image @container\/search-image relative rounded-[inherit] h-full w-full\">\n<div><\/div>\n<\/div>\n<\/div>\n<div class=\"border-token-border-default relative w-32 shrink-0 overflow-hidden rounded-xl border-[0.5px] md:shrink max-h-64 sm:w-[calc((100%-0.5rem)\/3)]\">\n<div class=\"group\/search-image @container\/search-image relative rounded-[inherit] h-full w-full\">\n<div><img loading=\"lazy\" decoding=\"async\" class=\"bg-token-main-surface-tertiary m-0 h-full w-full object-cover alignnone\" src=\"https:\/\/media.tacdn.com\/media\/attractions-splice-spp-674x446\/07\/3d\/82\/66.jpg\" alt=\"p\u00eache en mer\" width=\"669\" height=\"446\" \/><\/div>\n<\/div>\n<\/div>\n<div class=\"border-token-border-default relative w-32 shrink-0 overflow-hidden rounded-xl border-[0.5px] md:shrink max-h-64 sm:w-[calc((100%-0.5rem)\/3)] rounded-e-xl\">\n<div class=\"group\/search-image @container\/search-image relative rounded-[inherit] h-full w-full\">\n<div><\/div>\n<div class=\"pointer-events-none absolute inset-x-2 bottom-2 z-0 flex max-w-[calc(100%-1rem)] flex-wrap items-end justify-end gap-1.5\">\n<div class=\"shrink-0\">\n<div class=\"flex items-center gap-1 rounded-full px-2 py-1.5 text-white backdrop-blur-md backdrop-brightness-75\"><\/div>\n<\/div>\n<\/div>\n<\/div>\n<\/div>\n<\/div>\n<ul data-start=\"905\" data-end=\"1075\">\n<li data-section-id=\"1mbsw8s\" data-start=\"905\" data-end=\"951\"><strong data-start=\"907\" data-end=\"918\">10h00 :<\/strong> Transfert vers la jet\u00e9e Mr. Tu<\/li>\n<li data-section-id=\"14zx270\" data-start=\"952\" data-end=\"1003\"><strong data-start=\"954\" data-end=\"965\">12h00 :<\/strong> D\u00e9but de la p\u00eache &amp; d\u00e9jeuner \u00e0 bord<\/li>\n<li data-section-id=\"62pcot\" data-start=\"1004\" data-end=\"1042\"><strong data-start=\"1006\" data-end=\"1017\">13h00 :<\/strong> Session \u201cgame fishing\u201d<\/li>\n<li data-section-id=\"1166q02\" data-start=\"1043\" data-end=\"1075\"><strong data-start=\"1045\" data-end=\"1056\">16h00 :<\/strong> Retour \u00e0 l\u2019h\u00f4tel<\/li>\n<\/ul>\n<hr data-start=\"1077\" data-end=\"1080\" \/>\n<h3 data-section-id=\"11k6ihg\" data-start=\"1082\" data-end=\"1106\">P\u00eache de nuit<\/h3>\n<ul data-start=\"1150\" data-end=\"1307\">\n<li data-section-id=\"1us4bp9\" data-start=\"1150\" data-end=\"1186\"><strong data-start=\"1152\" data-end=\"1163\">20h00 :<\/strong> Transfert \u00e0 la jet\u00e9e<\/li>\n<li data-section-id=\"1q670ma\" data-start=\"1187\" data-end=\"1235\"><strong data-start=\"1189\" data-end=\"1200\">22h00 :<\/strong> D\u00eener \u00e0 bord &amp; d\u00e9but de la p\u00eache<\/li>\n<li data-section-id=\"isgrq7\" data-start=\"1236\" data-end=\"1274\"><strong data-start=\"1238\" data-end=\"1249\">00h00 :<\/strong> Session \u201cgame fishing\u201d<\/li>\n<li data-section-id=\"1rauaf8\" data-start=\"1275\" data-end=\"1307\"><strong data-start=\"1277\" data-end=\"1288\">01h00 :<\/strong> Retour \u00e0 l\u2019h\u00f4tel<\/li>\n<\/ul>\n<hr data-start=\"1309\" data-end=\"1312\" \/>\n<h2 data-section-id=\"m50aq\" data-start=\"1314\" data-end=\"1341\">\u00a0Ce qui est inclus<\/h2>\n<ul data-start=\"1343\" data-end=\"1596\">\n<li data-section-id=\"rzz9tu\" data-start=\"1343\" data-end=\"1388\">Transfert aller-retour depuis votre h\u00f4tel<\/li>\n<li data-section-id=\"gx18w2\" data-start=\"1389\" data-end=\"1429\">D\u00e9jeuner ou d\u00eener local servi \u00e0 bord<\/li>\n<li data-section-id=\"1m4vvg8\" data-start=\"1430\" data-end=\"1451\">Soft drinks &amp; eau<\/li>\n<li data-section-id=\"11i6hmp\" data-start=\"1452\" data-end=\"1500\">\u00c9quipement de p\u00eache (lignes, app\u00e2ts, gilets)<\/li>\n<li data-section-id=\"1paf5l1\" data-start=\"1501\" data-end=\"1521\">Guide anglophone<\/li>\n<li data-section-id=\"1ealvio\" data-start=\"1522\" data-end=\"1550\">Challenge \u201cgame fishing\u201d<\/li>\n<li data-section-id=\"1dpeu27\" data-start=\"1551\" data-end=\"1596\">Possibilit\u00e9 de cuisiner vos prises \u00e0 bord<\/li>\n<\/ul>\n<hr data-start=\"1598\" data-end=\"1601\" \/>\n<h2 data-section-id=\"10uavfq\" data-start=\"1603\" data-end=\"1625\">\u00a0Points forts<\/h2>\n<ul data-start=\"1627\" data-end=\"1853\">\n<li data-section-id=\"1o1c7bp\" data-start=\"1627\" data-end=\"1660\">Ambiance locale et conviviale<\/li>\n<li data-section-id=\"dahk6f\" data-start=\"1661\" data-end=\"1714\">Exp\u00e9rience originale hors des circuits classiques<\/li>\n<li data-section-id=\"5fz698\" data-start=\"1715\" data-end=\"1761\">Activit\u00e9 accessible d\u00e9butants et confirm\u00e9s<\/li>\n<li data-section-id=\"4dcuv1\" data-start=\"1762\" data-end=\"1805\">Repas pr\u00e9par\u00e9 directement sur le bateau<\/li>\n<li data-section-id=\"64eda3\" data-start=\"1806\" data-end=\"1853\">Moment unique en mer, de jour comme de nuit<\/li>\n<\/ul>\n<hr data-start=\"1855\" data-end=\"1858\" \/>\n<h2 data-section-id=\"f4yctm\" data-start=\"1860\" data-end=\"1894\">\u00a0Informations importantes<\/h2>\n<ul data-start=\"1896\" data-end=\"2046\">\n<li data-section-id=\"crmgfa\" data-start=\"1896\" data-end=\"1935\">Activit\u00e9 adapt\u00e9e \u00e0 tous les niveaux<\/li>\n<li data-section-id=\"1emoj5a\" data-start=\"1936\" data-end=\"1994\">Les horaires peuvent varier selon les conditions m\u00e9t\u00e9o<\/li>\n<li data-section-id=\"c2fbcj\" data-start=\"1995\" data-end=\"2046\">Possibilit\u00e9 de ramener ou consommer votre p\u00eache<\/li>\n<\/ul>\n<hr data-start=\"2048\" data-end=\"2051\" \/>\n<h2 data-section-id=\"9803m\" data-start=\"2053\" data-end=\"2096\">\u00a0Conseils pour profiter au maximum<\/h2>\n<ul data-start=\"2098\" data-end=\"2244\">\n<li data-section-id=\"o0zqxy\" data-start=\"2098\" data-end=\"2138\">Pr\u00e9voir cr\u00e8me solaire (version jour)<\/li>\n<li data-section-id=\"1mhy7dy\" data-start=\"2139\" data-end=\"2179\">Apporter veste l\u00e9g\u00e8re (version nuit)<\/li>\n<li data-section-id=\"14b87bg\" data-start=\"2180\" data-end=\"2217\">Porter des v\u00eatements confortables<\/li>\n<li data-section-id=\"1bn165b\" data-start=\"2218\" data-end=\"2244\">Pr\u00e9voir appareil photo<\/li>\n<\/ul>\n","protected":false},"excerpt":{"rendered":"<p><strong>\u00a0Experience an authentic fishing trip on Koh Samui!<\/strong><\/p>\n<p>Set sail on Mr. Tu's boat for a memorable local adventure, day or night. Learn to fish, cook your catch, taste local specialities and enjoy Thai hospitality on the water.<\/p>","protected":false},"featured_media":29729,"comment_status":"open","ping_status":"closed","template":"","meta":{"_uag_custom_page_level_css":""},"product_brand":[],"product_cat":[31],"product_tag":[],"class_list":{"0":"post-29727","1":"product","2":"type-product","3":"status-publish","4":"has-post-thumbnail","6":"product_cat-samui","8":"first","9":"instock","10":"virtual","11":"taxable","12":"purchasable","13":"product-type-simple"},"yoast_head":"<!-- This site is optimized with the Yoast SEO plugin v27.1.1 - https:\/\/yoast.com\/product\/yoast-seo-wordpress\/ -->\n<title>p\u00eache en mer : Authenticit\u00e9 \u00e0 Koh Samui -<\/title>\n<meta name=\"description\" content=\"D\u00e9couvrez l&#039;authenticit\u00e9 de la p\u00eache en mer \u00e0 Koh Samui. Vivez une exp\u00e9rience inoubliable \u00e0 bord d\u2019un bateau traditionnel tha\u00ef. R\u00e9servez maintenant !\" \/>\n<meta name=\"robots\" content=\"index, follow, max-snippet:-1, max-image-preview:large, max-video-preview:-1\" \/>\n<link rel=\"canonical\" href=\"https:\/\/lunayatravel.com\/en\/product\/peche-en-mer-journee-ou-nuit-a-koh-samui\/\" \/>\n<meta property=\"og:locale\" content=\"en_GB\" \/>\n<meta property=\"og:type\" content=\"article\" \/>\n<meta property=\"og:title\" content=\"p\u00eache en mer : Authenticit\u00e9 \u00e0 Koh Samui -\" \/>\n<meta property=\"og:description\" content=\"D\u00e9couvrez l&#039;authenticit\u00e9 de la p\u00eache en mer \u00e0 Koh Samui. Vivez une exp\u00e9rience inoubliable \u00e0 bord d\u2019un bateau traditionnel tha\u00ef. R\u00e9servez maintenant !\" \/>\n<meta property=\"og:url\" content=\"https:\/\/lunayatravel.com\/en\/product\/peche-en-mer-journee-ou-nuit-a-koh-samui\/\" \/>\n<meta property=\"article:publisher\" content=\"https:\/\/www.facebook.com\/lunayaTravel\/\" \/>\n<meta property=\"article:modified_time\" content=\"2026-04-06T02:22:13+00:00\" \/>\n<meta property=\"og:image\" content=\"https:\/\/lunayatravel.com\/wp-content\/uploads\/2025\/07\/506103614_1777312969871715_44599221213403796_n.jpg\" \/>\n\t<meta property=\"og:image:width\" content=\"1280\" \/>\n\t<meta property=\"og:image:height\" content=\"1920\" \/>\n\t<meta property=\"og:image:type\" content=\"image\/jpeg\" \/>\n<meta name=\"twitter:card\" content=\"summary_large_image\" \/>\n<meta name=\"twitter:label1\" content=\"Estimated reading time\" \/>\n\t<meta name=\"twitter:data1\" content=\"2 minutes\" \/>\n<script type=\"application\/ld+json\" class=\"yoast-schema-graph\">{\"@context\":\"https:\/\/schema.org\",\"@graph\":[{\"@type\":\"WebPage\",\"@id\":\"https:\/\/lunayatravel.com\/produit\/peche-en-mer-journee-ou-nuit-a-koh-samui\/\",\"url\":\"https:\/\/lunayatravel.com\/produit\/peche-en-mer-journee-ou-nuit-a-koh-samui\/\",\"name\":\"p\u00eache en mer : Authenticit\u00e9 \u00e0 Koh Samui -\",\"isPartOf\":{\"@id\":\"https:\/\/lunayatravel.com\/#website\"},\"primaryImageOfPage\":{\"@id\":\"https:\/\/lunayatravel.com\/produit\/peche-en-mer-journee-ou-nuit-a-koh-samui\/#primaryimage\"},\"image\":{\"@id\":\"https:\/\/lunayatravel.com\/produit\/peche-en-mer-journee-ou-nuit-a-koh-samui\/#primaryimage\"},\"thumbnailUrl\":\"https:\/\/lunayatravel.com\/wp-content\/uploads\/2025\/07\/506103614_1777312969871715_44599221213403796_n.jpg\",\"datePublished\":\"2025-07-15T03:43:53+00:00\",\"dateModified\":\"2026-04-06T02:22:13+00:00\",\"description\":\"D\u00e9couvrez l'authenticit\u00e9 de la p\u00eache en mer \u00e0 Koh Samui. Vivez une exp\u00e9rience inoubliable \u00e0 bord d\u2019un bateau traditionnel tha\u00ef. R\u00e9servez maintenant !\",\"breadcrumb\":{\"@id\":\"https:\/\/lunayatravel.com\/produit\/peche-en-mer-journee-ou-nuit-a-koh-samui\/#breadcrumb\"},\"inLanguage\":\"en-GB\",\"potentialAction\":[{\"@type\":\"ReadAction\",\"target\":[\"https:\/\/lunayatravel.com\/produit\/peche-en-mer-journee-ou-nuit-a-koh-samui\/\"]}]},{\"@type\":\"ImageObject\",\"inLanguage\":\"en-GB\",\"@id\":\"https:\/\/lunayatravel.com\/produit\/peche-en-mer-journee-ou-nuit-a-koh-samui\/#primaryimage\",\"url\":\"https:\/\/lunayatravel.com\/wp-content\/uploads\/2025\/07\/506103614_1777312969871715_44599221213403796_n.jpg\",\"contentUrl\":\"https:\/\/lunayatravel.com\/wp-content\/uploads\/2025\/07\/506103614_1777312969871715_44599221213403796_n.jpg\",\"width\":1280,\"height\":1920},{\"@type\":\"BreadcrumbList\",\"@id\":\"https:\/\/lunayatravel.com\/produit\/peche-en-mer-journee-ou-nuit-a-koh-samui\/#breadcrumb\",\"itemListElement\":[{\"@type\":\"ListItem\",\"position\":1,\"name\":\"Accueil\",\"item\":\"https:\/\/lunayatravel.com\/\"},{\"@type\":\"ListItem\",\"position\":2,\"name\":\"Nos activit\u00e9s\",\"item\":\"https:\/\/lunayatravel.com\/nos-activites\/\"},{\"@type\":\"ListItem\",\"position\":3,\"name\":\"P\u00eache en mer \u2013 Excursion journ\u00e9e ou nuit sur bateau traditionnel\"}]},{\"@type\":\"WebSite\",\"@id\":\"https:\/\/lunayatravel.com\/#website\",\"url\":\"https:\/\/lunayatravel.com\/\",\"name\":\"\",\"description\":\"\",\"publisher\":{\"@id\":\"https:\/\/lunayatravel.com\/#organization\"},\"potentialAction\":[{\"@type\":\"SearchAction\",\"target\":{\"@type\":\"EntryPoint\",\"urlTemplate\":\"https:\/\/lunayatravel.com\/?s={search_term_string}\"},\"query-input\":{\"@type\":\"PropertyValueSpecification\",\"valueRequired\":true,\"valueName\":\"search_term_string\"}}],\"inLanguage\":\"en-GB\"},{\"@type\":\"Organization\",\"@id\":\"https:\/\/lunayatravel.com\/#organization\",\"name\":\"Lunaya travel\",\"alternateName\":\"Lunaya travel\",\"url\":\"https:\/\/lunayatravel.com\/\",\"logo\":{\"@type\":\"ImageObject\",\"inLanguage\":\"en-GB\",\"@id\":\"https:\/\/lunayatravel.com\/#\/schema\/logo\/image\/\",\"url\":\"https:\/\/lunayatravel.com\/wp-content\/uploads\/2026\/03\/cropped-647319118_2379115739204013_337015058165053143_n.jpg\",\"contentUrl\":\"https:\/\/lunayatravel.com\/wp-content\/uploads\/2026\/03\/cropped-647319118_2379115739204013_337015058165053143_n.jpg\",\"width\":1022,\"height\":1023,\"caption\":\"Lunaya travel\"},\"image\":{\"@id\":\"https:\/\/lunayatravel.com\/#\/schema\/logo\/image\/\"},\"sameAs\":[\"https:\/\/www.facebook.com\/lunayaTravel\/\"]}]}<\/script>\n<!-- \/ Yoast SEO plugin. -->","yoast_head_json":{"title":"p\u00eache en mer : Authenticit\u00e9 \u00e0 Koh Samui -","description":"D\u00e9couvrez l'authenticit\u00e9 de la p\u00eache en mer \u00e0 Koh Samui. Vivez une exp\u00e9rience inoubliable \u00e0 bord d\u2019un bateau traditionnel tha\u00ef. R\u00e9servez maintenant !","robots":{"index":"index","follow":"follow","max-snippet":"max-snippet:-1","max-image-preview":"max-image-preview:large","max-video-preview":"max-video-preview:-1"},"canonical":"https:\/\/lunayatravel.com\/en\/product\/peche-en-mer-journee-ou-nuit-a-koh-samui\/","og_locale":"en_GB","og_type":"article","og_title":"p\u00eache en mer : Authenticit\u00e9 \u00e0 Koh Samui -","og_description":"D\u00e9couvrez l'authenticit\u00e9 de la p\u00eache en mer \u00e0 Koh Samui. Vivez une exp\u00e9rience inoubliable \u00e0 bord d\u2019un bateau traditionnel tha\u00ef. R\u00e9servez maintenant !","og_url":"https:\/\/lunayatravel.com\/en\/product\/peche-en-mer-journee-ou-nuit-a-koh-samui\/","article_publisher":"https:\/\/www.facebook.com\/lunayaTravel\/","article_modified_time":"2026-04-06T02:22:13+00:00","og_image":[{"width":1280,"height":1920,"url":"https:\/\/lunayatravel.com\/wp-content\/uploads\/2025\/07\/506103614_1777312969871715_44599221213403796_n.jpg","type":"image\/jpeg"}],"twitter_card":"summary_large_image","twitter_misc":{"Estimated reading time":"2 minutes"},"schema":{"@context":"https:\/\/schema.org","@graph":[{"@type":"WebPage","@id":"https:\/\/lunayatravel.com\/produit\/peche-en-mer-journee-ou-nuit-a-koh-samui\/","url":"https:\/\/lunayatravel.com\/produit\/peche-en-mer-journee-ou-nuit-a-koh-samui\/","name":"p\u00eache en mer : Authenticit\u00e9 \u00e0 Koh Samui -","isPartOf":{"@id":"https:\/\/lunayatravel.com\/#website"},"primaryImageOfPage":{"@id":"https:\/\/lunayatravel.com\/produit\/peche-en-mer-journee-ou-nuit-a-koh-samui\/#primaryimage"},"image":{"@id":"https:\/\/lunayatravel.com\/produit\/peche-en-mer-journee-ou-nuit-a-koh-samui\/#primaryimage"},"thumbnailUrl":"https:\/\/lunayatravel.com\/wp-content\/uploads\/2025\/07\/506103614_1777312969871715_44599221213403796_n.jpg","datePublished":"2025-07-15T03:43:53+00:00","dateModified":"2026-04-06T02:22:13+00:00","description":"D\u00e9couvrez l'authenticit\u00e9 de la p\u00eache en mer \u00e0 Koh Samui. Vivez une exp\u00e9rience inoubliable \u00e0 bord d\u2019un bateau traditionnel tha\u00ef. R\u00e9servez maintenant !","breadcrumb":{"@id":"https:\/\/lunayatravel.com\/produit\/peche-en-mer-journee-ou-nuit-a-koh-samui\/#breadcrumb"},"inLanguage":"en-GB","potentialAction":[{"@type":"ReadAction","target":["https:\/\/lunayatravel.com\/produit\/peche-en-mer-journee-ou-nuit-a-koh-samui\/"]}]},{"@type":"ImageObject","inLanguage":"en-GB","@id":"https:\/\/lunayatravel.com\/produit\/peche-en-mer-journee-ou-nuit-a-koh-samui\/#primaryimage","url":"https:\/\/lunayatravel.com\/wp-content\/uploads\/2025\/07\/506103614_1777312969871715_44599221213403796_n.jpg","contentUrl":"https:\/\/lunayatravel.com\/wp-content\/uploads\/2025\/07\/506103614_1777312969871715_44599221213403796_n.jpg","width":1280,"height":1920},{"@type":"BreadcrumbList","@id":"https:\/\/lunayatravel.com\/produit\/peche-en-mer-journee-ou-nuit-a-koh-samui\/#breadcrumb","itemListElement":[{"@type":"ListItem","position":1,"name":"Accueil","item":"https:\/\/lunayatravel.com\/"},{"@type":"ListItem","position":2,"name":"Nos activit\u00e9s","item":"https:\/\/lunayatravel.com\/nos-activites\/"},{"@type":"ListItem","position":3,"name":"P\u00eache en mer \u2013 Excursion journ\u00e9e ou nuit sur bateau traditionnel"}]},{"@type":"WebSite","@id":"https:\/\/lunayatravel.com\/#website","url":"https:\/\/lunayatravel.com\/","name":"","description":"","publisher":{"@id":"https:\/\/lunayatravel.com\/#organization"},"potentialAction":[{"@type":"SearchAction","target":{"@type":"EntryPoint","urlTemplate":"https:\/\/lunayatravel.com\/?s={search_term_string}"},"query-input":{"@type":"PropertyValueSpecification","valueRequired":true,"valueName":"search_term_string"}}],"inLanguage":"en-GB"},{"@type":"Organization","@id":"https:\/\/lunayatravel.com\/#organization","name":"Lunaya travel","alternateName":"Lunaya travel","url":"https:\/\/lunayatravel.com\/","logo":{"@type":"ImageObject","inLanguage":"en-GB","@id":"https:\/\/lunayatravel.com\/#\/schema\/logo\/image\/","url":"https:\/\/lunayatravel.com\/wp-content\/uploads\/2026\/03\/cropped-647319118_2379115739204013_337015058165053143_n.jpg","contentUrl":"https:\/\/lunayatravel.com\/wp-content\/uploads\/2026\/03\/cropped-647319118_2379115739204013_337015058165053143_n.jpg","width":1022,"height":1023,"caption":"Lunaya travel"},"image":{"@id":"https:\/\/lunayatravel.com\/#\/schema\/logo\/image\/"},"sameAs":["https:\/\/www.facebook.com\/lunayaTravel\/"]}]}},"uagb_featured_image_src":{"full":["https:\/\/lunayatravel.com\/wp-content\/uploads\/2025\/07\/506103614_1777312969871715_44599221213403796_n.jpg",1280,1920,false],"thumbnail":["https:\/\/lunayatravel.com\/wp-content\/uploads\/2025\/07\/506103614_1777312969871715_44599221213403796_n-150x150.jpg",150,150,true],"medium":["https:\/\/lunayatravel.com\/wp-content\/uploads\/2025\/07\/506103614_1777312969871715_44599221213403796_n-200x300.jpg",200,300,true],"medium_large":["https:\/\/lunayatravel.com\/wp-content\/uploads\/2025\/07\/506103614_1777312969871715_44599221213403796_n-768x1152.jpg",768,1152,true],"large":["https:\/\/lunayatravel.com\/wp-content\/uploads\/2025\/07\/506103614_1777312969871715_44599221213403796_n-683x1024.jpg",683,1024,true],"1536x1536":["https:\/\/lunayatravel.com\/wp-content\/uploads\/2025\/07\/506103614_1777312969871715_44599221213403796_n-1024x1536.jpg",1024,1536,true],"2048x2048":["https:\/\/lunayatravel.com\/wp-content\/uploads\/2025\/07\/506103614_1777312969871715_44599221213403796_n.jpg",1280,1920,false],"trp-custom-language-flag":["https:\/\/lunayatravel.com\/wp-content\/uploads\/2025\/07\/506103614_1777312969871715_44599221213403796_n.jpg",8,12,false],"widget-thumbnail":["https:\/\/lunayatravel.com\/wp-content\/uploads\/2025\/07\/506103614_1777312969871715_44599221213403796_n-75x75.jpg",75,75,true],"mailpoet_newsletter_max":["https:\/\/lunayatravel.com\/wp-content\/uploads\/2025\/07\/506103614_1777312969871715_44599221213403796_n.jpg",1280,1920,false],"woocommerce_thumbnail":["https:\/\/lunayatravel.com\/wp-content\/uploads\/2025\/07\/506103614_1777312969871715_44599221213403796_n-300x300.jpg",300,300,true],"woocommerce_single":["https:\/\/lunayatravel.com\/wp-content\/uploads\/2025\/07\/506103614_1777312969871715_44599221213403796_n-600x900.jpg",600,900,true],"woocommerce_gallery_thumbnail":["https:\/\/lunayatravel.com\/wp-content\/uploads\/2025\/07\/506103614_1777312969871715_44599221213403796_n-100x100.jpg",100,100,true],"sow-carousel-default":["https:\/\/lunayatravel.com\/wp-content\/uploads\/2025\/07\/506103614_1777312969871715_44599221213403796_n-272x182.jpg",272,182,true]},"uagb_author_info":{"display_name":"haemers stephanie","author_link":"https:\/\/lunayatravel.com\/en\/author\/"},"uagb_comment_info":0,"uagb_excerpt":"\u00a0Vivez l'exp\u00e9rience d'une sortie p\u00eache authentique \u00e0 Koh Samui ! Partez en mer \u00e0 bord du bateau de Mr. Tu pour une aventure locale m\u00e9morable, en journ\u00e9e ou de nuit. Apprenez \u00e0 p\u00eacher, cuisinez vos prises, d\u00e9gustez des sp\u00e9cialit\u00e9s locales et profitez de la convivialit\u00e9 tha\u00eflandaise sur les flots.","jetpack_sharing_enabled":true,"_links":{"self":[{"href":"https:\/\/lunayatravel.com\/en\/wp-json\/wp\/v2\/product\/29727","targetHints":{"allow":["GET"]}}],"collection":[{"href":"https:\/\/lunayatravel.com\/en\/wp-json\/wp\/v2\/product"}],"about":[{"href":"https:\/\/lunayatravel.com\/en\/wp-json\/wp\/v2\/types\/product"}],"replies":[{"embeddable":true,"href":"https:\/\/lunayatravel.com\/en\/wp-json\/wp\/v2\/comments?post=29727"}],"wp:featuredmedia":[{"embeddable":true,"href":"https:\/\/lunayatravel.com\/en\/wp-json\/wp\/v2\/media\/29729"}],"wp:attachment":[{"href":"https:\/\/lunayatravel.com\/en\/wp-json\/wp\/v2\/media?parent=29727"}],"wp:term":[{"taxonomy":"product_brand","embeddable":true,"href":"https:\/\/lunayatravel.com\/en\/wp-json\/wp\/v2\/product_brand?post=29727"},{"taxonomy":"product_cat","embeddable":true,"href":"https:\/\/lunayatravel.com\/en\/wp-json\/wp\/v2\/product_cat?post=29727"},{"taxonomy":"product_tag","embeddable":true,"href":"https:\/\/lunayatravel.com\/en\/wp-json\/wp\/v2\/product_tag?post=29727"}],"curies":[{"name":"wp","href":"https:\/\/api.w.org\/{rel}","templated":true}]}}