{"id":45,"date":"2017-02-16T09:17:12","date_gmt":"2017-02-16T08:17:12","guid":{"rendered":"http:\/\/mxajfmgl.preview.infomaniak.website\/?page_id=45"},"modified":"2026-03-12T04:58:07","modified_gmt":"2026-03-12T03:58:07","slug":"contact","status":"publish","type":"page","link":"https:\/\/lunayatravel.com\/en\/contact\/","title":{"rendered":"Contact"},"content":{"rendered":"\n<h3 class=\"wp-block-heading\">\u2709\ufe0f <strong>Besoin d\u2019un renseignement ?<\/strong><\/h3>\n\n\n\n<p>Nous sommes l\u00e0 pour vous aider !<br>Contactez-nous via ce formulaire, ou directement par :<\/p>\n\n\n\n<p>\ud83d\udce7 <strong>Email<\/strong> : contact.lunayatravel@gmail.com<br>\ud83d\udcf1 <strong>WhatsApp<\/strong> : <a>+66<\/a>981171877<\/p>\n\n\n\n<p>Nous r\u00e9pondons dans les 24h .\u00c0 tr\u00e8s vite !<\/p>\n\n\n\n<p>Nous sommes une agence locale bas\u00e9e en Tha\u00eflande. Si vous souhaitez organiser une excursion, un s\u00e9jour ou obtenir des informations sur nos activit\u00e9s en Tha\u00eflande, l\u2019\u00e9quipe <a href=\"https:\/\/lunayatravel.com\/\" type=\"page\" id=\"29683\">Lunaya Travel<\/a> est disponible pour vous r\u00e9pondre.<\/p>\n\n\n<style id=\"wpforms-css-vars-29697-block-65bbf510-d081-4f06-a392-1ffe9d5c3dac\">\n\t\t\t\t#wpforms-29697.wpforms-block-65bbf510-d081-4f06-a392-1ffe9d5c3dac {\n\t\t\t\t--wpforms-field-size-input-height: 43px;\n--wpforms-field-size-input-spacing: 15px;\n--wpforms-field-size-font-size: 16px;\n--wpforms-field-size-line-height: 19px;\n--wpforms-field-size-padding-h: 14px;\n--wpforms-field-size-checkbox-size: 16px;\n--wpforms-field-size-sublabel-spacing: 5px;\n--wpforms-field-size-icon-size: 1;\n--wpforms-label-size-font-size: 16px;\n--wpforms-label-size-line-height: 19px;\n--wpforms-label-size-sublabel-font-size: 14px;\n--wpforms-label-size-sublabel-line-height: 17px;\n--wpforms-button-size-font-size: 17px;\n--wpforms-button-size-height: 41px;\n--wpforms-button-size-padding-h: 15px;\n--wpforms-button-size-margin-top: 10px;\n\t\t\t}\n\t\t\t<\/style><div class=\"wpforms-container wpforms-container-full wpforms-block wpforms-block-65bbf510-d081-4f06-a392-1ffe9d5c3dac wpforms-render-modern\" id=\"wpforms-29697\"><form id=\"wpforms-form-29697\" class=\"wpforms-validate wpforms-form wpforms-ajax-form\" data-formid=\"29697\" method=\"post\" enctype=\"multipart\/form-data\" action=\"\/en\/wp-json\/wp\/v2\/pages\/45\" data-token=\"6828eaaff529918f9cdab6d021bccb11\" data-token-time=\"1776356800\"><noscript class=\"wpforms-error-noscript\">Please enable JavaScript in your browser to complete this form.<\/noscript><div id=\"wpforms-error-noscript\" style=\"display: none;\">Please enable JavaScript in your browser to complete this form.<\/div><div class=\"wpforms-field-container\"><div id=\"wpforms-29697-field_1-container\" class=\"wpforms-field wpforms-field-name\" data-field-id=\"1\"><fieldset><legend class=\"wpforms-field-label\">Nom <span class=\"wpforms-required-label\" aria-hidden=\"true\">*<\/span><\/legend><div class=\"wpforms-field-row wpforms-field-medium\"><div class=\"wpforms-field-row-block wpforms-first wpforms-one-half\"><input type=\"text\" id=\"wpforms-29697-field_1\" class=\"wpforms-field-name-first wpforms-field-required\" name=\"wpforms[fields][1][first]\" aria-errormessage=\"wpforms-29697-field_1-error\" required><label for=\"wpforms-29697-field_1\" class=\"wpforms-field-sublabel after\">First<\/label><\/div><div class=\"wpforms-field-row-block wpforms-one-half\"><input type=\"text\" id=\"wpforms-29697-field_1-last\" class=\"wpforms-field-name-last wpforms-field-required\" name=\"wpforms[fields][1][last]\" aria-errormessage=\"wpforms-29697-field_1-last-error\" required><label for=\"wpforms-29697-field_1-last\" class=\"wpforms-field-sublabel after\">Last<\/label><\/div><\/div><\/fieldset><\/div>\t\t<div id=\"wpforms-29697-field_4-container\"\n\t\t\tclass=\"wpforms-field wpforms-field-text\"\n\t\t\tdata-field-type=\"text\"\n\t\t\tdata-field-id=\"4\"\n\t\t\t>\n\t\t\t<label class=\"wpforms-field-label\" for=\"wpforms-29697-field_4\" >message E-mail ou<\/label>\n\t\t\t<input type=\"text\" id=\"wpforms-29697-field_4\" class=\"wpforms-field-medium\" name=\"wpforms[fields][4]\" >\n\t\t<\/div>\n\t\t<div id=\"wpforms-29697-field_2-container\" class=\"wpforms-field wpforms-field-email\" data-field-id=\"2\"><label class=\"wpforms-field-label\" for=\"wpforms-29697-field_2\">E-mail <span class=\"wpforms-required-label\" aria-hidden=\"true\">*<\/span><\/label><input type=\"email\" id=\"wpforms-29697-field_2\" class=\"wpforms-field-medium wpforms-field-required\" name=\"wpforms[fields][2]\" spellcheck=\"false\" aria-errormessage=\"wpforms-29697-field_2-error\" required><\/div><div id=\"wpforms-29697-field_3-container\" class=\"wpforms-field wpforms-field-textarea\" data-field-id=\"3\"><label class=\"wpforms-field-label\" for=\"wpforms-29697-field_3\">Commentaire ou message<\/label><textarea id=\"wpforms-29697-field_3\" class=\"wpforms-field-medium\" name=\"wpforms[fields][3]\" aria-errormessage=\"wpforms-29697-field_3-error\" ><\/textarea><\/div><script>\n\t\t\t\t( function() {\n\t\t\t\t\tconst style = document.createElement( 'style' );\n\t\t\t\t\tstyle.appendChild( document.createTextNode( '#wpforms-29697-field_4-container { position: absolute !important; overflow: hidden !important; display: inline !important; height: 1px !important; width: 1px !important; z-index: -1000 !important; padding: 0 !important; } #wpforms-29697-field_4-container input { visibility: hidden; } #wpforms-conversational-form-page #wpforms-29697-field_4-container label { counter-increment: none; }' ) );\n\t\t\t\t\tdocument.head.appendChild( style );\n\t\t\t\t\tdocument.currentScript?.remove();\n\t\t\t\t} )();\n\t\t\t<\/script><\/div><!-- .wpforms-field-container --><div class=\"wpforms-submit-container\" ><input type=\"hidden\" name=\"wpforms[id]\" value=\"29697\"><input type=\"hidden\" name=\"page_title\" value=\"\"><input type=\"hidden\" name=\"page_url\" value=\"https:\/\/lunayatravel.com\/en\/wp-json\/wp\/v2\/pages\/45\"><input type=\"hidden\" name=\"url_referer\" value=\"\"><button type=\"submit\" name=\"wpforms[submit]\" id=\"wpforms-submit-29697\" class=\"wpforms-submit\" data-alt-text=\"Envoi...\" data-submit-text=\"Envoyer\" aria-live=\"assertive\" value=\"wpforms-submit\">Envoyer<\/button><img loading=\"lazy\" decoding=\"async\" src=\"https:\/\/lunayatravel.com\/wp-content\/plugins\/wpforms-lite\/assets\/images\/submit-spin.svg\" class=\"wpforms-submit-spinner\" style=\"display: none;\" width=\"26\" height=\"26\" alt=\"Loading\"><\/div><\/form><\/div>  <!-- .wpforms-container -->","protected":false},"excerpt":{"rendered":"<p>\u2709\ufe0f Besoin d\u2019un renseignement ? Nous sommes l\u00e0 pour vous aider !Contactez-nous via ce formulaire, ou directement par : \ud83d\udce7 Email : contact.lunayatravel@gmail.com\ud83d\udcf1 WhatsApp : +66981171877 Nous r\u00e9pondons dans les 24h .\u00c0 tr\u00e8s vite ! Nous sommes une agence locale bas\u00e9e en Tha\u00eflande. Si vous souhaitez organiser une excursion, un s\u00e9jour ou obtenir des informations &#8230; <a title=\"Contact\" class=\"read-more\" href=\"https:\/\/lunayatravel.com\/en\/contact\/\" aria-label=\"Read more about Contact\">Read more<\/a><\/p>","protected":false},"author":1,"featured_media":0,"parent":0,"menu_order":0,"comment_status":"closed","ping_status":"closed","template":"","meta":{"_uag_custom_page_level_css":"","footnotes":""},"class_list":["post-45","page","type-page","status-publish"],"yoast_head":"<!-- This site is optimized with the Yoast SEO plugin v27.1.1 - https:\/\/yoast.com\/product\/yoast-seo-wordpress\/ -->\n<title>Contact - Contact | Lunaya Travel Esscursions Thailande<\/title>\n<meta name=\"description\" content=\"Contactez Lunaya Travel, votre agence locale pour excursions et activit\u00e9s en Tha\u00eflande. \u00celes, snorkeling, bateaux priv\u00e9s\" \/>\n<meta name=\"robots\" content=\"index, follow, max-snippet:-1, max-image-preview:large, max-video-preview:-1\" \/>\n<link rel=\"canonical\" href=\"https:\/\/lunayatravel.com\/en\/contact\/\" \/>\n<meta property=\"og:locale\" content=\"en_GB\" \/>\n<meta property=\"og:type\" content=\"article\" \/>\n<meta property=\"og:title\" content=\"Contact - Contact | Lunaya Travel Esscursions Thailande\" \/>\n<meta property=\"og:description\" content=\"Contactez Lunaya Travel, votre agence locale pour excursions et activit\u00e9s en Tha\u00eflande. \u00celes, snorkeling, bateaux priv\u00e9s\" \/>\n<meta property=\"og:url\" content=\"https:\/\/lunayatravel.com\/en\/contact\/\" \/>\n<meta property=\"article:publisher\" content=\"https:\/\/www.facebook.com\/lunayaTravel\/\" \/>\n<meta property=\"article:modified_time\" content=\"2026-03-12T03:58:07+00:00\" \/>\n<meta name=\"twitter:card\" content=\"summary_large_image\" \/>\n<meta name=\"twitter:label1\" content=\"Estimated reading time\" \/>\n\t<meta name=\"twitter:data1\" content=\"1 minute\" \/>\n<script type=\"application\/ld+json\" class=\"yoast-schema-graph\">{\"@context\":\"https:\/\/schema.org\",\"@graph\":[{\"@type\":\"WebPage\",\"@id\":\"https:\/\/lunayatravel.com\/contact\/\",\"url\":\"https:\/\/lunayatravel.com\/contact\/\",\"name\":\"Contact - Contact | Lunaya Travel Esscursions Thailande\",\"isPartOf\":{\"@id\":\"https:\/\/lunayatravel.com\/#website\"},\"datePublished\":\"2017-02-16T08:17:12+00:00\",\"dateModified\":\"2026-03-12T03:58:07+00:00\",\"description\":\"Contactez Lunaya Travel, votre agence locale pour excursions et activit\u00e9s en Tha\u00eflande. \u00celes, snorkeling, bateaux priv\u00e9s\",\"breadcrumb\":{\"@id\":\"https:\/\/lunayatravel.com\/contact\/#breadcrumb\"},\"inLanguage\":\"en-GB\",\"potentialAction\":[{\"@type\":\"ReadAction\",\"target\":[\"https:\/\/lunayatravel.com\/contact\/\"]}]},{\"@type\":\"BreadcrumbList\",\"@id\":\"https:\/\/lunayatravel.com\/contact\/#breadcrumb\",\"itemListElement\":[{\"@type\":\"ListItem\",\"position\":1,\"name\":\"Accueil\",\"item\":\"https:\/\/lunayatravel.com\/\"},{\"@type\":\"ListItem\",\"position\":2,\"name\":\"Contact\"}]},{\"@type\":\"WebSite\",\"@id\":\"https:\/\/lunayatravel.com\/#website\",\"url\":\"https:\/\/lunayatravel.com\/\",\"name\":\"\",\"description\":\"\",\"publisher\":{\"@id\":\"https:\/\/lunayatravel.com\/#organization\"},\"potentialAction\":[{\"@type\":\"SearchAction\",\"target\":{\"@type\":\"EntryPoint\",\"urlTemplate\":\"https:\/\/lunayatravel.com\/?s={search_term_string}\"},\"query-input\":{\"@type\":\"PropertyValueSpecification\",\"valueRequired\":true,\"valueName\":\"search_term_string\"}}],\"inLanguage\":\"en-GB\"},{\"@type\":\"Organization\",\"@id\":\"https:\/\/lunayatravel.com\/#organization\",\"name\":\"Lunaya travel\",\"alternateName\":\"Lunaya travel\",\"url\":\"https:\/\/lunayatravel.com\/\",\"logo\":{\"@type\":\"ImageObject\",\"inLanguage\":\"en-GB\",\"@id\":\"https:\/\/lunayatravel.com\/#\/schema\/logo\/image\/\",\"url\":\"https:\/\/lunayatravel.com\/wp-content\/uploads\/2026\/03\/cropped-647319118_2379115739204013_337015058165053143_n.jpg\",\"contentUrl\":\"https:\/\/lunayatravel.com\/wp-content\/uploads\/2026\/03\/cropped-647319118_2379115739204013_337015058165053143_n.jpg\",\"width\":1022,\"height\":1023,\"caption\":\"Lunaya travel\"},\"image\":{\"@id\":\"https:\/\/lunayatravel.com\/#\/schema\/logo\/image\/\"},\"sameAs\":[\"https:\/\/www.facebook.com\/lunayaTravel\/\"]}]}<\/script>\n<!-- \/ Yoast SEO plugin. -->","yoast_head_json":{"title":"Contact - Contact | Lunaya Travel Esscursions Thailande","description":"Contactez Lunaya Travel, votre agence locale pour excursions et activit\u00e9s en Tha\u00eflande. \u00celes, snorkeling, bateaux priv\u00e9s","robots":{"index":"index","follow":"follow","max-snippet":"max-snippet:-1","max-image-preview":"max-image-preview:large","max-video-preview":"max-video-preview:-1"},"canonical":"https:\/\/lunayatravel.com\/en\/contact\/","og_locale":"en_GB","og_type":"article","og_title":"Contact - Contact | Lunaya Travel Esscursions Thailande","og_description":"Contactez Lunaya Travel, votre agence locale pour excursions et activit\u00e9s en Tha\u00eflande. \u00celes, snorkeling, bateaux priv\u00e9s","og_url":"https:\/\/lunayatravel.com\/en\/contact\/","article_publisher":"https:\/\/www.facebook.com\/lunayaTravel\/","article_modified_time":"2026-03-12T03:58:07+00:00","twitter_card":"summary_large_image","twitter_misc":{"Estimated reading time":"1 minute"},"schema":{"@context":"https:\/\/schema.org","@graph":[{"@type":"WebPage","@id":"https:\/\/lunayatravel.com\/contact\/","url":"https:\/\/lunayatravel.com\/contact\/","name":"Contact - Contact | Lunaya Travel Esscursions Thailande","isPartOf":{"@id":"https:\/\/lunayatravel.com\/#website"},"datePublished":"2017-02-16T08:17:12+00:00","dateModified":"2026-03-12T03:58:07+00:00","description":"Contactez Lunaya Travel, votre agence locale pour excursions et activit\u00e9s en Tha\u00eflande. \u00celes, snorkeling, bateaux priv\u00e9s","breadcrumb":{"@id":"https:\/\/lunayatravel.com\/contact\/#breadcrumb"},"inLanguage":"en-GB","potentialAction":[{"@type":"ReadAction","target":["https:\/\/lunayatravel.com\/contact\/"]}]},{"@type":"BreadcrumbList","@id":"https:\/\/lunayatravel.com\/contact\/#breadcrumb","itemListElement":[{"@type":"ListItem","position":1,"name":"Accueil","item":"https:\/\/lunayatravel.com\/"},{"@type":"ListItem","position":2,"name":"Contact"}]},{"@type":"WebSite","@id":"https:\/\/lunayatravel.com\/#website","url":"https:\/\/lunayatravel.com\/","name":"","description":"","publisher":{"@id":"https:\/\/lunayatravel.com\/#organization"},"potentialAction":[{"@type":"SearchAction","target":{"@type":"EntryPoint","urlTemplate":"https:\/\/lunayatravel.com\/?s={search_term_string}"},"query-input":{"@type":"PropertyValueSpecification","valueRequired":true,"valueName":"search_term_string"}}],"inLanguage":"en-GB"},{"@type":"Organization","@id":"https:\/\/lunayatravel.com\/#organization","name":"Lunaya travel","alternateName":"Lunaya travel","url":"https:\/\/lunayatravel.com\/","logo":{"@type":"ImageObject","inLanguage":"en-GB","@id":"https:\/\/lunayatravel.com\/#\/schema\/logo\/image\/","url":"https:\/\/lunayatravel.com\/wp-content\/uploads\/2026\/03\/cropped-647319118_2379115739204013_337015058165053143_n.jpg","contentUrl":"https:\/\/lunayatravel.com\/wp-content\/uploads\/2026\/03\/cropped-647319118_2379115739204013_337015058165053143_n.jpg","width":1022,"height":1023,"caption":"Lunaya travel"},"image":{"@id":"https:\/\/lunayatravel.com\/#\/schema\/logo\/image\/"},"sameAs":["https:\/\/www.facebook.com\/lunayaTravel\/"]}]}},"uagb_featured_image_src":{"full":false,"thumbnail":false,"medium":false,"medium_large":false,"large":false,"1536x1536":false,"2048x2048":false,"trp-custom-language-flag":false,"widget-thumbnail":false,"mailpoet_newsletter_max":false,"woocommerce_thumbnail":false,"woocommerce_single":false,"woocommerce_gallery_thumbnail":false,"sow-carousel-default":false},"uagb_author_info":{"display_name":"haemers stephanie","author_link":"https:\/\/lunayatravel.com\/en\/author\/haemers-stephanie\/"},"uagb_comment_info":0,"uagb_excerpt":"\u2709\ufe0f Besoin d\u2019un renseignement ? Nous sommes l\u00e0 pour vous aider !Contactez-nous via ce formulaire, ou directement par : \ud83d\udce7 Email : contact.lunayatravel@gmail.com\ud83d\udcf1 WhatsApp : +66981171877 Nous r\u00e9pondons dans les 24h .\u00c0 tr\u00e8s vite ! Nous sommes une agence locale bas\u00e9e en Tha\u00eflande. Si vous souhaitez organiser une excursion, un s\u00e9jour ou obtenir des informations&hellip;","jetpack_sharing_enabled":true,"_links":{"self":[{"href":"https:\/\/lunayatravel.com\/en\/wp-json\/wp\/v2\/pages\/45","targetHints":{"allow":["GET"]}}],"collection":[{"href":"https:\/\/lunayatravel.com\/en\/wp-json\/wp\/v2\/pages"}],"about":[{"href":"https:\/\/lunayatravel.com\/en\/wp-json\/wp\/v2\/types\/page"}],"author":[{"embeddable":true,"href":"https:\/\/lunayatravel.com\/en\/wp-json\/wp\/v2\/users\/1"}],"replies":[{"embeddable":true,"href":"https:\/\/lunayatravel.com\/en\/wp-json\/wp\/v2\/comments?post=45"}],"version-history":[{"count":9,"href":"https:\/\/lunayatravel.com\/en\/wp-json\/wp\/v2\/pages\/45\/revisions"}],"predecessor-version":[{"id":30912,"href":"https:\/\/lunayatravel.com\/en\/wp-json\/wp\/v2\/pages\/45\/revisions\/30912"}],"wp:attachment":[{"href":"https:\/\/lunayatravel.com\/en\/wp-json\/wp\/v2\/media?parent=45"}],"curies":[{"name":"wp","href":"https:\/\/api.w.org\/{rel}","templated":true}]}}