{"id":30568,"date":"2025-08-05T10:26:48","date_gmt":"2025-08-05T08:26:48","guid":{"rendered":"https:\/\/itctoursvoyages.com\/?page_id=30568"},"modified":"2025-08-05T10:26:51","modified_gmt":"2025-08-05T08:26:51","slug":"pattaya","status":"publish","type":"page","link":"https:\/\/lunayatravel.com\/en\/pattaya\/","title":{"rendered":"Pattaya"},"content":{"rendered":"<div class=\"woocommerce columns-4\"><ul class=\"products columns-4\">\n<li class=\"product type-product post-30512 status-publish first instock product_cat-pattaya has-post-thumbnail virtual taxable purchasable product-type-simple\">\n\t<a href=\"https:\/\/lunayatravel.com\/en\/product\/%f0%9f%8c%bf-living-green-elephant-sanctuary-chonburi-depuis-pattaya-ou-bangkok\/\" class=\"woocommerce-LoopProduct-link woocommerce-loop-product__link\"><img loading=\"lazy\" decoding=\"async\" width=\"300\" height=\"300\" src=\"https:\/\/lunayatravel.com\/wp-content\/uploads\/2025\/08\/2-6-300x300.webp\" class=\"attachment-woocommerce_thumbnail size-woocommerce_thumbnail\" alt=\"\ud83c\udf3f Living Green Elephant Sanctuary Chonburi \u2013 depuis Pattaya ou Bangkok\" srcset=\"https:\/\/lunayatravel.com\/wp-content\/uploads\/2025\/08\/2-6-300x300.webp 300w, https:\/\/lunayatravel.com\/wp-content\/uploads\/2025\/08\/2-6-100x100.webp 100w, https:\/\/lunayatravel.com\/wp-content\/uploads\/2025\/08\/2-6-150x150.webp 150w, https:\/\/lunayatravel.com\/wp-content\/uploads\/2025\/08\/2-6-75x75.webp 75w\" sizes=\"auto, (max-width: 300px) 100vw, 300px\" \/><h2 class=\"woocommerce-loop-product__title\">\ud83c\udf3f Living Green Elephant Sanctuary Chonburi - from Pattaya or Bangkok<\/h2>\n\t<span class=\"price\"><span class=\"woocommerce-Price-amount amount\"><bdi><span class=\"woocommerce-Price-currencySymbol\">\u0e3f<\/span>2,220.00<\/bdi><\/span><\/span>\n<\/a><a href=\"https:\/\/lunayatravel.com\/en\/product\/%f0%9f%8c%bf-living-green-elephant-sanctuary-chonburi-depuis-pattaya-ou-bangkok\/\" rel=\"nofollow\" class=\"button\">Select date(s)<\/a>\t<span id=\"woocommerce_loop_add_to_cart_link_describedby_30512\" class=\"screen-reader-text\">\n\t\t\t<\/span>\n<\/li>\n<li class=\"product type-product post-30531 status-publish instock product_cat-pattaya has-post-thumbnail virtual taxable purchasable product-type-simple\">\n\t<a href=\"https:\/\/lunayatravel.com\/en\/product\/%f0%9f%8e%a2-ripleys-believe-it-or-not-7-attractions-folles-a-pattaya\/\" class=\"woocommerce-LoopProduct-link woocommerce-loop-product__link\"><img loading=\"lazy\" decoding=\"async\" width=\"300\" height=\"300\" src=\"https:\/\/lunayatravel.com\/wp-content\/uploads\/2025\/08\/01-16-300x300.webp\" class=\"attachment-woocommerce_thumbnail size-woocommerce_thumbnail\" alt=\"\ud83c\udfa2 Ripley\u2019s Believe It or Not! \u2013 7 attractions folles \u00e0 Pattaya\" srcset=\"https:\/\/lunayatravel.com\/wp-content\/uploads\/2025\/08\/01-16-300x300.webp 300w, https:\/\/lunayatravel.com\/wp-content\/uploads\/2025\/08\/01-16-100x100.webp 100w, https:\/\/lunayatravel.com\/wp-content\/uploads\/2025\/08\/01-16-150x150.webp 150w, https:\/\/lunayatravel.com\/wp-content\/uploads\/2025\/08\/01-16-75x75.webp 75w\" sizes=\"auto, (max-width: 300px) 100vw, 300px\" \/><h2 class=\"woocommerce-loop-product__title\">\ud83c\udfa2 Ripley's Believe It or Not! - 7 crazy attractions in Pattaya<\/h2>\n\t<span class=\"price\"><span class=\"woocommerce-Price-amount amount\"><bdi><span class=\"woocommerce-Price-currencySymbol\">\u0e3f<\/span>1,960.00<\/bdi><\/span><\/span>\n<\/a><a href=\"https:\/\/lunayatravel.com\/en\/product\/%f0%9f%8e%a2-ripleys-believe-it-or-not-7-attractions-folles-a-pattaya\/\" rel=\"nofollow\" class=\"button\">Select date(s)<\/a>\t<span id=\"woocommerce_loop_add_to_cart_link_describedby_30531\" class=\"screen-reader-text\">\n\t\t\t<\/span>\n<\/li>\n<li class=\"product type-product post-30541 status-publish instock product_cat-pattaya has-post-thumbnail virtual taxable purchasable product-type-simple\">\n\t<a href=\"https:\/\/lunayatravel.com\/en\/product\/%f0%9f%8e%ad-billet-de-spectacle-kaan-spectacle-epoustouflant-de-5-romans-thailandais\/\" class=\"woocommerce-LoopProduct-link woocommerce-loop-product__link\"><img loading=\"lazy\" decoding=\"async\" width=\"300\" height=\"300\" src=\"https:\/\/lunayatravel.com\/wp-content\/uploads\/2025\/08\/a2-300x300.webp\" class=\"attachment-woocommerce_thumbnail size-woocommerce_thumbnail\" alt=\"\ud83c\udfad Billet de spectacle KAAN \u2013 Spectacle \u00e9poustouflant de 5 romans tha\u00eflandais\" srcset=\"https:\/\/lunayatravel.com\/wp-content\/uploads\/2025\/08\/a2-300x300.webp 300w, https:\/\/lunayatravel.com\/wp-content\/uploads\/2025\/08\/a2-100x100.webp 100w, https:\/\/lunayatravel.com\/wp-content\/uploads\/2025\/08\/a2-150x150.webp 150w, https:\/\/lunayatravel.com\/wp-content\/uploads\/2025\/08\/a2-75x75.webp 75w\" sizes=\"auto, (max-width: 300px) 100vw, 300px\" \/><h2 class=\"woocommerce-loop-product__title\">\ud83c\udfad KAAN show ticket - Stunning show of 5 Thai novels<\/h2>\n\t<span class=\"price\"><span class=\"woocommerce-Price-amount amount\"><bdi><span class=\"woocommerce-Price-currencySymbol\">\u0e3f<\/span>1,000.00<\/bdi><\/span><\/span>\n<\/a><a href=\"https:\/\/lunayatravel.com\/en\/product\/%f0%9f%8e%ad-billet-de-spectacle-kaan-spectacle-epoustouflant-de-5-romans-thailandais\/\" rel=\"nofollow\" class=\"button\">Select date(s)<\/a>\t<span id=\"woocommerce_loop_add_to_cart_link_describedby_30541\" class=\"screen-reader-text\">\n\t\t\t<\/span>\n<\/li>\n<li class=\"product type-product post-30560 status-publish last instock product_cat-pattaya has-post-thumbnail virtual taxable purchasable product-type-simple\">\n\t<a href=\"https:\/\/lunayatravel.com\/en\/product\/%f0%9f%8e%ad-tiffanys-show-cabaret-de-renommee-mondiale-a-pattaya\/\" class=\"woocommerce-LoopProduct-link woocommerce-loop-product__link\"><img loading=\"lazy\" decoding=\"async\" width=\"300\" height=\"300\" src=\"https:\/\/lunayatravel.com\/wp-content\/uploads\/2025\/08\/NewTFS1-300x300.webp\" class=\"attachment-woocommerce_thumbnail size-woocommerce_thumbnail\" alt=\"\ud83c\udfad Tiffany\u2019s Show \u2013 Cabaret de renomm\u00e9e mondiale \u00e0 Pattaya\" srcset=\"https:\/\/lunayatravel.com\/wp-content\/uploads\/2025\/08\/NewTFS1-300x300.webp 300w, https:\/\/lunayatravel.com\/wp-content\/uploads\/2025\/08\/NewTFS1-100x100.webp 100w, https:\/\/lunayatravel.com\/wp-content\/uploads\/2025\/08\/NewTFS1-150x150.webp 150w, https:\/\/lunayatravel.com\/wp-content\/uploads\/2025\/08\/NewTFS1-75x75.webp 75w\" sizes=\"auto, (max-width: 300px) 100vw, 300px\" \/><h2 class=\"woocommerce-loop-product__title\">\ud83c\udfad Tiffany's Show - World-renowned cabaret in Pattaya<\/h2>\n\t<span class=\"price\"><span class=\"woocommerce-Price-amount amount\"><bdi><span class=\"woocommerce-Price-currencySymbol\">\u0e3f<\/span>1,150.00<\/bdi><\/span><\/span>\n<\/a><a href=\"https:\/\/lunayatravel.com\/en\/product\/%f0%9f%8e%ad-tiffanys-show-cabaret-de-renommee-mondiale-a-pattaya\/\" rel=\"nofollow\" class=\"button\">Select date(s)<\/a>\t<span id=\"woocommerce_loop_add_to_cart_link_describedby_30560\" class=\"screen-reader-text\">\n\t\t\t<\/span>\n<\/li>\n<li class=\"product type-product post-30507 status-publish first instock product_cat-pattaya has-post-thumbnail virtual taxable purchasable product-type-simple\">\n\t<a href=\"https:\/\/lunayatravel.com\/en\/product\/%f0%9f%8f%9d%ef%b8%8f-ile-de-corail-pattaya-koh-larn-excursion-en-hors-bord-sports-nautiques\/\" class=\"woocommerce-LoopProduct-link woocommerce-loop-product__link\"><img loading=\"lazy\" decoding=\"async\" width=\"300\" height=\"300\" src=\"https:\/\/lunayatravel.com\/wp-content\/uploads\/2025\/08\/01_Koh_Larn1-300x300.webp\" class=\"attachment-woocommerce_thumbnail size-woocommerce_thumbnail\" alt=\"\ud83c\udfdd\ufe0f \u00cele de corail Pattaya (Koh Larn) : Excursion en hors-bord + sports nautiques\" srcset=\"https:\/\/lunayatravel.com\/wp-content\/uploads\/2025\/08\/01_Koh_Larn1-300x300.webp 300w, https:\/\/lunayatravel.com\/wp-content\/uploads\/2025\/08\/01_Koh_Larn1-100x100.webp 100w, https:\/\/lunayatravel.com\/wp-content\/uploads\/2025\/08\/01_Koh_Larn1-150x150.webp 150w, https:\/\/lunayatravel.com\/wp-content\/uploads\/2025\/08\/01_Koh_Larn1-75x75.webp 75w\" sizes=\"auto, (max-width: 300px) 100vw, 300px\" \/><h2 class=\"woocommerce-loop-product__title\">\ud83c\udfdd\ufe0f Pattaya Coral Island (Koh Larn): speedboat trip + water sports<\/h2>\n\t<span class=\"price\"><span class=\"woocommerce-Price-amount amount\"><bdi><span class=\"woocommerce-Price-currencySymbol\">\u0e3f<\/span>1,100.00<\/bdi><\/span><\/span>\n<\/a><a href=\"https:\/\/lunayatravel.com\/en\/product\/%f0%9f%8f%9d%ef%b8%8f-ile-de-corail-pattaya-koh-larn-excursion-en-hors-bord-sports-nautiques\/\" rel=\"nofollow\" class=\"button\">Select date(s)<\/a>\t<span id=\"woocommerce_loop_add_to_cart_link_describedby_30507\" class=\"screen-reader-text\">\n\t\t\t<\/span>\n<\/li>\n<li class=\"product type-product post-30517 status-publish instock product_cat-pattaya has-post-thumbnail virtual taxable purchasable product-type-simple\">\n\t<a href=\"https:\/\/lunayatravel.com\/en\/product\/%f0%9f%90%98-sanctuaire-delephants-de-pattaya-excursion-inoubliable-dune-demi-journee\/\" class=\"woocommerce-LoopProduct-link woocommerce-loop-product__link\"><img loading=\"lazy\" decoding=\"async\" width=\"300\" height=\"300\" src=\"https:\/\/lunayatravel.com\/wp-content\/uploads\/2025\/08\/PES8-300x300.webp\" class=\"attachment-woocommerce_thumbnail size-woocommerce_thumbnail\" alt=\"\ud83d\udc18 Sanctuaire d\u2019\u00c9l\u00e9phants de Pattaya \u2013 Excursion inoubliable d\u2019une demi-journ\u00e9e\" srcset=\"https:\/\/lunayatravel.com\/wp-content\/uploads\/2025\/08\/PES8-300x300.webp 300w, https:\/\/lunayatravel.com\/wp-content\/uploads\/2025\/08\/PES8-100x100.webp 100w, https:\/\/lunayatravel.com\/wp-content\/uploads\/2025\/08\/PES8-150x150.webp 150w, https:\/\/lunayatravel.com\/wp-content\/uploads\/2025\/08\/PES8-75x75.webp 75w\" sizes=\"auto, (max-width: 300px) 100vw, 300px\" \/><h2 class=\"woocommerce-loop-product__title\">\ud83d\udc18 Pattaya Elephant Sanctuary - Unforgettable half-day excursion<\/h2>\n\t<span class=\"price\"><span class=\"woocommerce-Price-amount amount\"><bdi><span class=\"woocommerce-Price-currencySymbol\">\u0e3f<\/span>3,100.00<\/bdi><\/span><\/span>\n<\/a><a href=\"https:\/\/lunayatravel.com\/en\/product\/%f0%9f%90%98-sanctuaire-delephants-de-pattaya-excursion-inoubliable-dune-demi-journee\/\" rel=\"nofollow\" class=\"button\">Select date(s)<\/a>\t<span id=\"woocommerce_loop_add_to_cart_link_describedby_30517\" class=\"screen-reader-text\">\n\t\t\t<\/span>\n<\/li>\n<li class=\"product type-product post-30524 status-publish instock product_cat-pattaya has-post-thumbnail virtual taxable purchasable product-type-simple\">\n\t<a href=\"https:\/\/lunayatravel.com\/en\/product\/%f0%9f%90%98-sanctuaire-de-la-jungle-des-elephants-demi-journee-inoubliable-a-pattaya\/\" class=\"woocommerce-LoopProduct-link woocommerce-loop-product__link\"><img loading=\"lazy\" decoding=\"async\" width=\"300\" height=\"300\" src=\"https:\/\/lunayatravel.com\/wp-content\/uploads\/2025\/08\/N2-300x300.webp\" class=\"attachment-woocommerce_thumbnail size-woocommerce_thumbnail\" alt=\"\ud83d\udc18 Sanctuaire de la Jungle des \u00c9l\u00e9phants \u2013 Demi-journ\u00e9e inoubliable \u00e0 Pattaya\" srcset=\"https:\/\/lunayatravel.com\/wp-content\/uploads\/2025\/08\/N2-300x300.webp 300w, https:\/\/lunayatravel.com\/wp-content\/uploads\/2025\/08\/N2-100x100.webp 100w, https:\/\/lunayatravel.com\/wp-content\/uploads\/2025\/08\/N2-150x150.webp 150w, https:\/\/lunayatravel.com\/wp-content\/uploads\/2025\/08\/N2-75x75.webp 75w\" sizes=\"auto, (max-width: 300px) 100vw, 300px\" \/><h2 class=\"woocommerce-loop-product__title\">\ud83d\udc18 Elephant Jungle Sanctuary - An unforgettable half-day in Pattaya<\/h2>\n\t<span class=\"price\"><span class=\"woocommerce-Price-amount amount\"><bdi><span class=\"woocommerce-Price-currencySymbol\">\u0e3f<\/span>2,900.00<\/bdi><\/span><\/span>\n<\/a><a href=\"https:\/\/lunayatravel.com\/en\/product\/%f0%9f%90%98-sanctuaire-de-la-jungle-des-elephants-demi-journee-inoubliable-a-pattaya\/\" rel=\"nofollow\" class=\"button\">Select date(s)<\/a>\t<span id=\"woocommerce_loop_add_to_cart_link_describedby_30524\" class=\"screen-reader-text\">\n\t\t\t<\/span>\n<\/li>\n<li class=\"product type-product post-30537 status-publish last instock product_cat-pattaya has-post-thumbnail virtual taxable purchasable product-type-simple\">\n\t<a href=\"https:\/\/lunayatravel.com\/en\/product\/%f0%9f%9b%a5%ef%b8%8f-catamaran-a-pattaya-2-iles-coucher-de-soleil\/\" class=\"woocommerce-LoopProduct-link woocommerce-loop-product__link\"><img loading=\"lazy\" decoding=\"async\" width=\"300\" height=\"300\" src=\"https:\/\/lunayatravel.com\/wp-content\/uploads\/2025\/08\/9-1-300x300.webp\" class=\"attachment-woocommerce_thumbnail size-woocommerce_thumbnail\" alt=\"\ud83d\udee5\ufe0f Catamaran \u00e0 Pattaya \u2013 2 \u00eeles + Coucher de soleil\" srcset=\"https:\/\/lunayatravel.com\/wp-content\/uploads\/2025\/08\/9-1-300x300.webp 300w, https:\/\/lunayatravel.com\/wp-content\/uploads\/2025\/08\/9-1-100x100.webp 100w, https:\/\/lunayatravel.com\/wp-content\/uploads\/2025\/08\/9-1-150x150.webp 150w, https:\/\/lunayatravel.com\/wp-content\/uploads\/2025\/08\/9-1-75x75.webp 75w\" sizes=\"auto, (max-width: 300px) 100vw, 300px\" \/><h2 class=\"woocommerce-loop-product__title\">\ud83d\udee5\ufe0f Catamaran in Pattaya - 2 islands + Sunset<\/h2>\n\t<span class=\"price\"><span class=\"woocommerce-Price-amount amount\"><bdi><span class=\"woocommerce-Price-currencySymbol\">\u0e3f<\/span>3,300.00<\/bdi><\/span><\/span>\n<\/a><a href=\"https:\/\/lunayatravel.com\/en\/product\/%f0%9f%9b%a5%ef%b8%8f-catamaran-a-pattaya-2-iles-coucher-de-soleil\/\" rel=\"nofollow\" class=\"button\">Select date(s)<\/a>\t<span id=\"woocommerce_loop_add_to_cart_link_describedby_30537\" class=\"screen-reader-text\">\n\t\t\t<\/span>\n<\/li>\n<li class=\"product type-product post-30502 status-publish first instock product_cat-pattaya has-post-thumbnail virtual taxable purchasable product-type-simple\">\n\t<a href=\"https:\/\/lunayatravel.com\/en\/product\/%f0%9f%9b%a5%ef%b8%8f-croisiere-en-catamaran-a-pattaya-serenity-yachting\/\" class=\"woocommerce-LoopProduct-link woocommerce-loop-product__link\"><img loading=\"lazy\" decoding=\"async\" width=\"300\" height=\"300\" src=\"https:\/\/lunayatravel.com\/wp-content\/uploads\/2025\/08\/N12-300x300.webp\" class=\"attachment-woocommerce_thumbnail size-woocommerce_thumbnail\" alt=\"\ud83d\udee5\ufe0f Croisi\u00e8re en catamaran \u00e0 Pattaya \u2013 Serenity Yachting\" srcset=\"https:\/\/lunayatravel.com\/wp-content\/uploads\/2025\/08\/N12-300x300.webp 300w, https:\/\/lunayatravel.com\/wp-content\/uploads\/2025\/08\/N12-100x100.webp 100w, https:\/\/lunayatravel.com\/wp-content\/uploads\/2025\/08\/N12-150x150.webp 150w, https:\/\/lunayatravel.com\/wp-content\/uploads\/2025\/08\/N12-75x75.webp 75w\" sizes=\"auto, (max-width: 300px) 100vw, 300px\" \/><h2 class=\"woocommerce-loop-product__title\">\ud83d\udee5\ufe0f Catamaran cruise in Pattaya - Serenity Yachting<\/h2>\n\t<span class=\"price\"><span class=\"woocommerce-Price-amount amount\"><bdi><span class=\"woocommerce-Price-currencySymbol\">\u0e3f<\/span>3,300.00<\/bdi><\/span><\/span>\n<\/a><a href=\"https:\/\/lunayatravel.com\/en\/product\/%f0%9f%9b%a5%ef%b8%8f-croisiere-en-catamaran-a-pattaya-serenity-yachting\/\" rel=\"nofollow\" class=\"button\">Select date(s)<\/a>\t<span id=\"woocommerce_loop_add_to_cart_link_describedby_30502\" class=\"screen-reader-text\">\n\t\t\t<\/span>\n<\/li>\n<li class=\"product type-product post-30546 status-publish instock product_cat-pattaya has-post-thumbnail virtual taxable purchasable product-type-simple\">\n\t<a href=\"https:\/\/lunayatravel.com\/en\/product\/%f0%9f%9b%a5%ef%b8%8f-diner-croisiere-all-star-avec-spectacle-de-cabaret-pattaya\/\" class=\"woocommerce-LoopProduct-link woocommerce-loop-product__link\"><img loading=\"lazy\" decoding=\"async\" width=\"300\" height=\"300\" src=\"https:\/\/lunayatravel.com\/wp-content\/uploads\/2025\/08\/AllStarCruiseNew1-300x300.webp\" class=\"attachment-woocommerce_thumbnail size-woocommerce_thumbnail\" alt=\"\ud83d\udee5\ufe0f D\u00eener-croisi\u00e8re All Star avec spectacle de cabaret \u2013 Pattaya\" srcset=\"https:\/\/lunayatravel.com\/wp-content\/uploads\/2025\/08\/AllStarCruiseNew1-300x300.webp 300w, https:\/\/lunayatravel.com\/wp-content\/uploads\/2025\/08\/AllStarCruiseNew1-100x100.webp 100w, https:\/\/lunayatravel.com\/wp-content\/uploads\/2025\/08\/AllStarCruiseNew1-150x150.webp 150w, https:\/\/lunayatravel.com\/wp-content\/uploads\/2025\/08\/AllStarCruiseNew1-75x75.webp 75w\" sizes=\"auto, (max-width: 300px) 100vw, 300px\" \/><h2 class=\"woocommerce-loop-product__title\">\ud83d\udee5\ufe0f All Star dinner cruise with cabaret show - Pattaya<\/h2>\n\t<span class=\"price\"><span class=\"woocommerce-Price-amount amount\"><bdi><span class=\"woocommerce-Price-currencySymbol\">\u0e3f<\/span>1,600.00<\/bdi><\/span><\/span>\n<\/a><a href=\"https:\/\/lunayatravel.com\/en\/product\/%f0%9f%9b%a5%ef%b8%8f-diner-croisiere-all-star-avec-spectacle-de-cabaret-pattaya\/\" rel=\"nofollow\" class=\"button\">Select date(s)<\/a>\t<span id=\"woocommerce_loop_add_to_cart_link_describedby_30546\" class=\"screen-reader-text\">\n\t\t\t<\/span>\n<\/li>\n<\/ul>\n<\/div>\n\n\n\n<p><\/p>","protected":false},"excerpt":{"rendered":"","protected":false},"author":1,"featured_media":0,"parent":0,"menu_order":0,"comment_status":"closed","ping_status":"closed","template":"","meta":{"_uag_custom_page_level_css":"","footnotes":""},"class_list":["post-30568","page","type-page","status-publish"],"yoast_head":"<!-- This site is optimized with the Yoast SEO plugin v27.1.1 - https:\/\/yoast.com\/product\/yoast-seo-wordpress\/ -->\n<title>Pattaya - Excursions et activit\u00e9s en Tha\u00eflande | Lunaya Travel<\/title>\n<meta name=\"description\" content=\"D\u00e9couvrez les meilleures excursions en Tha\u00eflande : \u00eeles, snorkeling, bateaux priv\u00e9s, retraites bien-\u00eatre et exp\u00e9riences authentiques avec Lunaya Travel.\" \/>\n<meta name=\"robots\" content=\"index, follow, max-snippet:-1, max-image-preview:large, max-video-preview:-1\" \/>\n<link rel=\"canonical\" href=\"https:\/\/lunayatravel.com\/en\/pattaya\/\" \/>\n<meta property=\"og:locale\" content=\"en_GB\" \/>\n<meta property=\"og:type\" content=\"article\" \/>\n<meta property=\"og:title\" content=\"Pattaya - Excursions et activit\u00e9s en Tha\u00eflande | Lunaya Travel\" \/>\n<meta property=\"og:description\" content=\"D\u00e9couvrez les meilleures excursions en Tha\u00eflande : \u00eeles, snorkeling, bateaux priv\u00e9s, retraites bien-\u00eatre et exp\u00e9riences authentiques avec Lunaya Travel.\" \/>\n<meta property=\"og:url\" content=\"https:\/\/lunayatravel.com\/en\/pattaya\/\" \/>\n<meta property=\"article:publisher\" content=\"https:\/\/www.facebook.com\/lunayaTravel\/\" \/>\n<meta property=\"article:modified_time\" content=\"2025-08-05T08:26:51+00:00\" \/>\n<meta name=\"twitter:card\" content=\"summary_large_image\" \/>\n<script type=\"application\/ld+json\" class=\"yoast-schema-graph\">{\"@context\":\"https:\/\/schema.org\",\"@graph\":[{\"@type\":\"WebPage\",\"@id\":\"https:\/\/lunayatravel.com\/pattaya\/\",\"url\":\"https:\/\/lunayatravel.com\/pattaya\/\",\"name\":\"Pattaya - Excursions et activit\u00e9s en Tha\u00eflande | Lunaya Travel\",\"isPartOf\":{\"@id\":\"https:\/\/lunayatravel.com\/#website\"},\"datePublished\":\"2025-08-05T08:26:48+00:00\",\"dateModified\":\"2025-08-05T08:26:51+00:00\",\"description\":\"D\u00e9couvrez les meilleures excursions en Tha\u00eflande : \u00eeles, snorkeling, bateaux priv\u00e9s, retraites bien-\u00eatre et exp\u00e9riences authentiques avec Lunaya Travel.\",\"breadcrumb\":{\"@id\":\"https:\/\/lunayatravel.com\/pattaya\/#breadcrumb\"},\"inLanguage\":\"en-GB\",\"potentialAction\":[{\"@type\":\"ReadAction\",\"target\":[\"https:\/\/lunayatravel.com\/pattaya\/\"]}]},{\"@type\":\"BreadcrumbList\",\"@id\":\"https:\/\/lunayatravel.com\/pattaya\/#breadcrumb\",\"itemListElement\":[{\"@type\":\"ListItem\",\"position\":1,\"name\":\"Accueil\",\"item\":\"https:\/\/lunayatravel.com\/\"},{\"@type\":\"ListItem\",\"position\":2,\"name\":\"Pattaya\"}]},{\"@type\":\"WebSite\",\"@id\":\"https:\/\/lunayatravel.com\/#website\",\"url\":\"https:\/\/lunayatravel.com\/\",\"name\":\"\",\"description\":\"\",\"publisher\":{\"@id\":\"https:\/\/lunayatravel.com\/#organization\"},\"potentialAction\":[{\"@type\":\"SearchAction\",\"target\":{\"@type\":\"EntryPoint\",\"urlTemplate\":\"https:\/\/lunayatravel.com\/?s={search_term_string}\"},\"query-input\":{\"@type\":\"PropertyValueSpecification\",\"valueRequired\":true,\"valueName\":\"search_term_string\"}}],\"inLanguage\":\"en-GB\"},{\"@type\":\"Organization\",\"@id\":\"https:\/\/lunayatravel.com\/#organization\",\"name\":\"Lunaya travel\",\"alternateName\":\"Lunaya travel\",\"url\":\"https:\/\/lunayatravel.com\/\",\"logo\":{\"@type\":\"ImageObject\",\"inLanguage\":\"en-GB\",\"@id\":\"https:\/\/lunayatravel.com\/#\/schema\/logo\/image\/\",\"url\":\"https:\/\/lunayatravel.com\/wp-content\/uploads\/2026\/03\/cropped-647319118_2379115739204013_337015058165053143_n.jpg\",\"contentUrl\":\"https:\/\/lunayatravel.com\/wp-content\/uploads\/2026\/03\/cropped-647319118_2379115739204013_337015058165053143_n.jpg\",\"width\":1022,\"height\":1023,\"caption\":\"Lunaya travel\"},\"image\":{\"@id\":\"https:\/\/lunayatravel.com\/#\/schema\/logo\/image\/\"},\"sameAs\":[\"https:\/\/www.facebook.com\/lunayaTravel\/\"]}]}<\/script>\n<!-- \/ Yoast SEO plugin. -->","yoast_head_json":{"title":"Pattaya - Excursions et activit\u00e9s en Tha\u00eflande | Lunaya Travel","description":"D\u00e9couvrez les meilleures excursions en Tha\u00eflande : \u00eeles, snorkeling, bateaux priv\u00e9s, retraites bien-\u00eatre et exp\u00e9riences authentiques avec Lunaya Travel.","robots":{"index":"index","follow":"follow","max-snippet":"max-snippet:-1","max-image-preview":"max-image-preview:large","max-video-preview":"max-video-preview:-1"},"canonical":"https:\/\/lunayatravel.com\/en\/pattaya\/","og_locale":"en_GB","og_type":"article","og_title":"Pattaya - Excursions et activit\u00e9s en Tha\u00eflande | Lunaya Travel","og_description":"D\u00e9couvrez les meilleures excursions en Tha\u00eflande : \u00eeles, snorkeling, bateaux priv\u00e9s, retraites bien-\u00eatre et exp\u00e9riences authentiques avec Lunaya Travel.","og_url":"https:\/\/lunayatravel.com\/en\/pattaya\/","article_publisher":"https:\/\/www.facebook.com\/lunayaTravel\/","article_modified_time":"2025-08-05T08:26:51+00:00","twitter_card":"summary_large_image","schema":{"@context":"https:\/\/schema.org","@graph":[{"@type":"WebPage","@id":"https:\/\/lunayatravel.com\/pattaya\/","url":"https:\/\/lunayatravel.com\/pattaya\/","name":"Pattaya - Excursions et activit\u00e9s en Tha\u00eflande | Lunaya Travel","isPartOf":{"@id":"https:\/\/lunayatravel.com\/#website"},"datePublished":"2025-08-05T08:26:48+00:00","dateModified":"2025-08-05T08:26:51+00:00","description":"D\u00e9couvrez les meilleures excursions en Tha\u00eflande : \u00eeles, snorkeling, bateaux priv\u00e9s, retraites bien-\u00eatre et exp\u00e9riences authentiques avec Lunaya Travel.","breadcrumb":{"@id":"https:\/\/lunayatravel.com\/pattaya\/#breadcrumb"},"inLanguage":"en-GB","potentialAction":[{"@type":"ReadAction","target":["https:\/\/lunayatravel.com\/pattaya\/"]}]},{"@type":"BreadcrumbList","@id":"https:\/\/lunayatravel.com\/pattaya\/#breadcrumb","itemListElement":[{"@type":"ListItem","position":1,"name":"Accueil","item":"https:\/\/lunayatravel.com\/"},{"@type":"ListItem","position":2,"name":"Pattaya"}]},{"@type":"WebSite","@id":"https:\/\/lunayatravel.com\/#website","url":"https:\/\/lunayatravel.com\/","name":"","description":"","publisher":{"@id":"https:\/\/lunayatravel.com\/#organization"},"potentialAction":[{"@type":"SearchAction","target":{"@type":"EntryPoint","urlTemplate":"https:\/\/lunayatravel.com\/?s={search_term_string}"},"query-input":{"@type":"PropertyValueSpecification","valueRequired":true,"valueName":"search_term_string"}}],"inLanguage":"en-GB"},{"@type":"Organization","@id":"https:\/\/lunayatravel.com\/#organization","name":"Lunaya travel","alternateName":"Lunaya travel","url":"https:\/\/lunayatravel.com\/","logo":{"@type":"ImageObject","inLanguage":"en-GB","@id":"https:\/\/lunayatravel.com\/#\/schema\/logo\/image\/","url":"https:\/\/lunayatravel.com\/wp-content\/uploads\/2026\/03\/cropped-647319118_2379115739204013_337015058165053143_n.jpg","contentUrl":"https:\/\/lunayatravel.com\/wp-content\/uploads\/2026\/03\/cropped-647319118_2379115739204013_337015058165053143_n.jpg","width":1022,"height":1023,"caption":"Lunaya travel"},"image":{"@id":"https:\/\/lunayatravel.com\/#\/schema\/logo\/image\/"},"sameAs":["https:\/\/www.facebook.com\/lunayaTravel\/"]}]}},"uagb_featured_image_src":{"full":false,"thumbnail":false,"medium":false,"medium_large":false,"large":false,"1536x1536":false,"2048x2048":false,"trp-custom-language-flag":false,"widget-thumbnail":false,"mailpoet_newsletter_max":false,"woocommerce_thumbnail":false,"woocommerce_single":false,"woocommerce_gallery_thumbnail":false,"sow-carousel-default":false},"uagb_author_info":{"display_name":"haemers stephanie","author_link":"https:\/\/lunayatravel.com\/en\/author\/haemers-stephanie\/"},"uagb_comment_info":0,"uagb_excerpt":null,"jetpack_sharing_enabled":true,"_links":{"self":[{"href":"https:\/\/lunayatravel.com\/en\/wp-json\/wp\/v2\/pages\/30568","targetHints":{"allow":["GET"]}}],"collection":[{"href":"https:\/\/lunayatravel.com\/en\/wp-json\/wp\/v2\/pages"}],"about":[{"href":"https:\/\/lunayatravel.com\/en\/wp-json\/wp\/v2\/types\/page"}],"author":[{"embeddable":true,"href":"https:\/\/lunayatravel.com\/en\/wp-json\/wp\/v2\/users\/1"}],"replies":[{"embeddable":true,"href":"https:\/\/lunayatravel.com\/en\/wp-json\/wp\/v2\/comments?post=30568"}],"version-history":[{"count":1,"href":"https:\/\/lunayatravel.com\/en\/wp-json\/wp\/v2\/pages\/30568\/revisions"}],"predecessor-version":[{"id":30569,"href":"https:\/\/lunayatravel.com\/en\/wp-json\/wp\/v2\/pages\/30568\/revisions\/30569"}],"wp:attachment":[{"href":"https:\/\/lunayatravel.com\/en\/wp-json\/wp\/v2\/media?parent=30568"}],"curies":[{"name":"wp","href":"https:\/\/api.w.org\/{rel}","templated":true}]}}