{"id":30490,"date":"2025-08-01T10:42:44","date_gmt":"2025-08-01T08:42:44","guid":{"rendered":"https:\/\/itctoursvoyages.com\/?page_id=30490"},"modified":"2025-08-01T10:42:47","modified_gmt":"2025-08-01T08:42:47","slug":"koh-lipe","status":"publish","type":"page","link":"https:\/\/lunayatravel.com\/en\/koh-lipe\/","title":{"rendered":"Koh Lipe"},"content":{"rendered":"<div class=\"woocommerce columns-4\"><ul class=\"products columns-4\">\n<li class=\"product type-product post-30501 status-publish first instock product_cat-koh-lipe has-post-thumbnail virtual taxable purchasable product-type-simple\">\n\t<a href=\"https:\/\/lunayatravel.com\/en\/product\/%f0%9f%90%a0-snorkeling-a-koh-lipe-en-longtail-boat-et-speedboat-option-3\/\" class=\"woocommerce-LoopProduct-link woocommerce-loop-product__link\"><img loading=\"lazy\" decoding=\"async\" width=\"300\" height=\"300\" src=\"https:\/\/lunayatravel.com\/wp-content\/uploads\/2025\/08\/p_1364314-300x300.webp\" class=\"attachment-woocommerce_thumbnail size-woocommerce_thumbnail\" alt=\"\ud83d\udc20 Snorkeling \u00e0 Koh Lipe en  Speedboat  ( option 3 )\" srcset=\"https:\/\/lunayatravel.com\/wp-content\/uploads\/2025\/08\/p_1364314-300x300.webp 300w, https:\/\/lunayatravel.com\/wp-content\/uploads\/2025\/08\/p_1364314-100x100.webp 100w, https:\/\/lunayatravel.com\/wp-content\/uploads\/2025\/08\/p_1364314-150x150.webp 150w, https:\/\/lunayatravel.com\/wp-content\/uploads\/2025\/08\/p_1364314-75x75.webp 75w\" sizes=\"auto, (max-width: 300px) 100vw, 300px\" \/><h2 class=\"woocommerce-loop-product__title\">\ud83d\udc20 Snorkeling at Koh Lipe by Speedboat ( option 3 )<\/h2>\n\t<span class=\"price\"><span class=\"woocommerce-Price-amount amount\"><bdi><span class=\"woocommerce-Price-currencySymbol\">\u0e3f<\/span>900.00<\/bdi><\/span><\/span>\n<\/a><a href=\"https:\/\/lunayatravel.com\/en\/product\/%f0%9f%90%a0-snorkeling-a-koh-lipe-en-longtail-boat-et-speedboat-option-3\/\" rel=\"nofollow\" class=\"button\">Select date(s)<\/a>\t<span id=\"woocommerce_loop_add_to_cart_link_describedby_30501\" class=\"screen-reader-text\">\n\t\t\t<\/span>\n<\/li>\n<li class=\"product type-product post-30492 status-publish instock product_cat-koh-lipe has-post-thumbnail virtual taxable purchasable product-type-simple\">\n\t<a href=\"https:\/\/lunayatravel.com\/en\/product\/%f0%9f%90%a0-snorkeling-a-koh-lipe-en-longtail-boat-et-speedboat-option-1\/\" class=\"woocommerce-LoopProduct-link woocommerce-loop-product__link\"><img loading=\"lazy\" decoding=\"async\" width=\"300\" height=\"300\" src=\"https:\/\/lunayatravel.com\/wp-content\/uploads\/2025\/08\/p_1364314-300x300.webp\" class=\"attachment-woocommerce_thumbnail size-woocommerce_thumbnail\" alt=\"\ud83d\udc20 Snorkeling \u00e0 Koh Lipe en Longtail Boat et Speedboat  ( option 1 )\" srcset=\"https:\/\/lunayatravel.com\/wp-content\/uploads\/2025\/08\/p_1364314-300x300.webp 300w, https:\/\/lunayatravel.com\/wp-content\/uploads\/2025\/08\/p_1364314-100x100.webp 100w, https:\/\/lunayatravel.com\/wp-content\/uploads\/2025\/08\/p_1364314-150x150.webp 150w, https:\/\/lunayatravel.com\/wp-content\/uploads\/2025\/08\/p_1364314-75x75.webp 75w\" sizes=\"auto, (max-width: 300px) 100vw, 300px\" \/><h2 class=\"woocommerce-loop-product__title\">\ud83d\udc20 Snorkeling at Koh Lipe in Longtail Boat and Speedboat ( option 1 )<\/h2>\n\t<span class=\"price\"><span class=\"woocommerce-Price-amount amount\"><bdi><span class=\"woocommerce-Price-currencySymbol\">\u0e3f<\/span>800.00<\/bdi><\/span><\/span>\n<\/a><a href=\"https:\/\/lunayatravel.com\/en\/product\/%f0%9f%90%a0-snorkeling-a-koh-lipe-en-longtail-boat-et-speedboat-option-1\/\" rel=\"nofollow\" class=\"button\">Select date(s)<\/a>\t<span id=\"woocommerce_loop_add_to_cart_link_describedby_30492\" class=\"screen-reader-text\">\n\t\t\t<\/span>\n<\/li>\n<li class=\"product type-product post-30500 status-publish instock product_cat-koh-lipe has-post-thumbnail virtual taxable purchasable product-type-simple\">\n\t<a href=\"https:\/\/lunayatravel.com\/en\/product\/%f0%9f%90%a0-snorkeling-a-koh-lipe-en-longtail-boat-et-speedboat-option-2\/\" class=\"woocommerce-LoopProduct-link woocommerce-loop-product__link\"><img loading=\"lazy\" decoding=\"async\" width=\"300\" height=\"300\" src=\"https:\/\/lunayatravel.com\/wp-content\/uploads\/2025\/08\/p_1364314-300x300.webp\" class=\"attachment-woocommerce_thumbnail size-woocommerce_thumbnail\" alt=\"\ud83d\udc20 Snorkeling \u00e0 Koh Lipe en Longtail Boat et Speedboat  ( option 2 )\" srcset=\"https:\/\/lunayatravel.com\/wp-content\/uploads\/2025\/08\/p_1364314-300x300.webp 300w, https:\/\/lunayatravel.com\/wp-content\/uploads\/2025\/08\/p_1364314-100x100.webp 100w, https:\/\/lunayatravel.com\/wp-content\/uploads\/2025\/08\/p_1364314-150x150.webp 150w, https:\/\/lunayatravel.com\/wp-content\/uploads\/2025\/08\/p_1364314-75x75.webp 75w\" sizes=\"auto, (max-width: 300px) 100vw, 300px\" \/><h2 class=\"woocommerce-loop-product__title\">\ud83d\udc20 Snorkeling on Koh Lipe in Longtail Boat and Speedboat ( option 2 )<\/h2>\n\t<span class=\"price\"><span class=\"woocommerce-Price-amount amount\"><bdi><span class=\"woocommerce-Price-currencySymbol\">\u0e3f<\/span>900.00<\/bdi><\/span><\/span>\n<\/a><a href=\"https:\/\/lunayatravel.com\/en\/product\/%f0%9f%90%a0-snorkeling-a-koh-lipe-en-longtail-boat-et-speedboat-option-2\/\" rel=\"nofollow\" class=\"button\">Select date(s)<\/a>\t<span id=\"woocommerce_loop_add_to_cart_link_describedby_30500\" class=\"screen-reader-text\">\n\t\t\t<\/span>\n<\/li>\n<\/ul>\n<\/div>\n\n\n\n<p><\/p>","protected":false},"excerpt":{"rendered":"","protected":false},"author":1,"featured_media":0,"parent":0,"menu_order":0,"comment_status":"closed","ping_status":"closed","template":"","meta":{"_uag_custom_page_level_css":"","footnotes":""},"class_list":["post-30490","page","type-page","status-publish"],"yoast_head":"<!-- This site is optimized with the Yoast SEO plugin v27.1.1 - https:\/\/yoast.com\/product\/yoast-seo-wordpress\/ -->\n<title>Koh Lipe - Excursions et activit\u00e9s en Tha\u00eflande | Lunaya Travel<\/title>\n<meta name=\"description\" content=\"D\u00e9couvrez les meilleures excursions en Tha\u00eflande : \u00eeles, snorkeling, bateaux priv\u00e9s, retraites bien-\u00eatre et exp\u00e9riences authentiques avec Lunaya Travel.\" \/>\n<meta name=\"robots\" content=\"index, follow, max-snippet:-1, max-image-preview:large, max-video-preview:-1\" \/>\n<link rel=\"canonical\" href=\"https:\/\/lunayatravel.com\/en\/koh-lipe\/\" \/>\n<meta property=\"og:locale\" content=\"en_GB\" \/>\n<meta property=\"og:type\" content=\"article\" \/>\n<meta property=\"og:title\" content=\"Koh Lipe - Excursions et activit\u00e9s en Tha\u00eflande | Lunaya Travel\" \/>\n<meta property=\"og:description\" content=\"D\u00e9couvrez les meilleures excursions en Tha\u00eflande : \u00eeles, snorkeling, bateaux priv\u00e9s, retraites bien-\u00eatre et exp\u00e9riences authentiques avec Lunaya Travel.\" \/>\n<meta property=\"og:url\" content=\"https:\/\/lunayatravel.com\/en\/koh-lipe\/\" \/>\n<meta property=\"article:publisher\" content=\"https:\/\/www.facebook.com\/lunayaTravel\/\" \/>\n<meta property=\"article:modified_time\" content=\"2025-08-01T08:42:47+00:00\" \/>\n<meta name=\"twitter:card\" content=\"summary_large_image\" \/>\n<script type=\"application\/ld+json\" class=\"yoast-schema-graph\">{\"@context\":\"https:\/\/schema.org\",\"@graph\":[{\"@type\":\"WebPage\",\"@id\":\"https:\/\/lunayatravel.com\/koh-lipe\/\",\"url\":\"https:\/\/lunayatravel.com\/koh-lipe\/\",\"name\":\"Koh Lipe - Excursions et activit\u00e9s en Tha\u00eflande | Lunaya Travel\",\"isPartOf\":{\"@id\":\"https:\/\/lunayatravel.com\/#website\"},\"datePublished\":\"2025-08-01T08:42:44+00:00\",\"dateModified\":\"2025-08-01T08:42:47+00:00\",\"description\":\"D\u00e9couvrez les meilleures excursions en Tha\u00eflande : \u00eeles, snorkeling, bateaux priv\u00e9s, retraites bien-\u00eatre et exp\u00e9riences authentiques avec Lunaya Travel.\",\"breadcrumb\":{\"@id\":\"https:\/\/lunayatravel.com\/koh-lipe\/#breadcrumb\"},\"inLanguage\":\"en-GB\",\"potentialAction\":[{\"@type\":\"ReadAction\",\"target\":[\"https:\/\/lunayatravel.com\/koh-lipe\/\"]}]},{\"@type\":\"BreadcrumbList\",\"@id\":\"https:\/\/lunayatravel.com\/koh-lipe\/#breadcrumb\",\"itemListElement\":[{\"@type\":\"ListItem\",\"position\":1,\"name\":\"Accueil\",\"item\":\"https:\/\/lunayatravel.com\/\"},{\"@type\":\"ListItem\",\"position\":2,\"name\":\"Koh Lipe\"}]},{\"@type\":\"WebSite\",\"@id\":\"https:\/\/lunayatravel.com\/#website\",\"url\":\"https:\/\/lunayatravel.com\/\",\"name\":\"\",\"description\":\"\",\"publisher\":{\"@id\":\"https:\/\/lunayatravel.com\/#organization\"},\"potentialAction\":[{\"@type\":\"SearchAction\",\"target\":{\"@type\":\"EntryPoint\",\"urlTemplate\":\"https:\/\/lunayatravel.com\/?s={search_term_string}\"},\"query-input\":{\"@type\":\"PropertyValueSpecification\",\"valueRequired\":true,\"valueName\":\"search_term_string\"}}],\"inLanguage\":\"en-GB\"},{\"@type\":\"Organization\",\"@id\":\"https:\/\/lunayatravel.com\/#organization\",\"name\":\"Lunaya travel\",\"alternateName\":\"Lunaya travel\",\"url\":\"https:\/\/lunayatravel.com\/\",\"logo\":{\"@type\":\"ImageObject\",\"inLanguage\":\"en-GB\",\"@id\":\"https:\/\/lunayatravel.com\/#\/schema\/logo\/image\/\",\"url\":\"https:\/\/lunayatravel.com\/wp-content\/uploads\/2026\/03\/cropped-647319118_2379115739204013_337015058165053143_n.jpg\",\"contentUrl\":\"https:\/\/lunayatravel.com\/wp-content\/uploads\/2026\/03\/cropped-647319118_2379115739204013_337015058165053143_n.jpg\",\"width\":1022,\"height\":1023,\"caption\":\"Lunaya travel\"},\"image\":{\"@id\":\"https:\/\/lunayatravel.com\/#\/schema\/logo\/image\/\"},\"sameAs\":[\"https:\/\/www.facebook.com\/lunayaTravel\/\"]}]}<\/script>\n<!-- \/ Yoast SEO plugin. -->","yoast_head_json":{"title":"Koh Lipe - Excursions et activit\u00e9s en Tha\u00eflande | Lunaya Travel","description":"D\u00e9couvrez les meilleures excursions en Tha\u00eflande : \u00eeles, snorkeling, bateaux priv\u00e9s, retraites bien-\u00eatre et exp\u00e9riences authentiques avec Lunaya Travel.","robots":{"index":"index","follow":"follow","max-snippet":"max-snippet:-1","max-image-preview":"max-image-preview:large","max-video-preview":"max-video-preview:-1"},"canonical":"https:\/\/lunayatravel.com\/en\/koh-lipe\/","og_locale":"en_GB","og_type":"article","og_title":"Koh Lipe - Excursions et activit\u00e9s en Tha\u00eflande | Lunaya Travel","og_description":"D\u00e9couvrez les meilleures excursions en Tha\u00eflande : \u00eeles, snorkeling, bateaux priv\u00e9s, retraites bien-\u00eatre et exp\u00e9riences authentiques avec Lunaya Travel.","og_url":"https:\/\/lunayatravel.com\/en\/koh-lipe\/","article_publisher":"https:\/\/www.facebook.com\/lunayaTravel\/","article_modified_time":"2025-08-01T08:42:47+00:00","twitter_card":"summary_large_image","schema":{"@context":"https:\/\/schema.org","@graph":[{"@type":"WebPage","@id":"https:\/\/lunayatravel.com\/koh-lipe\/","url":"https:\/\/lunayatravel.com\/koh-lipe\/","name":"Koh Lipe - Excursions et activit\u00e9s en Tha\u00eflande | Lunaya Travel","isPartOf":{"@id":"https:\/\/lunayatravel.com\/#website"},"datePublished":"2025-08-01T08:42:44+00:00","dateModified":"2025-08-01T08:42:47+00:00","description":"D\u00e9couvrez les meilleures excursions en Tha\u00eflande : \u00eeles, snorkeling, bateaux priv\u00e9s, retraites bien-\u00eatre et exp\u00e9riences authentiques avec Lunaya Travel.","breadcrumb":{"@id":"https:\/\/lunayatravel.com\/koh-lipe\/#breadcrumb"},"inLanguage":"en-GB","potentialAction":[{"@type":"ReadAction","target":["https:\/\/lunayatravel.com\/koh-lipe\/"]}]},{"@type":"BreadcrumbList","@id":"https:\/\/lunayatravel.com\/koh-lipe\/#breadcrumb","itemListElement":[{"@type":"ListItem","position":1,"name":"Accueil","item":"https:\/\/lunayatravel.com\/"},{"@type":"ListItem","position":2,"name":"Koh Lipe"}]},{"@type":"WebSite","@id":"https:\/\/lunayatravel.com\/#website","url":"https:\/\/lunayatravel.com\/","name":"","description":"","publisher":{"@id":"https:\/\/lunayatravel.com\/#organization"},"potentialAction":[{"@type":"SearchAction","target":{"@type":"EntryPoint","urlTemplate":"https:\/\/lunayatravel.com\/?s={search_term_string}"},"query-input":{"@type":"PropertyValueSpecification","valueRequired":true,"valueName":"search_term_string"}}],"inLanguage":"en-GB"},{"@type":"Organization","@id":"https:\/\/lunayatravel.com\/#organization","name":"Lunaya travel","alternateName":"Lunaya travel","url":"https:\/\/lunayatravel.com\/","logo":{"@type":"ImageObject","inLanguage":"en-GB","@id":"https:\/\/lunayatravel.com\/#\/schema\/logo\/image\/","url":"https:\/\/lunayatravel.com\/wp-content\/uploads\/2026\/03\/cropped-647319118_2379115739204013_337015058165053143_n.jpg","contentUrl":"https:\/\/lunayatravel.com\/wp-content\/uploads\/2026\/03\/cropped-647319118_2379115739204013_337015058165053143_n.jpg","width":1022,"height":1023,"caption":"Lunaya travel"},"image":{"@id":"https:\/\/lunayatravel.com\/#\/schema\/logo\/image\/"},"sameAs":["https:\/\/www.facebook.com\/lunayaTravel\/"]}]}},"uagb_featured_image_src":{"full":false,"thumbnail":false,"medium":false,"medium_large":false,"large":false,"1536x1536":false,"2048x2048":false,"trp-custom-language-flag":false,"widget-thumbnail":false,"mailpoet_newsletter_max":false,"woocommerce_thumbnail":false,"woocommerce_single":false,"woocommerce_gallery_thumbnail":false,"sow-carousel-default":false},"uagb_author_info":{"display_name":"haemers stephanie","author_link":"https:\/\/lunayatravel.com\/en\/author\/haemers-stephanie\/"},"uagb_comment_info":0,"uagb_excerpt":null,"jetpack_sharing_enabled":true,"_links":{"self":[{"href":"https:\/\/lunayatravel.com\/en\/wp-json\/wp\/v2\/pages\/30490","targetHints":{"allow":["GET"]}}],"collection":[{"href":"https:\/\/lunayatravel.com\/en\/wp-json\/wp\/v2\/pages"}],"about":[{"href":"https:\/\/lunayatravel.com\/en\/wp-json\/wp\/v2\/types\/page"}],"author":[{"embeddable":true,"href":"https:\/\/lunayatravel.com\/en\/wp-json\/wp\/v2\/users\/1"}],"replies":[{"embeddable":true,"href":"https:\/\/lunayatravel.com\/en\/wp-json\/wp\/v2\/comments?post=30490"}],"version-history":[{"count":1,"href":"https:\/\/lunayatravel.com\/en\/wp-json\/wp\/v2\/pages\/30490\/revisions"}],"predecessor-version":[{"id":30491,"href":"https:\/\/lunayatravel.com\/en\/wp-json\/wp\/v2\/pages\/30490\/revisions\/30491"}],"wp:attachment":[{"href":"https:\/\/lunayatravel.com\/en\/wp-json\/wp\/v2\/media?parent=30490"}],"curies":[{"name":"wp","href":"https:\/\/api.w.org\/{rel}","templated":true}]}}