{"id":30084,"date":"2025-07-26T11:46:58","date_gmt":"2025-07-26T09:46:58","guid":{"rendered":"https:\/\/itctoursvoyages.com\/?page_id=30084"},"modified":"2025-07-26T11:47:02","modified_gmt":"2025-07-26T09:47:02","slug":"chiang-rai","status":"publish","type":"page","link":"https:\/\/lunayatravel.com\/en\/chiang-rai\/","title":{"rendered":"Chiang Rai"},"content":{"rendered":"<div class=\"woocommerce columns-4\"><ul class=\"products columns-4\">\n<li class=\"product type-product post-30114 status-publish first instock product_cat-chiang-rai has-post-thumbnail virtual taxable purchasable product-type-simple\">\n\t<a href=\"https:\/\/lunayatravel.com\/en\/product\/tribus-akha-yao-chiang-rai-excursion\/\" class=\"woocommerce-LoopProduct-link woocommerce-loop-product__link\"><img loading=\"lazy\" decoding=\"async\" width=\"300\" height=\"300\" src=\"https:\/\/lunayatravel.com\/wp-content\/uploads\/2025\/07\/pic1-300x300.webp\" class=\"attachment-woocommerce_thumbnail size-woocommerce_thumbnail\" alt=\"tribu\" srcset=\"https:\/\/lunayatravel.com\/wp-content\/uploads\/2025\/07\/pic1-300x300.webp 300w, https:\/\/lunayatravel.com\/wp-content\/uploads\/2025\/07\/pic1-100x100.webp 100w, https:\/\/lunayatravel.com\/wp-content\/uploads\/2025\/07\/pic1-150x150.webp 150w, https:\/\/lunayatravel.com\/wp-content\/uploads\/2025\/07\/pic1-75x75.webp 75w\" sizes=\"auto, (max-width: 300px) 100vw, 300px\" \/><h2 class=\"woocommerce-loop-product__title\">Akha and Yao Hill Tribe Half-Day \u2013 Chiang Rai<\/h2>\n\t<span class=\"price\"><span class=\"woocommerce-Price-amount amount\"><bdi><span class=\"woocommerce-Price-currencySymbol\">\u0e3f<\/span>2,700.00<\/bdi><\/span><\/span>\n<\/a><a href=\"https:\/\/lunayatravel.com\/en\/product\/tribus-akha-yao-chiang-rai-excursion\/\" rel=\"nofollow\" class=\"button\">Select date(s)<\/a>\t<span id=\"woocommerce_loop_add_to_cart_link_describedby_30114\" class=\"screen-reader-text\">\n\t\t\t<\/span>\n<\/li>\n<li class=\"product type-product post-30113 status-publish instock product_cat-chiang-rai has-post-thumbnail virtual taxable purchasable product-type-simple\">\n\t<a href=\"https:\/\/lunayatravel.com\/en\/product\/triangle-or-mae-sai-doi-mae-salong-chiang-rai\/\" class=\"woocommerce-LoopProduct-link woocommerce-loop-product__link\"><img loading=\"lazy\" decoding=\"async\" width=\"300\" height=\"300\" src=\"https:\/\/lunayatravel.com\/wp-content\/uploads\/2025\/07\/16-1-300x300.webp\" class=\"attachment-woocommerce_thumbnail size-woocommerce_thumbnail\" alt=\"mae sai\" srcset=\"https:\/\/lunayatravel.com\/wp-content\/uploads\/2025\/07\/16-1-300x300.webp 300w, https:\/\/lunayatravel.com\/wp-content\/uploads\/2025\/07\/16-1-100x100.webp 100w, https:\/\/lunayatravel.com\/wp-content\/uploads\/2025\/07\/16-1-150x150.webp 150w, https:\/\/lunayatravel.com\/wp-content\/uploads\/2025\/07\/16-1-75x75.webp 75w\" sizes=\"auto, (max-width: 300px) 100vw, 300px\" \/><h2 class=\"woocommerce-loop-product__title\">Doi Mae Salong, Mae Sai &amp; Golden Triangle \u2013 Excursion<\/h2>\n\t<span class=\"price\"><span class=\"woocommerce-Price-amount amount\"><bdi><span class=\"woocommerce-Price-currencySymbol\">\u0e3f<\/span>3,600.00<\/bdi><\/span><\/span>\n<\/a><a href=\"https:\/\/lunayatravel.com\/en\/product\/triangle-or-mae-sai-doi-mae-salong-chiang-rai\/\" rel=\"nofollow\" class=\"button\">Select date(s)<\/a>\t<span id=\"woocommerce_loop_add_to_cart_link_describedby_30113\" class=\"screen-reader-text\">\n\t\t\t<\/span>\n<\/li>\n<li class=\"product type-product post-30109 status-publish instock product_cat-chiang-rai has-post-thumbnail virtual taxable purchasable product-type-simple\">\n\t<a href=\"https:\/\/lunayatravel.com\/en\/product\/doi-tung-triangle-or-chiang-rai\/\" class=\"woocommerce-LoopProduct-link woocommerce-loop-product__link\"><img loading=\"lazy\" decoding=\"async\" width=\"300\" height=\"300\" src=\"https:\/\/lunayatravel.com\/wp-content\/uploads\/2025\/07\/Doi_Tung1-300x300.webp\" class=\"attachment-woocommerce_thumbnail size-woocommerce_thumbnail\" alt=\"triangle d&#039;or\" srcset=\"https:\/\/lunayatravel.com\/wp-content\/uploads\/2025\/07\/Doi_Tung1-300x300.webp 300w, https:\/\/lunayatravel.com\/wp-content\/uploads\/2025\/07\/Doi_Tung1-100x100.webp 100w, https:\/\/lunayatravel.com\/wp-content\/uploads\/2025\/07\/Doi_Tung1-150x150.webp 150w, https:\/\/lunayatravel.com\/wp-content\/uploads\/2025\/07\/Doi_Tung1-75x75.webp 75w\" sizes=\"auto, (max-width: 300px) 100vw, 300px\" \/><h2 class=\"woocommerce-loop-product__title\">Doi Tung Royal Villa &amp; Golden Triangle<\/h2>\n\t<span class=\"price\"><span class=\"woocommerce-Price-amount amount\"><bdi><span class=\"woocommerce-Price-currencySymbol\">\u0e3f<\/span>3,600.00<\/bdi><\/span><\/span>\n<\/a><a href=\"https:\/\/lunayatravel.com\/en\/product\/doi-tung-triangle-or-chiang-rai\/\" rel=\"nofollow\" class=\"button\">Select date(s)<\/a>\t<span id=\"woocommerce_loop_add_to_cart_link_describedby_30109\" class=\"screen-reader-text\">\n\t\t\t<\/span>\n<\/li>\n<li class=\"product type-product post-30104 status-publish last instock product_cat-chiang-rai has-post-thumbnail virtual taxable purchasable product-type-simple\">\n\t<a href=\"https:\/\/lunayatravel.com\/en\/product\/doi-chang-doi-wawee-chiang-rai-cafe-the\/\" class=\"woocommerce-LoopProduct-link woocommerce-loop-product__link\"><img loading=\"lazy\" decoding=\"async\" width=\"300\" height=\"300\" src=\"https:\/\/lunayatravel.com\/wp-content\/uploads\/2025\/07\/Doi_Wawee-300x300.webp\" class=\"attachment-woocommerce_thumbnail size-woocommerce_thumbnail\" alt=\"caf\u00e9\" srcset=\"https:\/\/lunayatravel.com\/wp-content\/uploads\/2025\/07\/Doi_Wawee-300x300.webp 300w, https:\/\/lunayatravel.com\/wp-content\/uploads\/2025\/07\/Doi_Wawee-100x100.webp 100w, https:\/\/lunayatravel.com\/wp-content\/uploads\/2025\/07\/Doi_Wawee-150x150.webp 150w, https:\/\/lunayatravel.com\/wp-content\/uploads\/2025\/07\/Doi_Wawee-75x75.webp 75w\" sizes=\"auto, (max-width: 300px) 100vw, 300px\" \/><h2 class=\"woocommerce-loop-product__title\">Doi Wawee &amp; Doi Chang \u2013 Coffee, tea and ethnic villages<\/h2>\n\t<span class=\"price\"><span class=\"woocommerce-Price-amount amount\"><bdi><span class=\"woocommerce-Price-currencySymbol\">\u0e3f<\/span>4,000.00<\/bdi><\/span><\/span>\n<\/a><a href=\"https:\/\/lunayatravel.com\/en\/product\/doi-chang-doi-wawee-chiang-rai-cafe-the\/\" rel=\"nofollow\" class=\"button\">Select date(s)<\/a>\t<span id=\"woocommerce_loop_add_to_cart_link_describedby_30104\" class=\"screen-reader-text\">\n\t\t\t<\/span>\n<\/li>\n<li class=\"product type-product post-30118 status-publish first instock product_cat-chiang-rai has-post-thumbnail virtual taxable purchasable product-type-simple\">\n\t<a href=\"https:\/\/lunayatravel.com\/en\/product\/velo-chiang-rai-temple-blanc-excursion\/\" class=\"woocommerce-LoopProduct-link woocommerce-loop-product__link\"><img loading=\"lazy\" decoding=\"async\" width=\"300\" height=\"300\" src=\"https:\/\/lunayatravel.com\/wp-content\/uploads\/2025\/07\/1-3-300x300.webp\" class=\"attachment-woocommerce_thumbnail size-woocommerce_thumbnail\" alt=\"chiang rai\" srcset=\"https:\/\/lunayatravel.com\/wp-content\/uploads\/2025\/07\/1-3-300x300.webp 300w, https:\/\/lunayatravel.com\/wp-content\/uploads\/2025\/07\/1-3-100x100.webp 100w, https:\/\/lunayatravel.com\/wp-content\/uploads\/2025\/07\/1-3-150x150.webp 150w, https:\/\/lunayatravel.com\/wp-content\/uploads\/2025\/07\/1-3-75x75.webp 75w\" sizes=\"auto, (max-width: 300px) 100vw, 300px\" \/><h2 class=\"woocommerce-loop-product__title\">Chiang Rai Cycle Excursion \u2013 Countryside &amp; White Temple<\/h2>\n\t<span class=\"price\"><span class=\"woocommerce-Price-amount amount\"><bdi><span class=\"woocommerce-Price-currencySymbol\">\u0e3f<\/span>2,050.00<\/bdi><\/span><\/span>\n<\/a><a href=\"https:\/\/lunayatravel.com\/en\/product\/velo-chiang-rai-temple-blanc-excursion\/\" rel=\"nofollow\" class=\"button\">Select date(s)<\/a>\t<span id=\"woocommerce_loop_add_to_cart_link_describedby_30118\" class=\"screen-reader-text\">\n\t\t\t<\/span>\n<\/li>\n<li class=\"product type-product post-30086 status-publish instock product_cat-chiang-rai has-post-thumbnail virtual taxable purchasable product-type-simple\">\n\t<a href=\"https:\/\/lunayatravel.com\/en\/product\/7-incontournables-chiang-rai-excursion\/\" class=\"woocommerce-LoopProduct-link woocommerce-loop-product__link\"><img loading=\"lazy\" decoding=\"async\" width=\"300\" height=\"300\" src=\"https:\/\/lunayatravel.com\/wp-content\/uploads\/2025\/07\/1-1-1-300x300.webp\" class=\"attachment-woocommerce_thumbnail size-woocommerce_thumbnail\" alt=\"Les 7 incontournables de Chiang Rai \u2013 Excursion d\u2019une journ\u00e9e\" srcset=\"https:\/\/lunayatravel.com\/wp-content\/uploads\/2025\/07\/1-1-1-300x300.webp 300w, https:\/\/lunayatravel.com\/wp-content\/uploads\/2025\/07\/1-1-1-100x100.webp 100w, https:\/\/lunayatravel.com\/wp-content\/uploads\/2025\/07\/1-1-1-150x150.webp 150w, https:\/\/lunayatravel.com\/wp-content\/uploads\/2025\/07\/1-1-1-75x75.webp 75w\" sizes=\"auto, (max-width: 300px) 100vw, 300px\" \/><h2 class=\"woocommerce-loop-product__title\">Chiang Rai's 7 must-sees \u2013 Day trip<\/h2>\n\t<span class=\"price\"><span class=\"woocommerce-Price-amount amount\"><bdi><span class=\"woocommerce-Price-currencySymbol\">\u0e3f<\/span>1,500.00<\/bdi><\/span><\/span>\n<\/a><a href=\"https:\/\/lunayatravel.com\/en\/product\/7-incontournables-chiang-rai-excursion\/\" rel=\"nofollow\" class=\"button\">Select date(s)<\/a>\t<span id=\"woocommerce_loop_add_to_cart_link_describedby_30086\" class=\"screen-reader-text\">\n\t\t\t<\/span>\n<\/li>\n<li class=\"product type-product post-30096 status-publish instock product_cat-chiang-rai has-post-thumbnail virtual taxable purchasable product-type-simple\">\n\t<a href=\"https:\/\/lunayatravel.com\/en\/product\/trek-chiang-rai-tribus-montagnardes\/\" class=\"woocommerce-LoopProduct-link woocommerce-loop-product__link\"><img loading=\"lazy\" decoding=\"async\" width=\"300\" height=\"300\" src=\"https:\/\/lunayatravel.com\/wp-content\/uploads\/2025\/07\/LAHU-10-300x300.webp\" class=\"attachment-woocommerce_thumbnail size-woocommerce_thumbnail\" alt=\"trek\" srcset=\"https:\/\/lunayatravel.com\/wp-content\/uploads\/2025\/07\/LAHU-10-300x300.webp 300w, https:\/\/lunayatravel.com\/wp-content\/uploads\/2025\/07\/LAHU-10-100x100.webp 100w, https:\/\/lunayatravel.com\/wp-content\/uploads\/2025\/07\/LAHU-10-150x150.webp 150w, https:\/\/lunayatravel.com\/wp-content\/uploads\/2025\/07\/LAHU-10-75x75.webp 75w\" sizes=\"auto, (max-width: 300px) 100vw, 300px\" \/><h2 class=\"woocommerce-loop-product__title\">Trekking in the mountain tribes \u2013 Nature excursion<\/h2>\n\t<span class=\"price\"><span class=\"woocommerce-Price-amount amount\"><bdi><span class=\"woocommerce-Price-currencySymbol\">\u0e3f<\/span>3,200.00<\/bdi><\/span><\/span>\n<\/a><a href=\"https:\/\/lunayatravel.com\/en\/product\/trek-chiang-rai-tribus-montagnardes\/\" rel=\"nofollow\" class=\"button\">Select date(s)<\/a>\t<span id=\"woocommerce_loop_add_to_cart_link_describedby_30096\" class=\"screen-reader-text\">\n\t\t\t<\/span>\n<\/li>\n<li class=\"product type-product post-30092 status-publish last instock product_cat-chiang-rai has-post-thumbnail taxable shipping-taxable purchasable product-type-simple\">\n\t<a href=\"https:\/\/lunayatravel.com\/en\/product\/%f0%9f%9a%b4%e2%99%82%ef%b8%8f-excursion-a-velo-au-temple-blanc-demi-journee-immersive\/\" class=\"woocommerce-LoopProduct-link woocommerce-loop-product__link\"><img loading=\"lazy\" decoding=\"async\" width=\"300\" height=\"300\" src=\"https:\/\/lunayatravel.com\/wp-content\/uploads\/2025\/07\/biking_chiangrai8-300x300.webp\" class=\"attachment-woocommerce_thumbnail size-woocommerce_thumbnail\" alt=\"\ud83d\udeb4\u200d\u2642\ufe0f Excursion \u00e0 v\u00e9lo au Temple Blanc \u2013 Demi-journ\u00e9e immersive\" srcset=\"https:\/\/lunayatravel.com\/wp-content\/uploads\/2025\/07\/biking_chiangrai8-300x300.webp 300w, https:\/\/lunayatravel.com\/wp-content\/uploads\/2025\/07\/biking_chiangrai8-100x100.webp 100w, https:\/\/lunayatravel.com\/wp-content\/uploads\/2025\/07\/biking_chiangrai8-150x150.webp 150w, https:\/\/lunayatravel.com\/wp-content\/uploads\/2025\/07\/biking_chiangrai8-75x75.webp 75w\" sizes=\"auto, (max-width: 300px) 100vw, 300px\" \/><h2 class=\"woocommerce-loop-product__title\">\ud83d\udeb4\u200d\u2642\ufe0f Bike trip to the Temple Blanc - Immersive half-day trip<\/h2>\n\t<span class=\"price\"><span class=\"woocommerce-Price-amount amount\"><bdi><span class=\"woocommerce-Price-currencySymbol\">\u0e3f<\/span>1,600.00<\/bdi><\/span><\/span>\n<\/a><a href=\"https:\/\/lunayatravel.com\/en\/product\/%f0%9f%9a%b4%e2%99%82%ef%b8%8f-excursion-a-velo-au-temple-blanc-demi-journee-immersive\/\" rel=\"nofollow\" class=\"button\">Select date(s)<\/a>\t<span id=\"woocommerce_loop_add_to_cart_link_describedby_30092\" class=\"screen-reader-text\">\n\t\t\t<\/span>\n<\/li>\n<\/ul>\n<\/div>","protected":false},"excerpt":{"rendered":"","protected":false},"author":1,"featured_media":0,"parent":0,"menu_order":0,"comment_status":"closed","ping_status":"closed","template":"","meta":{"_uag_custom_page_level_css":"","footnotes":""},"class_list":["post-30084","page","type-page","status-publish"],"yoast_head":"<!-- This site is optimized with the Yoast SEO plugin v27.1.1 - https:\/\/yoast.com\/product\/yoast-seo-wordpress\/ -->\n<title>Chiang Rai - Excursions et activit\u00e9s en Tha\u00eflande | Lunaya Travel<\/title>\n<meta name=\"description\" content=\"D\u00e9couvrez les meilleures excursions en Tha\u00eflande : \u00eeles, snorkeling, bateaux priv\u00e9s, retraites bien-\u00eatre et exp\u00e9riences authentiques avec Lunaya Travel.\" \/>\n<meta name=\"robots\" content=\"index, follow, max-snippet:-1, max-image-preview:large, max-video-preview:-1\" \/>\n<link rel=\"canonical\" href=\"https:\/\/lunayatravel.com\/en\/chiang-rai\/\" \/>\n<meta property=\"og:locale\" content=\"en_GB\" \/>\n<meta property=\"og:type\" content=\"article\" \/>\n<meta property=\"og:title\" content=\"Chiang Rai - Excursions et activit\u00e9s en Tha\u00eflande | Lunaya Travel\" \/>\n<meta property=\"og:description\" content=\"D\u00e9couvrez les meilleures excursions en Tha\u00eflande : \u00eeles, snorkeling, bateaux priv\u00e9s, retraites bien-\u00eatre et exp\u00e9riences authentiques avec Lunaya Travel.\" \/>\n<meta property=\"og:url\" content=\"https:\/\/lunayatravel.com\/en\/chiang-rai\/\" \/>\n<meta property=\"article:publisher\" content=\"https:\/\/www.facebook.com\/lunayaTravel\/\" \/>\n<meta property=\"article:modified_time\" content=\"2025-07-26T09:47:02+00:00\" \/>\n<meta name=\"twitter:card\" content=\"summary_large_image\" \/>\n<script type=\"application\/ld+json\" class=\"yoast-schema-graph\">{\"@context\":\"https:\/\/schema.org\",\"@graph\":[{\"@type\":\"WebPage\",\"@id\":\"https:\/\/lunayatravel.com\/chiang-rai\/\",\"url\":\"https:\/\/lunayatravel.com\/chiang-rai\/\",\"name\":\"Chiang Rai - Excursions et activit\u00e9s en Tha\u00eflande | Lunaya Travel\",\"isPartOf\":{\"@id\":\"https:\/\/lunayatravel.com\/#website\"},\"datePublished\":\"2025-07-26T09:46:58+00:00\",\"dateModified\":\"2025-07-26T09:47:02+00:00\",\"description\":\"D\u00e9couvrez les meilleures excursions en Tha\u00eflande : \u00eeles, snorkeling, bateaux priv\u00e9s, retraites bien-\u00eatre et exp\u00e9riences authentiques avec Lunaya Travel.\",\"breadcrumb\":{\"@id\":\"https:\/\/lunayatravel.com\/chiang-rai\/#breadcrumb\"},\"inLanguage\":\"en-GB\",\"potentialAction\":[{\"@type\":\"ReadAction\",\"target\":[\"https:\/\/lunayatravel.com\/chiang-rai\/\"]}]},{\"@type\":\"BreadcrumbList\",\"@id\":\"https:\/\/lunayatravel.com\/chiang-rai\/#breadcrumb\",\"itemListElement\":[{\"@type\":\"ListItem\",\"position\":1,\"name\":\"Accueil\",\"item\":\"https:\/\/lunayatravel.com\/\"},{\"@type\":\"ListItem\",\"position\":2,\"name\":\"Chiang Rai\"}]},{\"@type\":\"WebSite\",\"@id\":\"https:\/\/lunayatravel.com\/#website\",\"url\":\"https:\/\/lunayatravel.com\/\",\"name\":\"\",\"description\":\"\",\"publisher\":{\"@id\":\"https:\/\/lunayatravel.com\/#organization\"},\"potentialAction\":[{\"@type\":\"SearchAction\",\"target\":{\"@type\":\"EntryPoint\",\"urlTemplate\":\"https:\/\/lunayatravel.com\/?s={search_term_string}\"},\"query-input\":{\"@type\":\"PropertyValueSpecification\",\"valueRequired\":true,\"valueName\":\"search_term_string\"}}],\"inLanguage\":\"en-GB\"},{\"@type\":\"Organization\",\"@id\":\"https:\/\/lunayatravel.com\/#organization\",\"name\":\"Lunaya travel\",\"alternateName\":\"Lunaya travel\",\"url\":\"https:\/\/lunayatravel.com\/\",\"logo\":{\"@type\":\"ImageObject\",\"inLanguage\":\"en-GB\",\"@id\":\"https:\/\/lunayatravel.com\/#\/schema\/logo\/image\/\",\"url\":\"https:\/\/lunayatravel.com\/wp-content\/uploads\/2026\/03\/cropped-647319118_2379115739204013_337015058165053143_n.jpg\",\"contentUrl\":\"https:\/\/lunayatravel.com\/wp-content\/uploads\/2026\/03\/cropped-647319118_2379115739204013_337015058165053143_n.jpg\",\"width\":1022,\"height\":1023,\"caption\":\"Lunaya travel\"},\"image\":{\"@id\":\"https:\/\/lunayatravel.com\/#\/schema\/logo\/image\/\"},\"sameAs\":[\"https:\/\/www.facebook.com\/lunayaTravel\/\"]}]}<\/script>\n<!-- \/ Yoast SEO plugin. -->","yoast_head_json":{"title":"Chiang Rai - Excursions et activit\u00e9s en Tha\u00eflande | Lunaya Travel","description":"D\u00e9couvrez les meilleures excursions en Tha\u00eflande : \u00eeles, snorkeling, bateaux priv\u00e9s, retraites bien-\u00eatre et exp\u00e9riences authentiques avec Lunaya Travel.","robots":{"index":"index","follow":"follow","max-snippet":"max-snippet:-1","max-image-preview":"max-image-preview:large","max-video-preview":"max-video-preview:-1"},"canonical":"https:\/\/lunayatravel.com\/en\/chiang-rai\/","og_locale":"en_GB","og_type":"article","og_title":"Chiang Rai - Excursions et activit\u00e9s en Tha\u00eflande | Lunaya Travel","og_description":"D\u00e9couvrez les meilleures excursions en Tha\u00eflande : \u00eeles, snorkeling, bateaux priv\u00e9s, retraites bien-\u00eatre et exp\u00e9riences authentiques avec Lunaya Travel.","og_url":"https:\/\/lunayatravel.com\/en\/chiang-rai\/","article_publisher":"https:\/\/www.facebook.com\/lunayaTravel\/","article_modified_time":"2025-07-26T09:47:02+00:00","twitter_card":"summary_large_image","schema":{"@context":"https:\/\/schema.org","@graph":[{"@type":"WebPage","@id":"https:\/\/lunayatravel.com\/chiang-rai\/","url":"https:\/\/lunayatravel.com\/chiang-rai\/","name":"Chiang Rai - Excursions et activit\u00e9s en Tha\u00eflande | Lunaya Travel","isPartOf":{"@id":"https:\/\/lunayatravel.com\/#website"},"datePublished":"2025-07-26T09:46:58+00:00","dateModified":"2025-07-26T09:47:02+00:00","description":"D\u00e9couvrez les meilleures excursions en Tha\u00eflande : \u00eeles, snorkeling, bateaux priv\u00e9s, retraites bien-\u00eatre et exp\u00e9riences authentiques avec Lunaya Travel.","breadcrumb":{"@id":"https:\/\/lunayatravel.com\/chiang-rai\/#breadcrumb"},"inLanguage":"en-GB","potentialAction":[{"@type":"ReadAction","target":["https:\/\/lunayatravel.com\/chiang-rai\/"]}]},{"@type":"BreadcrumbList","@id":"https:\/\/lunayatravel.com\/chiang-rai\/#breadcrumb","itemListElement":[{"@type":"ListItem","position":1,"name":"Accueil","item":"https:\/\/lunayatravel.com\/"},{"@type":"ListItem","position":2,"name":"Chiang Rai"}]},{"@type":"WebSite","@id":"https:\/\/lunayatravel.com\/#website","url":"https:\/\/lunayatravel.com\/","name":"","description":"","publisher":{"@id":"https:\/\/lunayatravel.com\/#organization"},"potentialAction":[{"@type":"SearchAction","target":{"@type":"EntryPoint","urlTemplate":"https:\/\/lunayatravel.com\/?s={search_term_string}"},"query-input":{"@type":"PropertyValueSpecification","valueRequired":true,"valueName":"search_term_string"}}],"inLanguage":"en-GB"},{"@type":"Organization","@id":"https:\/\/lunayatravel.com\/#organization","name":"Lunaya travel","alternateName":"Lunaya travel","url":"https:\/\/lunayatravel.com\/","logo":{"@type":"ImageObject","inLanguage":"en-GB","@id":"https:\/\/lunayatravel.com\/#\/schema\/logo\/image\/","url":"https:\/\/lunayatravel.com\/wp-content\/uploads\/2026\/03\/cropped-647319118_2379115739204013_337015058165053143_n.jpg","contentUrl":"https:\/\/lunayatravel.com\/wp-content\/uploads\/2026\/03\/cropped-647319118_2379115739204013_337015058165053143_n.jpg","width":1022,"height":1023,"caption":"Lunaya travel"},"image":{"@id":"https:\/\/lunayatravel.com\/#\/schema\/logo\/image\/"},"sameAs":["https:\/\/www.facebook.com\/lunayaTravel\/"]}]}},"uagb_featured_image_src":{"full":false,"thumbnail":false,"medium":false,"medium_large":false,"large":false,"1536x1536":false,"2048x2048":false,"trp-custom-language-flag":false,"widget-thumbnail":false,"mailpoet_newsletter_max":false,"woocommerce_thumbnail":false,"woocommerce_single":false,"woocommerce_gallery_thumbnail":false,"sow-carousel-default":false},"uagb_author_info":{"display_name":"haemers stephanie","author_link":"https:\/\/lunayatravel.com\/en\/author\/haemers-stephanie\/"},"uagb_comment_info":0,"uagb_excerpt":null,"jetpack_sharing_enabled":true,"_links":{"self":[{"href":"https:\/\/lunayatravel.com\/en\/wp-json\/wp\/v2\/pages\/30084","targetHints":{"allow":["GET"]}}],"collection":[{"href":"https:\/\/lunayatravel.com\/en\/wp-json\/wp\/v2\/pages"}],"about":[{"href":"https:\/\/lunayatravel.com\/en\/wp-json\/wp\/v2\/types\/page"}],"author":[{"embeddable":true,"href":"https:\/\/lunayatravel.com\/en\/wp-json\/wp\/v2\/users\/1"}],"replies":[{"embeddable":true,"href":"https:\/\/lunayatravel.com\/en\/wp-json\/wp\/v2\/comments?post=30084"}],"version-history":[{"count":1,"href":"https:\/\/lunayatravel.com\/en\/wp-json\/wp\/v2\/pages\/30084\/revisions"}],"predecessor-version":[{"id":30085,"href":"https:\/\/lunayatravel.com\/en\/wp-json\/wp\/v2\/pages\/30084\/revisions\/30085"}],"wp:attachment":[{"href":"https:\/\/lunayatravel.com\/en\/wp-json\/wp\/v2\/media?parent=30084"}],"curies":[{"name":"wp","href":"https:\/\/api.w.org\/{rel}","templated":true}]}}