{"id":29895,"date":"2025-07-21T09:07:21","date_gmt":"2025-07-21T07:07:21","guid":{"rendered":"https:\/\/itctoursvoyages.com\/?page_id=29895"},"modified":"2025-08-01T10:04:12","modified_gmt":"2025-08-01T08:04:12","slug":"activites-khao-sok","status":"publish","type":"page","link":"https:\/\/lunayatravel.com\/en\/activites-khao-sok\/","title":{"rendered":"Khao Sok"},"content":{"rendered":"<div class=\"woocommerce columns-4\"><ul class=\"products columns-4\">\n<li class=\"product type-product post-30612 status-publish first instock product_cat-khao-sok has-post-thumbnail virtual taxable purchasable product-type-simple\">\n\t<a href=\"https:\/\/lunayatravel.com\/en\/product\/baignade-elephants-khao-sok\/\" class=\"woocommerce-LoopProduct-link woocommerce-loop-product__link\"><img loading=\"lazy\" decoding=\"async\" width=\"300\" height=\"300\" src=\"https:\/\/lunayatravel.com\/wp-content\/uploads\/2025\/08\/20181028_104126-scaled-300x300.webp\" class=\"attachment-woocommerce_thumbnail size-woocommerce_thumbnail\" alt=\"khao sok\" srcset=\"https:\/\/lunayatravel.com\/wp-content\/uploads\/2025\/08\/20181028_104126-scaled-300x300.webp 300w, https:\/\/lunayatravel.com\/wp-content\/uploads\/2025\/08\/20181028_104126-scaled-100x100.webp 100w, https:\/\/lunayatravel.com\/wp-content\/uploads\/2025\/08\/20181028_104126-150x150.webp 150w, https:\/\/lunayatravel.com\/wp-content\/uploads\/2025\/08\/20181028_104126-75x75.webp 75w\" sizes=\"auto, (max-width: 300px) 100vw, 300px\" \/><h2 class=\"woocommerce-loop-product__title\">Swimming with elephants in Khao Sok<\/h2>\n\t<span class=\"price\"><span class=\"woocommerce-Price-amount amount\"><bdi><span class=\"woocommerce-Price-currencySymbol\">\u0e3f<\/span>1,400.00<\/bdi><\/span><\/span>\n<\/a><a href=\"https:\/\/lunayatravel.com\/en\/product\/baignade-elephants-khao-sok\/\" rel=\"nofollow\" class=\"button\">Select date(s)<\/a>\t<span id=\"woocommerce_loop_add_to_cart_link_describedby_30612\" class=\"screen-reader-text\">\n\t\t\t<\/span>\n<\/li>\n<li class=\"product type-product post-30726 status-publish instock product_cat-khao-sok has-post-thumbnail virtual taxable purchasable product-type-simple\">\n\t<a href=\"https:\/\/lunayatravel.com\/en\/product\/khao-sok-excursion-nature-au-lac-cheow-lan-et-randonnee-dans-la-jungle\/\" class=\"woocommerce-LoopProduct-link woocommerce-loop-product__link\"><img loading=\"lazy\" decoding=\"async\" width=\"300\" height=\"300\" src=\"https:\/\/lunayatravel.com\/wp-content\/uploads\/2025\/12\/515782574_788266403629744_8474149708248663543_n-300x300.jpg\" class=\"attachment-woocommerce_thumbnail size-woocommerce_thumbnail\" alt=\"khao sok\" srcset=\"https:\/\/lunayatravel.com\/wp-content\/uploads\/2025\/12\/515782574_788266403629744_8474149708248663543_n-300x300.jpg 300w, https:\/\/lunayatravel.com\/wp-content\/uploads\/2025\/12\/515782574_788266403629744_8474149708248663543_n-150x150.jpg 150w, https:\/\/lunayatravel.com\/wp-content\/uploads\/2025\/12\/515782574_788266403629744_8474149708248663543_n-75x75.jpg 75w, https:\/\/lunayatravel.com\/wp-content\/uploads\/2025\/12\/515782574_788266403629744_8474149708248663543_n-100x100.jpg 100w\" sizes=\"auto, (max-width: 300px) 100vw, 300px\" \/><h2 class=\"woocommerce-loop-product__title\">Khao Sok \u2013 Cheow Lan Lake &amp; Jungle Trek<\/h2>\n\t<span class=\"price\"><span class=\"woocommerce-Price-amount amount\"><bdi><span class=\"woocommerce-Price-currencySymbol\">\u0e3f<\/span>10,500.00<\/bdi><\/span><span class=\"wceb-price-format\"> \/ day<\/span><\/span>\n<\/a><a href=\"https:\/\/lunayatravel.com\/en\/product\/khao-sok-excursion-nature-au-lac-cheow-lan-et-randonnee-dans-la-jungle\/\" rel=\"nofollow\" class=\"button\">Select date(s)<\/a>\t<span id=\"woocommerce_loop_add_to_cart_link_describedby_30726\" class=\"screen-reader-text\">\n\t\t\t<\/span>\n<\/li>\n<li class=\"product type-product post-30603 status-publish instock product_cat-khao-sok has-post-thumbnail virtual taxable purchasable product-type-simple\">\n\t<a href=\"https:\/\/lunayatravel.com\/en\/product\/bird-watching-khao-sok\/\" class=\"woocommerce-LoopProduct-link woocommerce-loop-product__link\"><img loading=\"lazy\" decoding=\"async\" width=\"300\" height=\"300\" src=\"https:\/\/lunayatravel.com\/wp-content\/uploads\/2025\/08\/Birdwatching-Our-Jungle-Khao-Sok-National-Park-5-1024x995-1-300x300.jpg\" class=\"attachment-woocommerce_thumbnail size-woocommerce_thumbnail\" alt=\"observation d&#039;oiseaux\" srcset=\"https:\/\/lunayatravel.com\/wp-content\/uploads\/2025\/08\/Birdwatching-Our-Jungle-Khao-Sok-National-Park-5-1024x995-1-300x300.jpg 300w, https:\/\/lunayatravel.com\/wp-content\/uploads\/2025\/08\/Birdwatching-Our-Jungle-Khao-Sok-National-Park-5-1024x995-1-100x100.jpg 100w, https:\/\/lunayatravel.com\/wp-content\/uploads\/2025\/08\/Birdwatching-Our-Jungle-Khao-Sok-National-Park-5-1024x995-1-150x150.jpg 150w, https:\/\/lunayatravel.com\/wp-content\/uploads\/2025\/08\/Birdwatching-Our-Jungle-Khao-Sok-National-Park-5-1024x995-1-75x75.jpg 75w\" sizes=\"auto, (max-width: 300px) 100vw, 300px\" \/><h2 class=\"woocommerce-loop-product__title\">Birdwatching in Khao Sok \u2013 Excursion<\/h2>\n\t<span class=\"price\"><span class=\"woocommerce-Price-amount amount\"><bdi><span class=\"woocommerce-Price-currencySymbol\">\u0e3f<\/span>1,700.00<\/bdi><\/span><\/span>\n<\/a><a href=\"https:\/\/lunayatravel.com\/en\/product\/bird-watching-khao-sok\/\" rel=\"nofollow\" class=\"button\">Select date(s)<\/a>\t<span id=\"woocommerce_loop_add_to_cart_link_describedby_30603\" class=\"screen-reader-text\">\n\t\t\t<\/span>\n<\/li>\n<li class=\"product type-product post-30589 status-publish last instock product_cat-khao-sok has-post-thumbnail taxable shipping-taxable purchasable product-type-simple\">\n\t<a href=\"https:\/\/lunayatravel.com\/en\/product\/%f0%9f%8c%8c-randonnee-nocturne-dans-la-jungle-de-khao-sok\/\" class=\"woocommerce-LoopProduct-link woocommerce-loop-product__link\"><img loading=\"lazy\" decoding=\"async\" width=\"300\" height=\"237\" src=\"https:\/\/lunayatravel.com\/wp-content\/uploads\/2025\/08\/telecharger-5-300x237.webp\" class=\"attachment-woocommerce_thumbnail size-woocommerce_thumbnail\" alt=\"\ud83c\udf0c Randonn\u00e9e Nocturne dans la Jungle de Khao Sok\" \/><h2 class=\"woocommerce-loop-product__title\">\ud83c\udf0c Night hike in the Khao Sok Jungle<\/h2>\n\t<span class=\"price\"><span class=\"woocommerce-Price-amount amount\"><bdi><span class=\"woocommerce-Price-currencySymbol\">\u0e3f<\/span>750.00<\/bdi><\/span><\/span>\n<\/a><a href=\"https:\/\/lunayatravel.com\/en\/product\/%f0%9f%8c%8c-randonnee-nocturne-dans-la-jungle-de-khao-sok\/\" rel=\"nofollow\" class=\"button\">Select date(s)<\/a>\t<span id=\"woocommerce_loop_add_to_cart_link_describedby_30589\" class=\"screen-reader-text\">\n\t\t\t<\/span>\n<\/li>\n<li class=\"product type-product post-30584 status-publish first instock product_cat-khao-sok has-post-thumbnail virtual taxable purchasable product-type-simple\">\n\t<a href=\"https:\/\/lunayatravel.com\/en\/product\/%f0%9f%8c%ba-randonnee-rafflesia-a-la-decouverte-de-la-plus-grande-fleur-du-monde\/\" class=\"woocommerce-LoopProduct-link woocommerce-loop-product__link\"><img loading=\"lazy\" decoding=\"async\" width=\"300\" height=\"234\" src=\"https:\/\/lunayatravel.com\/wp-content\/uploads\/2025\/08\/OIP-6-300x234.webp\" class=\"attachment-woocommerce_thumbnail size-woocommerce_thumbnail\" alt=\"\ud83c\udf3a Randonn\u00e9e Rafflesia \u2013 \u00c0 la d\u00e9couverte de la plus grande fleur du monde\" \/><h2 class=\"woocommerce-loop-product__title\">\ud83c\udf3a Rafflesia walk - Discovering the world's largest flower<\/h2>\n\t<span class=\"price\"><span class=\"woocommerce-Price-amount amount\"><bdi><span class=\"woocommerce-Price-currencySymbol\">\u0e3f<\/span>1,000.00<\/bdi><\/span><\/span>\n<\/a><a href=\"https:\/\/lunayatravel.com\/en\/product\/%f0%9f%8c%ba-randonnee-rafflesia-a-la-decouverte-de-la-plus-grande-fleur-du-monde\/\" rel=\"nofollow\" class=\"button\">Select date(s)<\/a>\t<span id=\"woocommerce_loop_add_to_cart_link_describedby_30584\" class=\"screen-reader-text\">\n\t\t\t<\/span>\n<\/li>\n<li class=\"product type-product post-30607 status-publish instock product_cat-khao-sok has-post-thumbnail virtual taxable purchasable product-type-simple\">\n\t<a href=\"https:\/\/lunayatravel.com\/en\/product\/%f0%9f%90%98-experience-ethique-avec-les-elephants-khao-sok\/\" class=\"woocommerce-LoopProduct-link woocommerce-loop-product__link\"><img loading=\"lazy\" decoding=\"async\" width=\"300\" height=\"300\" src=\"https:\/\/lunayatravel.com\/wp-content\/uploads\/2025\/08\/Elephant-300x300.jpg\" class=\"attachment-woocommerce_thumbnail size-woocommerce_thumbnail\" alt=\"\ud83d\udc18 Exp\u00e9rience \u00c9thique avec les \u00c9l\u00e9phants \u2013 Khao Sok\" srcset=\"https:\/\/lunayatravel.com\/wp-content\/uploads\/2025\/08\/Elephant-300x300.jpg 300w, https:\/\/lunayatravel.com\/wp-content\/uploads\/2025\/08\/Elephant-100x100.jpg 100w, https:\/\/lunayatravel.com\/wp-content\/uploads\/2025\/08\/Elephant-150x150.jpg 150w, https:\/\/lunayatravel.com\/wp-content\/uploads\/2025\/08\/Elephant-75x75.jpg 75w\" sizes=\"auto, (max-width: 300px) 100vw, 300px\" \/><h2 class=\"woocommerce-loop-product__title\">\ud83d\udc18 Ethical Experience with Elephants - Khao Sok<\/h2>\n\t<span class=\"price\"><span class=\"woocommerce-Price-amount amount\"><bdi><span class=\"woocommerce-Price-currencySymbol\">\u0e3f<\/span>1,600.00<\/bdi><\/span><\/span>\n<\/a><a href=\"https:\/\/lunayatravel.com\/en\/product\/%f0%9f%90%98-experience-ethique-avec-les-elephants-khao-sok\/\" rel=\"nofollow\" class=\"button\">Select date(s)<\/a>\t<span id=\"woocommerce_loop_add_to_cart_link_describedby_30607\" class=\"screen-reader-text\">\n\t\t\t<\/span>\n<\/li>\n<li class=\"product type-product post-30598 status-publish instock product_cat-khao-sok has-post-thumbnail virtual taxable purchasable product-type-simple\">\n\t<a href=\"https:\/\/lunayatravel.com\/en\/product\/%f0%9f%90%a6-bird-watching-journee-complete-a-khao-sok\/\" class=\"woocommerce-LoopProduct-link woocommerce-loop-product__link\"><img loading=\"lazy\" decoding=\"async\" width=\"300\" height=\"300\" src=\"https:\/\/lunayatravel.com\/wp-content\/uploads\/2025\/08\/Birdwatching-Our-Jungle-Khao-Sok-National-Park-5-1024x995-1-300x300.jpg\" class=\"attachment-woocommerce_thumbnail size-woocommerce_thumbnail\" alt=\"observation d&#039;oiseaux\" srcset=\"https:\/\/lunayatravel.com\/wp-content\/uploads\/2025\/08\/Birdwatching-Our-Jungle-Khao-Sok-National-Park-5-1024x995-1-300x300.jpg 300w, https:\/\/lunayatravel.com\/wp-content\/uploads\/2025\/08\/Birdwatching-Our-Jungle-Khao-Sok-National-Park-5-1024x995-1-100x100.jpg 100w, https:\/\/lunayatravel.com\/wp-content\/uploads\/2025\/08\/Birdwatching-Our-Jungle-Khao-Sok-National-Park-5-1024x995-1-150x150.jpg 150w, https:\/\/lunayatravel.com\/wp-content\/uploads\/2025\/08\/Birdwatching-Our-Jungle-Khao-Sok-National-Park-5-1024x995-1-75x75.jpg 75w\" sizes=\"auto, (max-width: 300px) 100vw, 300px\" \/><h2 class=\"woocommerce-loop-product__title\">\ud83d\udc26 Bird Watching - Full day at Khao Sok<\/h2>\n\t<span class=\"price\"><span class=\"woocommerce-Price-amount amount\"><bdi><span class=\"woocommerce-Price-currencySymbol\">\u0e3f<\/span>3,300.00<\/bdi><\/span><\/span>\n<\/a><a href=\"https:\/\/lunayatravel.com\/en\/product\/%f0%9f%90%a6-bird-watching-journee-complete-a-khao-sok\/\" rel=\"nofollow\" class=\"button\">Select date(s)<\/a>\t<span id=\"woocommerce_loop_add_to_cart_link_describedby_30598\" class=\"screen-reader-text\">\n\t\t\t<\/span>\n<\/li>\n<li class=\"product type-product post-30604 status-publish last instock product_cat-khao-sok has-post-thumbnail virtual taxable purchasable product-type-simple\">\n\t<a href=\"https:\/\/lunayatravel.com\/en\/product\/%f0%9f%9b%b6-bamboo-rafting-detente-sur-la-riviere-klong-phanom\/\" class=\"woocommerce-LoopProduct-link woocommerce-loop-product__link\"><img loading=\"lazy\" decoding=\"async\" width=\"300\" height=\"300\" src=\"https:\/\/lunayatravel.com\/wp-content\/uploads\/2025\/08\/OIP-12-300x300.webp\" class=\"attachment-woocommerce_thumbnail size-woocommerce_thumbnail\" alt=\"\ud83d\udef6 Bamboo Rafting \u2013 D\u00e9tente sur la rivi\u00e8re Klong Phanom\" srcset=\"https:\/\/lunayatravel.com\/wp-content\/uploads\/2025\/08\/OIP-12-300x300.webp 300w, https:\/\/lunayatravel.com\/wp-content\/uploads\/2025\/08\/OIP-12-100x100.webp 100w, https:\/\/lunayatravel.com\/wp-content\/uploads\/2025\/08\/OIP-12-150x150.webp 150w, https:\/\/lunayatravel.com\/wp-content\/uploads\/2025\/08\/OIP-12-75x75.webp 75w\" sizes=\"auto, (max-width: 300px) 100vw, 300px\" \/><h2 class=\"woocommerce-loop-product__title\">\ud83d\udef6 Bamboo Rafting - Relaxation on the Klong Phanom river<\/h2>\n\t<span class=\"price\"><span class=\"woocommerce-Price-amount amount\"><bdi><span class=\"woocommerce-Price-currencySymbol\">\u0e3f<\/span>1,150.00<\/bdi><\/span><\/span>\n<\/a><a href=\"https:\/\/lunayatravel.com\/en\/product\/%f0%9f%9b%b6-bamboo-rafting-detente-sur-la-riviere-klong-phanom\/\" rel=\"nofollow\" class=\"button\">Select date(s)<\/a>\t<span id=\"woocommerce_loop_add_to_cart_link_describedby_30604\" class=\"screen-reader-text\">\n\t\t\t<\/span>\n<\/li>\n<li class=\"product type-product post-30583 status-publish first instock product_cat-khao-sok has-post-thumbnail virtual taxable purchasable product-type-simple\">\n\t<a href=\"https:\/\/lunayatravel.com\/en\/product\/%f0%9f%9b%b6-private-lake-tours-demi-journee\/\" class=\"woocommerce-LoopProduct-link woocommerce-loop-product__link\"><img loading=\"lazy\" decoding=\"async\" width=\"300\" height=\"300\" src=\"https:\/\/lunayatravel.com\/wp-content\/uploads\/2025\/08\/KhaoSok_PrivateLongtailBoatTouratCheowLanLake-300x300.jpg\" class=\"attachment-woocommerce_thumbnail size-woocommerce_thumbnail\" alt=\"\ud83d\udef6 Private Lake Tours \u2013 Demi- Journ\u00e9e\" srcset=\"https:\/\/lunayatravel.com\/wp-content\/uploads\/2025\/08\/KhaoSok_PrivateLongtailBoatTouratCheowLanLake-300x300.jpg 300w, https:\/\/lunayatravel.com\/wp-content\/uploads\/2025\/08\/KhaoSok_PrivateLongtailBoatTouratCheowLanLake-100x100.jpg 100w, https:\/\/lunayatravel.com\/wp-content\/uploads\/2025\/08\/KhaoSok_PrivateLongtailBoatTouratCheowLanLake-150x150.jpg 150w, https:\/\/lunayatravel.com\/wp-content\/uploads\/2025\/08\/KhaoSok_PrivateLongtailBoatTouratCheowLanLake-75x75.jpg 75w\" sizes=\"auto, (max-width: 300px) 100vw, 300px\" \/><h2 class=\"woocommerce-loop-product__title\">\ud83d\udef6 Private Lake Tours - Half Day<\/h2>\n\t<span class=\"price\"><span class=\"woocommerce-Price-amount amount\"><bdi><span class=\"woocommerce-Price-currencySymbol\">\u0e3f<\/span>750.00<\/bdi><\/span><\/span>\n<\/a><a href=\"https:\/\/lunayatravel.com\/en\/product\/%f0%9f%9b%b6-private-lake-tours-demi-journee\/\" rel=\"nofollow\" class=\"button\">Select date(s)<\/a>\t<span id=\"woocommerce_loop_add_to_cart_link_describedby_30583\" class=\"screen-reader-text\">\n\t\t\t<\/span>\n<\/li>\n<li class=\"product type-product post-30578 status-publish instock product_cat-khao-sok has-post-thumbnail virtual taxable purchasable product-type-simple\">\n\t<a href=\"https:\/\/lunayatravel.com\/en\/product\/%f0%9f%9b%b6-private-lake-tours-journee\/\" class=\"woocommerce-LoopProduct-link woocommerce-loop-product__link\"><img loading=\"lazy\" decoding=\"async\" width=\"300\" height=\"300\" src=\"https:\/\/lunayatravel.com\/wp-content\/uploads\/2025\/08\/KhaoSok_PrivateLongtailBoatTouratCheowLanLake-300x300.jpg\" class=\"attachment-woocommerce_thumbnail size-woocommerce_thumbnail\" alt=\"\ud83d\udef6 Private Lake Tours \u2013 Journ\u00e9e\" srcset=\"https:\/\/lunayatravel.com\/wp-content\/uploads\/2025\/08\/KhaoSok_PrivateLongtailBoatTouratCheowLanLake-300x300.jpg 300w, https:\/\/lunayatravel.com\/wp-content\/uploads\/2025\/08\/KhaoSok_PrivateLongtailBoatTouratCheowLanLake-100x100.jpg 100w, https:\/\/lunayatravel.com\/wp-content\/uploads\/2025\/08\/KhaoSok_PrivateLongtailBoatTouratCheowLanLake-150x150.jpg 150w, https:\/\/lunayatravel.com\/wp-content\/uploads\/2025\/08\/KhaoSok_PrivateLongtailBoatTouratCheowLanLake-75x75.jpg 75w\" sizes=\"auto, (max-width: 300px) 100vw, 300px\" \/><h2 class=\"woocommerce-loop-product__title\">\ud83d\udef6 Private Lake Tours - Full day<\/h2>\n\t<span class=\"price\"><span class=\"woocommerce-Price-amount amount\"><bdi><span class=\"woocommerce-Price-currencySymbol\">\u0e3f<\/span>1,400.00<\/bdi><\/span><\/span>\n<\/a><a href=\"https:\/\/lunayatravel.com\/en\/product\/%f0%9f%9b%b6-private-lake-tours-journee\/\" rel=\"nofollow\" class=\"button\">Select date(s)<\/a>\t<span id=\"woocommerce_loop_add_to_cart_link_describedby_30578\" class=\"screen-reader-text\">\n\t\t\t<\/span>\n<\/li>\n<li class=\"product type-product post-30594 status-publish instock product_cat-khao-sok has-post-thumbnail virtual taxable purchasable product-type-simple\">\n\t<a href=\"https:\/\/lunayatravel.com\/en\/product\/%f0%9f%9b%b6-raft-trek-cave-klong-phanom-national-park\/\" class=\"woocommerce-LoopProduct-link woocommerce-loop-product__link\"><img loading=\"lazy\" decoding=\"async\" width=\"300\" height=\"300\" src=\"https:\/\/lunayatravel.com\/wp-content\/uploads\/2025\/08\/OIP-9-300x300.webp\" class=\"attachment-woocommerce_thumbnail size-woocommerce_thumbnail\" alt=\"\ud83d\udef6 Raft, Trek &amp; Cave \u2013 Klong Phanom National Park\" srcset=\"https:\/\/lunayatravel.com\/wp-content\/uploads\/2025\/08\/OIP-9-300x300.webp 300w, https:\/\/lunayatravel.com\/wp-content\/uploads\/2025\/08\/OIP-9-100x100.webp 100w, https:\/\/lunayatravel.com\/wp-content\/uploads\/2025\/08\/OIP-9-150x150.webp 150w, https:\/\/lunayatravel.com\/wp-content\/uploads\/2025\/08\/OIP-9-75x75.webp 75w\" sizes=\"auto, (max-width: 300px) 100vw, 300px\" \/><h2 class=\"woocommerce-loop-product__title\">\ud83d\udef6 Raft, Trek &amp; Cave - Klong Phanom National Park<\/h2>\n\t<span class=\"price\"><span class=\"woocommerce-Price-amount amount\"><bdi><span class=\"woocommerce-Price-currencySymbol\">\u0e3f<\/span>1,700.00<\/bdi><\/span><\/span>\n<\/a><a href=\"https:\/\/lunayatravel.com\/en\/product\/%f0%9f%9b%b6-raft-trek-cave-klong-phanom-national-park\/\" rel=\"nofollow\" class=\"button\">Select date(s)<\/a>\t<span id=\"woocommerce_loop_add_to_cart_link_describedby_30594\" class=\"screen-reader-text\">\n\t\t\t<\/span>\n<\/li>\n<\/ul>\n<\/div>","protected":false},"excerpt":{"rendered":"","protected":false},"author":1,"featured_media":0,"parent":0,"menu_order":0,"comment_status":"closed","ping_status":"closed","template":"","meta":{"_uag_custom_page_level_css":"","footnotes":""},"class_list":["post-29895","page","type-page","status-publish"],"yoast_head":"<!-- This site is optimized with the Yoast SEO plugin v27.1.1 - https:\/\/yoast.com\/product\/yoast-seo-wordpress\/ -->\n<title>Khao Sok - Excursions et activit\u00e9s en Tha\u00eflande | Lunaya Travel<\/title>\n<meta name=\"description\" content=\"D\u00e9couvrez les meilleures excursions en Tha\u00eflande : \u00eeles, snorkeling, bateaux priv\u00e9s, retraites bien-\u00eatre et exp\u00e9riences authentiques avec Lunaya Travel.\" \/>\n<meta name=\"robots\" content=\"index, follow, max-snippet:-1, max-image-preview:large, max-video-preview:-1\" \/>\n<link rel=\"canonical\" href=\"https:\/\/lunayatravel.com\/en\/activites-khao-sok\/\" \/>\n<meta property=\"og:locale\" content=\"en_GB\" \/>\n<meta property=\"og:type\" content=\"article\" \/>\n<meta property=\"og:title\" content=\"Khao Sok - Excursions et activit\u00e9s en Tha\u00eflande | Lunaya Travel\" \/>\n<meta property=\"og:description\" content=\"D\u00e9couvrez les meilleures excursions en Tha\u00eflande : \u00eeles, snorkeling, bateaux priv\u00e9s, retraites bien-\u00eatre et exp\u00e9riences authentiques avec Lunaya Travel.\" \/>\n<meta property=\"og:url\" content=\"https:\/\/lunayatravel.com\/en\/activites-khao-sok\/\" \/>\n<meta property=\"article:publisher\" content=\"https:\/\/www.facebook.com\/lunayaTravel\/\" \/>\n<meta property=\"article:modified_time\" content=\"2025-08-01T08:04:12+00:00\" \/>\n<meta name=\"twitter:card\" content=\"summary_large_image\" \/>\n<script type=\"application\/ld+json\" class=\"yoast-schema-graph\">{\"@context\":\"https:\/\/schema.org\",\"@graph\":[{\"@type\":\"WebPage\",\"@id\":\"https:\/\/lunayatravel.com\/activites-khao-sok\/\",\"url\":\"https:\/\/lunayatravel.com\/activites-khao-sok\/\",\"name\":\"Khao Sok - Excursions et activit\u00e9s en Tha\u00eflande | Lunaya Travel\",\"isPartOf\":{\"@id\":\"https:\/\/lunayatravel.com\/#website\"},\"datePublished\":\"2025-07-21T07:07:21+00:00\",\"dateModified\":\"2025-08-01T08:04:12+00:00\",\"description\":\"D\u00e9couvrez les meilleures excursions en Tha\u00eflande : \u00eeles, snorkeling, bateaux priv\u00e9s, retraites bien-\u00eatre et exp\u00e9riences authentiques avec Lunaya Travel.\",\"breadcrumb\":{\"@id\":\"https:\/\/lunayatravel.com\/activites-khao-sok\/#breadcrumb\"},\"inLanguage\":\"en-GB\",\"potentialAction\":[{\"@type\":\"ReadAction\",\"target\":[\"https:\/\/lunayatravel.com\/activites-khao-sok\/\"]}]},{\"@type\":\"BreadcrumbList\",\"@id\":\"https:\/\/lunayatravel.com\/activites-khao-sok\/#breadcrumb\",\"itemListElement\":[{\"@type\":\"ListItem\",\"position\":1,\"name\":\"Accueil\",\"item\":\"https:\/\/lunayatravel.com\/\"},{\"@type\":\"ListItem\",\"position\":2,\"name\":\"Khao Sok\"}]},{\"@type\":\"WebSite\",\"@id\":\"https:\/\/lunayatravel.com\/#website\",\"url\":\"https:\/\/lunayatravel.com\/\",\"name\":\"\",\"description\":\"\",\"publisher\":{\"@id\":\"https:\/\/lunayatravel.com\/#organization\"},\"potentialAction\":[{\"@type\":\"SearchAction\",\"target\":{\"@type\":\"EntryPoint\",\"urlTemplate\":\"https:\/\/lunayatravel.com\/?s={search_term_string}\"},\"query-input\":{\"@type\":\"PropertyValueSpecification\",\"valueRequired\":true,\"valueName\":\"search_term_string\"}}],\"inLanguage\":\"en-GB\"},{\"@type\":\"Organization\",\"@id\":\"https:\/\/lunayatravel.com\/#organization\",\"name\":\"Lunaya travel\",\"alternateName\":\"Lunaya travel\",\"url\":\"https:\/\/lunayatravel.com\/\",\"logo\":{\"@type\":\"ImageObject\",\"inLanguage\":\"en-GB\",\"@id\":\"https:\/\/lunayatravel.com\/#\/schema\/logo\/image\/\",\"url\":\"https:\/\/lunayatravel.com\/wp-content\/uploads\/2026\/03\/cropped-647319118_2379115739204013_337015058165053143_n.jpg\",\"contentUrl\":\"https:\/\/lunayatravel.com\/wp-content\/uploads\/2026\/03\/cropped-647319118_2379115739204013_337015058165053143_n.jpg\",\"width\":1022,\"height\":1023,\"caption\":\"Lunaya travel\"},\"image\":{\"@id\":\"https:\/\/lunayatravel.com\/#\/schema\/logo\/image\/\"},\"sameAs\":[\"https:\/\/www.facebook.com\/lunayaTravel\/\"]}]}<\/script>\n<!-- \/ Yoast SEO plugin. -->","yoast_head_json":{"title":"Khao Sok - Excursions et activit\u00e9s en Tha\u00eflande | Lunaya Travel","description":"D\u00e9couvrez les meilleures excursions en Tha\u00eflande : \u00eeles, snorkeling, bateaux priv\u00e9s, retraites bien-\u00eatre et exp\u00e9riences authentiques avec Lunaya Travel.","robots":{"index":"index","follow":"follow","max-snippet":"max-snippet:-1","max-image-preview":"max-image-preview:large","max-video-preview":"max-video-preview:-1"},"canonical":"https:\/\/lunayatravel.com\/en\/activites-khao-sok\/","og_locale":"en_GB","og_type":"article","og_title":"Khao Sok - Excursions et activit\u00e9s en Tha\u00eflande | Lunaya Travel","og_description":"D\u00e9couvrez les meilleures excursions en Tha\u00eflande : \u00eeles, snorkeling, bateaux priv\u00e9s, retraites bien-\u00eatre et exp\u00e9riences authentiques avec Lunaya Travel.","og_url":"https:\/\/lunayatravel.com\/en\/activites-khao-sok\/","article_publisher":"https:\/\/www.facebook.com\/lunayaTravel\/","article_modified_time":"2025-08-01T08:04:12+00:00","twitter_card":"summary_large_image","schema":{"@context":"https:\/\/schema.org","@graph":[{"@type":"WebPage","@id":"https:\/\/lunayatravel.com\/activites-khao-sok\/","url":"https:\/\/lunayatravel.com\/activites-khao-sok\/","name":"Khao Sok - Excursions et activit\u00e9s en Tha\u00eflande | Lunaya Travel","isPartOf":{"@id":"https:\/\/lunayatravel.com\/#website"},"datePublished":"2025-07-21T07:07:21+00:00","dateModified":"2025-08-01T08:04:12+00:00","description":"D\u00e9couvrez les meilleures excursions en Tha\u00eflande : \u00eeles, snorkeling, bateaux priv\u00e9s, retraites bien-\u00eatre et exp\u00e9riences authentiques avec Lunaya Travel.","breadcrumb":{"@id":"https:\/\/lunayatravel.com\/activites-khao-sok\/#breadcrumb"},"inLanguage":"en-GB","potentialAction":[{"@type":"ReadAction","target":["https:\/\/lunayatravel.com\/activites-khao-sok\/"]}]},{"@type":"BreadcrumbList","@id":"https:\/\/lunayatravel.com\/activites-khao-sok\/#breadcrumb","itemListElement":[{"@type":"ListItem","position":1,"name":"Accueil","item":"https:\/\/lunayatravel.com\/"},{"@type":"ListItem","position":2,"name":"Khao Sok"}]},{"@type":"WebSite","@id":"https:\/\/lunayatravel.com\/#website","url":"https:\/\/lunayatravel.com\/","name":"","description":"","publisher":{"@id":"https:\/\/lunayatravel.com\/#organization"},"potentialAction":[{"@type":"SearchAction","target":{"@type":"EntryPoint","urlTemplate":"https:\/\/lunayatravel.com\/?s={search_term_string}"},"query-input":{"@type":"PropertyValueSpecification","valueRequired":true,"valueName":"search_term_string"}}],"inLanguage":"en-GB"},{"@type":"Organization","@id":"https:\/\/lunayatravel.com\/#organization","name":"Lunaya travel","alternateName":"Lunaya travel","url":"https:\/\/lunayatravel.com\/","logo":{"@type":"ImageObject","inLanguage":"en-GB","@id":"https:\/\/lunayatravel.com\/#\/schema\/logo\/image\/","url":"https:\/\/lunayatravel.com\/wp-content\/uploads\/2026\/03\/cropped-647319118_2379115739204013_337015058165053143_n.jpg","contentUrl":"https:\/\/lunayatravel.com\/wp-content\/uploads\/2026\/03\/cropped-647319118_2379115739204013_337015058165053143_n.jpg","width":1022,"height":1023,"caption":"Lunaya travel"},"image":{"@id":"https:\/\/lunayatravel.com\/#\/schema\/logo\/image\/"},"sameAs":["https:\/\/www.facebook.com\/lunayaTravel\/"]}]}},"uagb_featured_image_src":{"full":false,"thumbnail":false,"medium":false,"medium_large":false,"large":false,"1536x1536":false,"2048x2048":false,"trp-custom-language-flag":false,"widget-thumbnail":false,"mailpoet_newsletter_max":false,"woocommerce_thumbnail":false,"woocommerce_single":false,"woocommerce_gallery_thumbnail":false,"sow-carousel-default":false},"uagb_author_info":{"display_name":"haemers stephanie","author_link":"https:\/\/lunayatravel.com\/en\/author\/haemers-stephanie\/"},"uagb_comment_info":0,"uagb_excerpt":null,"jetpack_sharing_enabled":true,"_links":{"self":[{"href":"https:\/\/lunayatravel.com\/en\/wp-json\/wp\/v2\/pages\/29895","targetHints":{"allow":["GET"]}}],"collection":[{"href":"https:\/\/lunayatravel.com\/en\/wp-json\/wp\/v2\/pages"}],"about":[{"href":"https:\/\/lunayatravel.com\/en\/wp-json\/wp\/v2\/types\/page"}],"author":[{"embeddable":true,"href":"https:\/\/lunayatravel.com\/en\/wp-json\/wp\/v2\/users\/1"}],"replies":[{"embeddable":true,"href":"https:\/\/lunayatravel.com\/en\/wp-json\/wp\/v2\/comments?post=29895"}],"version-history":[{"count":2,"href":"https:\/\/lunayatravel.com\/en\/wp-json\/wp\/v2\/pages\/29895\/revisions"}],"predecessor-version":[{"id":30474,"href":"https:\/\/lunayatravel.com\/en\/wp-json\/wp\/v2\/pages\/29895\/revisions\/30474"}],"wp:attachment":[{"href":"https:\/\/lunayatravel.com\/en\/wp-json\/wp\/v2\/media?parent=29895"}],"curies":[{"name":"wp","href":"https:\/\/api.w.org\/{rel}","templated":true}]}}