{"id":29874,"date":"2025-07-21T07:50:10","date_gmt":"2025-07-21T05:50:10","guid":{"rendered":"https:\/\/itctoursvoyages.com\/?page_id=29874"},"modified":"2025-08-01T10:03:52","modified_gmt":"2025-08-01T08:03:52","slug":"activites-hua-hin","status":"publish","type":"page","link":"https:\/\/lunayatravel.com\/en\/activites-hua-hin\/","title":{"rendered":"Hua Hin"},"content":{"rendered":"<div class=\"woocommerce columns-3\">\n<div class=\"woof_products_top_panel_content\">\n    <\/div>\n<div class=\"woof_products_top_panel\"><\/div><div class=\"woocommerce-notices-wrapper\"><\/div><p class=\"woocommerce-result-count\" role=\"alert\" aria-relevant=\"all\" >\n\tShowing all 2 results<\/p>\n<form class=\"woocommerce-ordering\" method=\"get\" action=\"\">\n\t\t<select\n\t\tname=\"orderby\"\n\t\tclass=\"orderby\"\n\t\t\t\t\taria-label=\"Shop order\" data-no-translation-aria-label=\"\"\n\t\t\t>\n\t\t\t\t\t<option value=\"menu_order\"  selected='selected' data-no-translation=\"\" data-trp-gettext=\"\">Default sorting<\/option>\n\t\t\t\t\t<option value=\"popularity\" data-no-translation=\"\" data-trp-gettext=\"\" >Sort by popularity<\/option>\n\t\t\t\t\t<option value=\"rating\" data-no-translation=\"\" data-trp-gettext=\"\" >Sort by average rating<\/option>\n\t\t\t\t\t<option value=\"date\" data-no-translation=\"\" data-trp-gettext=\"\" >Sort by latest<\/option>\n\t\t\t\t\t<option value=\"price\" data-no-translation=\"\" data-trp-gettext=\"\" >Sort by price: low to high<\/option>\n\t\t\t\t\t<option value=\"price-desc\" data-no-translation=\"\" data-trp-gettext=\"\" >Sort by price: high to low<\/option>\n\t\t\t<\/select>\n\t<input type=\"hidden\" name=\"paged\" value=\"1\" \/>\n\t<input type=\"hidden\" name=\"trp-form-language\" value=\"en\"\/><\/form>\n<ul class=\"products columns-3\">\n<li class=\"product type-product post-29889 status-publish first instock product_cat-hua-hin has-post-thumbnail virtual taxable purchasable product-type-simple\">\n\t<a href=\"https:\/\/lunayatravel.com\/en\/product\/siamtara-journee-a-sam-roi-yot-baie-des-dauphins\/\" class=\"woocommerce-LoopProduct-link woocommerce-loop-product__link\"><img loading=\"lazy\" decoding=\"async\" width=\"300\" height=\"300\" src=\"https:\/\/lunayatravel.com\/wp-content\/uploads\/2025\/07\/Siamtara-Tour-hua-hin-22-1024x768-1-300x300.jpg\" class=\"attachment-woocommerce_thumbnail size-woocommerce_thumbnail\" alt=\"baie des dauphins\" srcset=\"https:\/\/lunayatravel.com\/wp-content\/uploads\/2025\/07\/Siamtara-Tour-hua-hin-22-1024x768-1-300x300.jpg 300w, https:\/\/lunayatravel.com\/wp-content\/uploads\/2025\/07\/Siamtara-Tour-hua-hin-22-1024x768-1-100x100.jpg 100w, https:\/\/lunayatravel.com\/wp-content\/uploads\/2025\/07\/Siamtara-Tour-hua-hin-22-1024x768-1-150x150.jpg 150w, https:\/\/lunayatravel.com\/wp-content\/uploads\/2025\/07\/Siamtara-Tour-hua-hin-22-1024x768-1-75x75.jpg 75w\" sizes=\"auto, (max-width: 300px) 100vw, 300px\" \/><h2 class=\"woocommerce-loop-product__title\">Siamtara \u2013 Day junk cruise to Sam Roi Yot &amp; Dolphin Bay<\/h2>\n\t<span class=\"price\"><span class=\"woocommerce-Price-amount amount\"><bdi><span class=\"woocommerce-Price-currencySymbol\">\u0e3f<\/span>2,900.00<\/bdi><\/span><\/span>\n<\/a><a href=\"https:\/\/lunayatravel.com\/en\/product\/siamtara-journee-a-sam-roi-yot-baie-des-dauphins\/\" rel=\"nofollow\" class=\"button\">Select date(s)<\/a>\t<span id=\"woocommerce_loop_add_to_cart_link_describedby_29889\" class=\"screen-reader-text\">\n\t\t\t<\/span>\n<\/li>\n<li class=\"product type-product post-29876 status-publish instock product_cat-hua-hin has-post-thumbnail virtual taxable purchasable product-type-simple\">\n\t<a href=\"https:\/\/lunayatravel.com\/en\/product\/sunset-cruise-sur-la-jonque-siamtara\/\" class=\"woocommerce-LoopProduct-link woocommerce-loop-product__link\"><img loading=\"lazy\" decoding=\"async\" width=\"300\" height=\"300\" src=\"https:\/\/lunayatravel.com\/wp-content\/uploads\/2025\/07\/Siamtara-Tour-hua-hin-1-300x300.jpg\" class=\"attachment-woocommerce_thumbnail size-woocommerce_thumbnail\" alt=\"Sunset Cruise Siamtara \u2013 Croisi\u00e8re coucher de soleil \u00e0 Hua Hin\" srcset=\"https:\/\/lunayatravel.com\/wp-content\/uploads\/2025\/07\/Siamtara-Tour-hua-hin-1-300x300.jpg 300w, https:\/\/lunayatravel.com\/wp-content\/uploads\/2025\/07\/Siamtara-Tour-hua-hin-1-100x100.jpg 100w, https:\/\/lunayatravel.com\/wp-content\/uploads\/2025\/07\/Siamtara-Tour-hua-hin-1-150x150.jpg 150w, https:\/\/lunayatravel.com\/wp-content\/uploads\/2025\/07\/Siamtara-Tour-hua-hin-1-75x75.jpg 75w\" sizes=\"auto, (max-width: 300px) 100vw, 300px\" \/><h2 class=\"woocommerce-loop-product__title\">Sunset Cruise Siamtara \u2013 Sunset cruise in Hua Hin<\/h2>\n\t<span class=\"price\"><span class=\"woocommerce-Price-amount amount\"><bdi><span class=\"woocommerce-Price-currencySymbol\">\u0e3f<\/span>2,100.00<\/bdi><\/span><\/span>\n<\/a><a href=\"https:\/\/lunayatravel.com\/en\/product\/sunset-cruise-sur-la-jonque-siamtara\/\" rel=\"nofollow\" class=\"button\">Select date(s)<\/a>\t<span id=\"woocommerce_loop_add_to_cart_link_describedby_29876\" class=\"screen-reader-text\">\n\t\t\t<\/span>\n<\/li>\n<\/ul>\n<\/div>","protected":false},"excerpt":{"rendered":"","protected":false},"author":1,"featured_media":0,"parent":0,"menu_order":0,"comment_status":"closed","ping_status":"closed","template":"","meta":{"_uag_custom_page_level_css":"","footnotes":""},"class_list":["post-29874","page","type-page","status-publish"],"yoast_head":"<!-- This site is optimized with the Yoast SEO plugin v27.1.1 - https:\/\/yoast.com\/product\/yoast-seo-wordpress\/ -->\n<title>Hua Hin - Excursions et activit\u00e9s en Tha\u00eflande | Lunaya Travel<\/title>\n<meta name=\"description\" content=\"D\u00e9couvrez les meilleures excursions en Tha\u00eflande : \u00eeles, snorkeling, bateaux priv\u00e9s, retraites bien-\u00eatre et exp\u00e9riences authentiques avec Lunaya Travel.\" \/>\n<meta name=\"robots\" content=\"index, follow, max-snippet:-1, max-image-preview:large, max-video-preview:-1\" \/>\n<link rel=\"canonical\" href=\"https:\/\/lunayatravel.com\/en\/activites-hua-hin\/\" \/>\n<meta property=\"og:locale\" content=\"en_GB\" \/>\n<meta property=\"og:type\" content=\"article\" \/>\n<meta property=\"og:title\" content=\"Hua Hin - Excursions et activit\u00e9s en Tha\u00eflande | Lunaya Travel\" \/>\n<meta property=\"og:description\" content=\"D\u00e9couvrez les meilleures excursions en Tha\u00eflande : \u00eeles, snorkeling, bateaux priv\u00e9s, retraites bien-\u00eatre et exp\u00e9riences authentiques avec Lunaya Travel.\" \/>\n<meta property=\"og:url\" content=\"https:\/\/lunayatravel.com\/en\/activites-hua-hin\/\" \/>\n<meta property=\"article:publisher\" content=\"https:\/\/www.facebook.com\/lunayaTravel\/\" \/>\n<meta property=\"article:modified_time\" content=\"2025-08-01T08:03:52+00:00\" \/>\n<meta name=\"twitter:card\" content=\"summary_large_image\" \/>\n<script type=\"application\/ld+json\" class=\"yoast-schema-graph\">{\"@context\":\"https:\/\/schema.org\",\"@graph\":[{\"@type\":\"WebPage\",\"@id\":\"https:\/\/lunayatravel.com\/activites-hua-hin\/\",\"url\":\"https:\/\/lunayatravel.com\/activites-hua-hin\/\",\"name\":\"Hua Hin - Excursions et activit\u00e9s en Tha\u00eflande | Lunaya Travel\",\"isPartOf\":{\"@id\":\"https:\/\/lunayatravel.com\/#website\"},\"datePublished\":\"2025-07-21T05:50:10+00:00\",\"dateModified\":\"2025-08-01T08:03:52+00:00\",\"description\":\"D\u00e9couvrez les meilleures excursions en Tha\u00eflande : \u00eeles, snorkeling, bateaux priv\u00e9s, retraites bien-\u00eatre et exp\u00e9riences authentiques avec Lunaya Travel.\",\"breadcrumb\":{\"@id\":\"https:\/\/lunayatravel.com\/activites-hua-hin\/#breadcrumb\"},\"inLanguage\":\"en-GB\",\"potentialAction\":[{\"@type\":\"ReadAction\",\"target\":[\"https:\/\/lunayatravel.com\/activites-hua-hin\/\"]}]},{\"@type\":\"BreadcrumbList\",\"@id\":\"https:\/\/lunayatravel.com\/activites-hua-hin\/#breadcrumb\",\"itemListElement\":[{\"@type\":\"ListItem\",\"position\":1,\"name\":\"Accueil\",\"item\":\"https:\/\/lunayatravel.com\/\"},{\"@type\":\"ListItem\",\"position\":2,\"name\":\"Hua Hin\"}]},{\"@type\":\"WebSite\",\"@id\":\"https:\/\/lunayatravel.com\/#website\",\"url\":\"https:\/\/lunayatravel.com\/\",\"name\":\"\",\"description\":\"\",\"publisher\":{\"@id\":\"https:\/\/lunayatravel.com\/#organization\"},\"potentialAction\":[{\"@type\":\"SearchAction\",\"target\":{\"@type\":\"EntryPoint\",\"urlTemplate\":\"https:\/\/lunayatravel.com\/?s={search_term_string}\"},\"query-input\":{\"@type\":\"PropertyValueSpecification\",\"valueRequired\":true,\"valueName\":\"search_term_string\"}}],\"inLanguage\":\"en-GB\"},{\"@type\":\"Organization\",\"@id\":\"https:\/\/lunayatravel.com\/#organization\",\"name\":\"Lunaya travel\",\"alternateName\":\"Lunaya travel\",\"url\":\"https:\/\/lunayatravel.com\/\",\"logo\":{\"@type\":\"ImageObject\",\"inLanguage\":\"en-GB\",\"@id\":\"https:\/\/lunayatravel.com\/#\/schema\/logo\/image\/\",\"url\":\"https:\/\/lunayatravel.com\/wp-content\/uploads\/2026\/03\/cropped-647319118_2379115739204013_337015058165053143_n.jpg\",\"contentUrl\":\"https:\/\/lunayatravel.com\/wp-content\/uploads\/2026\/03\/cropped-647319118_2379115739204013_337015058165053143_n.jpg\",\"width\":1022,\"height\":1023,\"caption\":\"Lunaya travel\"},\"image\":{\"@id\":\"https:\/\/lunayatravel.com\/#\/schema\/logo\/image\/\"},\"sameAs\":[\"https:\/\/www.facebook.com\/lunayaTravel\/\"]}]}<\/script>\n<!-- \/ Yoast SEO plugin. -->","yoast_head_json":{"title":"Hua Hin - Excursions et activit\u00e9s en Tha\u00eflande | Lunaya Travel","description":"D\u00e9couvrez les meilleures excursions en Tha\u00eflande : \u00eeles, snorkeling, bateaux priv\u00e9s, retraites bien-\u00eatre et exp\u00e9riences authentiques avec Lunaya Travel.","robots":{"index":"index","follow":"follow","max-snippet":"max-snippet:-1","max-image-preview":"max-image-preview:large","max-video-preview":"max-video-preview:-1"},"canonical":"https:\/\/lunayatravel.com\/en\/activites-hua-hin\/","og_locale":"en_GB","og_type":"article","og_title":"Hua Hin - Excursions et activit\u00e9s en Tha\u00eflande | Lunaya Travel","og_description":"D\u00e9couvrez les meilleures excursions en Tha\u00eflande : \u00eeles, snorkeling, bateaux priv\u00e9s, retraites bien-\u00eatre et exp\u00e9riences authentiques avec Lunaya Travel.","og_url":"https:\/\/lunayatravel.com\/en\/activites-hua-hin\/","article_publisher":"https:\/\/www.facebook.com\/lunayaTravel\/","article_modified_time":"2025-08-01T08:03:52+00:00","twitter_card":"summary_large_image","schema":{"@context":"https:\/\/schema.org","@graph":[{"@type":"WebPage","@id":"https:\/\/lunayatravel.com\/activites-hua-hin\/","url":"https:\/\/lunayatravel.com\/activites-hua-hin\/","name":"Hua Hin - Excursions et activit\u00e9s en Tha\u00eflande | Lunaya Travel","isPartOf":{"@id":"https:\/\/lunayatravel.com\/#website"},"datePublished":"2025-07-21T05:50:10+00:00","dateModified":"2025-08-01T08:03:52+00:00","description":"D\u00e9couvrez les meilleures excursions en Tha\u00eflande : \u00eeles, snorkeling, bateaux priv\u00e9s, retraites bien-\u00eatre et exp\u00e9riences authentiques avec Lunaya Travel.","breadcrumb":{"@id":"https:\/\/lunayatravel.com\/activites-hua-hin\/#breadcrumb"},"inLanguage":"en-GB","potentialAction":[{"@type":"ReadAction","target":["https:\/\/lunayatravel.com\/activites-hua-hin\/"]}]},{"@type":"BreadcrumbList","@id":"https:\/\/lunayatravel.com\/activites-hua-hin\/#breadcrumb","itemListElement":[{"@type":"ListItem","position":1,"name":"Accueil","item":"https:\/\/lunayatravel.com\/"},{"@type":"ListItem","position":2,"name":"Hua Hin"}]},{"@type":"WebSite","@id":"https:\/\/lunayatravel.com\/#website","url":"https:\/\/lunayatravel.com\/","name":"","description":"","publisher":{"@id":"https:\/\/lunayatravel.com\/#organization"},"potentialAction":[{"@type":"SearchAction","target":{"@type":"EntryPoint","urlTemplate":"https:\/\/lunayatravel.com\/?s={search_term_string}"},"query-input":{"@type":"PropertyValueSpecification","valueRequired":true,"valueName":"search_term_string"}}],"inLanguage":"en-GB"},{"@type":"Organization","@id":"https:\/\/lunayatravel.com\/#organization","name":"Lunaya travel","alternateName":"Lunaya travel","url":"https:\/\/lunayatravel.com\/","logo":{"@type":"ImageObject","inLanguage":"en-GB","@id":"https:\/\/lunayatravel.com\/#\/schema\/logo\/image\/","url":"https:\/\/lunayatravel.com\/wp-content\/uploads\/2026\/03\/cropped-647319118_2379115739204013_337015058165053143_n.jpg","contentUrl":"https:\/\/lunayatravel.com\/wp-content\/uploads\/2026\/03\/cropped-647319118_2379115739204013_337015058165053143_n.jpg","width":1022,"height":1023,"caption":"Lunaya travel"},"image":{"@id":"https:\/\/lunayatravel.com\/#\/schema\/logo\/image\/"},"sameAs":["https:\/\/www.facebook.com\/lunayaTravel\/"]}]}},"uagb_featured_image_src":{"full":false,"thumbnail":false,"medium":false,"medium_large":false,"large":false,"1536x1536":false,"2048x2048":false,"trp-custom-language-flag":false,"widget-thumbnail":false,"mailpoet_newsletter_max":false,"woocommerce_thumbnail":false,"woocommerce_single":false,"woocommerce_gallery_thumbnail":false,"sow-carousel-default":false},"uagb_author_info":{"display_name":"haemers stephanie","author_link":"https:\/\/lunayatravel.com\/en\/author\/haemers-stephanie\/"},"uagb_comment_info":0,"uagb_excerpt":null,"jetpack_sharing_enabled":true,"_links":{"self":[{"href":"https:\/\/lunayatravel.com\/en\/wp-json\/wp\/v2\/pages\/29874","targetHints":{"allow":["GET"]}}],"collection":[{"href":"https:\/\/lunayatravel.com\/en\/wp-json\/wp\/v2\/pages"}],"about":[{"href":"https:\/\/lunayatravel.com\/en\/wp-json\/wp\/v2\/types\/page"}],"author":[{"embeddable":true,"href":"https:\/\/lunayatravel.com\/en\/wp-json\/wp\/v2\/users\/1"}],"replies":[{"embeddable":true,"href":"https:\/\/lunayatravel.com\/en\/wp-json\/wp\/v2\/comments?post=29874"}],"version-history":[{"count":6,"href":"https:\/\/lunayatravel.com\/en\/wp-json\/wp\/v2\/pages\/29874\/revisions"}],"predecessor-version":[{"id":30472,"href":"https:\/\/lunayatravel.com\/en\/wp-json\/wp\/v2\/pages\/29874\/revisions\/30472"}],"wp:attachment":[{"href":"https:\/\/lunayatravel.com\/en\/wp-json\/wp\/v2\/media?parent=29874"}],"curies":[{"name":"wp","href":"https:\/\/api.w.org\/{rel}","templated":true}]}}